{"id":9362,"date":"2024-02-15T12:32:33","date_gmt":"2024-02-15T11:32:33","guid":{"rendered":"https:\/\/www.ramamotori.it\/unterstuetzung\/"},"modified":"2025-08-04T16:20:54","modified_gmt":"2025-08-04T14:20:54","slug":"kundendienst","status":"publish","type":"page","link":"https:\/\/www.ramamotori.it\/de\/kundendienst\/","title":{"rendered":"Kundendienst"},"content":{"rendered":"<div class=\"wpb-content-wrapper\"><p>[vc_row bg_type=&#8220;color&#8220; header_feature=&#8220;yes&#8220; padding_top=&#8220;5%&#8220; margin_bottom=&#8220;0&#8243; bg_color=&#8220;#ededed&#8220;][vc_column][vc_column_text]<\/p>\n<h2>Maximale Effizienz.<\/h2>\n<p>[\/vc_column_text][vc_row_inner][vc_column_inner width=&#8220;1\/2&#8243;][vc_column_text]F\u00fcr Rama Motori bedeutet die Lieferung eines Motors die Verpflichtung, seine maximale Effizienz und Zuverl\u00e4ssigkeit \u00fcber einen langen Zeitraum zu gew\u00e4hrleisten. Unsere Service-Abteilung unterst\u00fctzt die Kunden in dieser Hinsicht, indem sie regelm\u00e4\u00dfige Inspektionen und planm\u00e4\u00dfige Wartungen anregt und bei Bedarf direkt mit einem schnellen und zuverl\u00e4ssigen Reparaturservice eingreift, um Ausfallzeiten m\u00f6glichst gering zu halten.[\/vc_column_text][\/vc_column_inner][vc_column_inner width=&#8220;1\/2&#8243;][vc_column_text]Wir setzen die neueste Generation von Diagnoseger\u00e4ten ein, um Motorprobleme schnell zu erkennen, und k\u00f6nnen bei Bedarf auf unsere Ersatzteilabteilung zur\u00fcckgreifen, um Originalteile zu identifizieren und schnell zu liefern. Unseren Service in Anspruch zu nehmen bedeutet sich f\u00fcr einen Partner zu entscheiden, der wei\u00df wie wichtig die Kontinuit\u00e4t und Leistung von Industriemaschinen in einem Betriebsablauf ist.[\/vc_column_text][\/vc_column_inner][\/vc_row_inner][\/vc_column][\/vc_row][vc_row heading_color=&#8220;light&#8220; bg_type=&#8220;color&#8220; padding_top=&#8220;5%&#8220; padding_bottom=&#8220;5%&#8220; margin_bottom=&#8220;0&#8243; bg_color=&#8220;#ededed&#8220;][vc_column width=&#8220;1\/3&#8243;]<div class=\"grve-element grve-image grve-align-center\" style=\"\"><img loading=\"lazy\" decoding=\"async\" width=\"671\" height=\"395\" src=\"https:\/\/www.ramamotori.it\/wp-content\/uploads\/2024\/05\/ramamotori-assistenza-1.png\" class=\"grve-full-image attachment-full size-full\" alt=\"\" srcset=\"https:\/\/www.ramamotori.it\/wp-content\/uploads\/2024\/05\/ramamotori-assistenza-1.png 671w, https:\/\/www.ramamotori.it\/wp-content\/uploads\/2024\/05\/ramamotori-assistenza-1-300x177.png 300w, https:\/\/www.ramamotori.it\/wp-content\/uploads\/2024\/05\/ramamotori-assistenza-1-600x353.png 600w\" sizes=\"auto, (max-width: 671px) 100vw, 671px\" \/><\/div>[vc_empty_space][\/vc_column][vc_column width=&#8220;1\/3&#8243;]<div class=\"grve-element grve-image grve-align-center\" style=\"\"><img loading=\"lazy\" decoding=\"async\" width=\"672\" height=\"395\" src=\"https:\/\/www.ramamotori.it\/wp-content\/uploads\/2024\/05\/ramamotori-assistenza-2.png\" class=\"grve-full-image attachment-full size-full\" alt=\"\" srcset=\"https:\/\/www.ramamotori.it\/wp-content\/uploads\/2024\/05\/ramamotori-assistenza-2.png 672w, https:\/\/www.ramamotori.it\/wp-content\/uploads\/2024\/05\/ramamotori-assistenza-2-300x176.png 300w, https:\/\/www.ramamotori.it\/wp-content\/uploads\/2024\/05\/ramamotori-assistenza-2-600x353.png 600w\" sizes=\"auto, (max-width: 672px) 100vw, 672px\" \/><\/div>[vc_empty_space][\/vc_column][vc_column width=&#8220;1\/3&#8243;]<div class=\"grve-element grve-image grve-align-center\" style=\"\"><img loading=\"lazy\" decoding=\"async\" width=\"576\" height=\"340\" src=\"https:\/\/www.ramamotori.it\/wp-content\/uploads\/2024\/05\/rama-motori-servizi-progettazione-2.png\" class=\"grve-full-image attachment-full size-full\" alt=\"\" srcset=\"https:\/\/www.ramamotori.it\/wp-content\/uploads\/2024\/05\/rama-motori-servizi-progettazione-2.png 576w, https:\/\/www.ramamotori.it\/wp-content\/uploads\/2024\/05\/rama-motori-servizi-progettazione-2-300x177.png 300w\" sizes=\"auto, (max-width: 576px) 100vw, 576px\" \/><\/div>[vc_empty_space][\/vc_column][\/vc_row][vc_row padding_top=&#8220;5%&#8220; padding_bottom=&#8220;10%&#8220; margin_bottom=&#8220;0&#8243; section_id=&#8220;assistenza&#8220;][vc_column width=&#8220;1\/3&#8243;][vc_column_text]<img loading=\"lazy\" decoding=\"async\" class=\"alignnone wp-image-137\" src=\"https:\/\/www.ramamotori.it\/wp-content\/uploads\/2024\/02\/pictogram-color-text.png\" alt=\"\" width=\"478\" height=\"53\" \/>[\/vc_column_text][vc_column_text]<\/p>\n<h2>Servicezentren.<\/h2>\n<p>[\/vc_column_text][vc_column_text text_style=&#8220;leader-text&#8220;]W\u00e4hlen Sie die Marke und finden Sie das n\u00e4chstgelegene Service-Center.<br \/>\n[\/vc_column_text][vc_empty_space][\/vc_column][vc_column width=&#8220;2\/3&#8243;][vc_row_inner][vc_column_inner width=&#8220;1\/3&#8243;]<div class=\"grve-element grve-image grve-align-center\" style=\"\"><a href=\"https:\/\/www.ramamotori.it\/de\/kundendienst\/john-deere-service\/\" target=\"_self\" class=\" \"><img loading=\"lazy\" decoding=\"async\" width=\"600\" height=\"300\" src=\"https:\/\/www.ramamotori.it\/wp-content\/uploads\/2024\/02\/rama-motori-brands-john-deere.jpg\" class=\"attachment-full size-full\" alt=\"Logo John Deere\" srcset=\"https:\/\/www.ramamotori.it\/wp-content\/uploads\/2024\/02\/rama-motori-brands-john-deere.jpg 600w, https:\/\/www.ramamotori.it\/wp-content\/uploads\/2024\/02\/rama-motori-brands-john-deere-300x150.jpg 300w\" sizes=\"auto, (max-width: 600px) 100vw, 600px\" \/><\/a><\/div>[\/vc_column_inner][vc_column_inner width=&#8220;1\/3&#8243;]<div class=\"grve-element grve-image grve-align-center\" style=\"\"><a href=\"https:\/\/www.ramamotori.it\/de\/kundendienst\/kawasaki-service\/\" target=\"_self\" class=\" \"><img loading=\"lazy\" decoding=\"async\" width=\"600\" height=\"300\" src=\"https:\/\/www.ramamotori.it\/wp-content\/uploads\/2024\/02\/rama-motori-brands-kawasaki-engines.jpg\" class=\"attachment-full size-full\" alt=\"Logo Kawasaki\" srcset=\"https:\/\/www.ramamotori.it\/wp-content\/uploads\/2024\/02\/rama-motori-brands-kawasaki-engines.jpg 600w, https:\/\/www.ramamotori.it\/wp-content\/uploads\/2024\/02\/rama-motori-brands-kawasaki-engines-300x150.jpg 300w\" sizes=\"auto, (max-width: 600px) 100vw, 600px\" \/><\/a><\/div>[\/vc_column_inner][vc_column_inner width=&#8220;1\/3&#8243;]<div class=\"grve-element grve-image grve-align-center\" style=\"\"><a href=\"https:\/\/www.ramamotori.it\/de\/kundendienst\/psi-service\/\" target=\"_self\" class=\" \"><img loading=\"lazy\" decoding=\"async\" width=\"600\" height=\"300\" src=\"https:\/\/www.ramamotori.it\/wp-content\/uploads\/2024\/02\/rama-motori-power-solutions-international.jpg\" class=\"attachment-full size-full\" alt=\"Logo PSI Power Solutions International\" srcset=\"https:\/\/www.ramamotori.it\/wp-content\/uploads\/2024\/02\/rama-motori-power-solutions-international.jpg 600w, https:\/\/www.ramamotori.it\/wp-content\/uploads\/2024\/02\/rama-motori-power-solutions-international-300x150.jpg 300w\" sizes=\"auto, (max-width: 600px) 100vw, 600px\" \/><\/a><\/div>[\/vc_column_inner][\/vc_row_inner][vc_row_inner][vc_column_inner width=&#8220;1\/3&#8243;]<div class=\"grve-element grve-image grve-align-center\" style=\"\"><a href=\"https:\/\/www.ramamotori.it\/de\/kundendienst\/tedom-service\/\" target=\"_self\" class=\" \"><img loading=\"lazy\" decoding=\"async\" width=\"600\" height=\"300\" src=\"https:\/\/www.ramamotori.it\/wp-content\/uploads\/2024\/02\/rama-motori-brands_tedom.jpg?ver=1715607914\" class=\"attachment-full size-full\" alt=\"Logo Tedom\" srcset=\"https:\/\/www.ramamotori.it\/wp-content\/uploads\/2024\/02\/rama-motori-brands_tedom.jpg 600w, https:\/\/www.ramamotori.it\/wp-content\/uploads\/2024\/02\/rama-motori-brands_tedom-300x150.jpg 300w\" sizes=\"auto, (max-width: 600px) 100vw, 600px\" \/><\/a><\/div>[\/vc_column_inner][vc_column_inner width=&#8220;1\/3&#8243;]<div class=\"grve-element grve-image grve-align-center\" style=\"\"><a href=\"https:\/\/www.ramamotori.it\/de\/kundendienst\/hydro-gear-service\/\" target=\"_self\" class=\" \"><img loading=\"lazy\" decoding=\"async\" width=\"600\" height=\"300\" src=\"https:\/\/www.ramamotori.it\/wp-content\/uploads\/2024\/02\/rama-motori-brands-hydro-gear.jpg\" class=\"attachment-full size-full\" alt=\"Logo Hydro-Gear\" srcset=\"https:\/\/www.ramamotori.it\/wp-content\/uploads\/2024\/02\/rama-motori-brands-hydro-gear.jpg 600w, https:\/\/www.ramamotori.it\/wp-content\/uploads\/2024\/02\/rama-motori-brands-hydro-gear-300x150.jpg 300w\" sizes=\"auto, (max-width: 600px) 100vw, 600px\" \/><\/a><\/div>[\/vc_column_inner][vc_column_inner width=&#8220;1\/3&#8243;][\/vc_column_inner][\/vc_row_inner][vc_empty_space height=&#8220;90px&#8220;][vc_row_inner][vc_column_inner width=&#8220;1\/3&#8243;]<div class=\"grve-element grve-image grve-align-center\" style=\"\"><a href=\"https:\/\/www.ramamotori.it\/de\/kundendienst\/john-deere-marine-power-service\/\" target=\"_self\" class=\" \"><img loading=\"lazy\" decoding=\"async\" width=\"600\" height=\"300\" src=\"https:\/\/www.ramamotori.it\/wp-content\/uploads\/2024\/02\/rama-motori-brands-john-deere-marine-power.jpg\" class=\"attachment-full size-full\" alt=\"Logo John Deere Marine\" srcset=\"https:\/\/www.ramamotori.it\/wp-content\/uploads\/2024\/02\/rama-motori-brands-john-deere-marine-power.jpg 600w, https:\/\/www.ramamotori.it\/wp-content\/uploads\/2024\/02\/rama-motori-brands-john-deere-marine-power-300x150.jpg 300w\" sizes=\"auto, (max-width: 600px) 100vw, 600px\" \/><\/a><\/div>[\/vc_column_inner][vc_column_inner width=&#8220;1\/3&#8243;]<div class=\"grve-element grve-image grve-align-center\" style=\"\"><a href=\"https:\/\/www.ramamotori.it\/de\/kundendienst\/oxe-diesel-service\/\" target=\"_self\" class=\" \"><img loading=\"lazy\" decoding=\"async\" width=\"600\" height=\"300\" src=\"https:\/\/www.ramamotori.it\/wp-content\/uploads\/2024\/02\/rama-motori-brands-oxe.jpg\" class=\"attachment-full size-full\" alt=\"Logo Oxe Diesel\" srcset=\"https:\/\/www.ramamotori.it\/wp-content\/uploads\/2024\/02\/rama-motori-brands-oxe.jpg 600w, https:\/\/www.ramamotori.it\/wp-content\/uploads\/2024\/02\/rama-motori-brands-oxe-300x150.jpg 300w\" sizes=\"auto, (max-width: 600px) 100vw, 600px\" \/><\/a><\/div>[\/vc_column_inner][vc_column_inner width=&#8220;1\/3&#8243;]<div class=\"grve-element grve-image grve-align-center\" style=\"\"><a href=\"https:\/\/www.ramamotori.it\/de\/kundendienst\/lombardini-marine-service\/\" target=\"_self\" class=\" \"><img loading=\"lazy\" decoding=\"async\" width=\"300\" height=\"150\" src=\"https:\/\/www.ramamotori.it\/wp-content\/uploads\/2025\/03\/Rehlko_Lombardini-Marine-600-x-300-px-2.png\" class=\"attachment-full size-full\" alt=\"Logo Lombardini Marine\" \/><\/a><\/div>[\/vc_column_inner][\/vc_row_inner][\/vc_column][\/vc_row][vc_row heading_color=&#8220;light&#8220; bg_type=&#8220;image&#8220; bg_image=&#8220;6194&#8243; bg_image_type=&#8220;parallax&#8220; footer_feature=&#8220;yes&#8220; padding_top=&#8220;10%&#8220; padding_bottom=&#8220;10%&#8220; margin_bottom=&#8220;0&#8243;][vc_column][vc_column_text]<\/p>\n<h1 style=\"text-align: center;\">M\u00f6chten Sie unsere Service-Abteilung kontaktieren?<\/h1>\n<p>[\/vc_column_text][vc_column_text text_style=&#8220;leader-text&#8220; el_class=&#8220;negativo&#8220;][\/vc_column_text][vc_empty_space]<div class=\"grve-element grve-align-center\"><a href=\"https:\/\/www.ramamotori.it\/contatti\/\" title=\"Produkte\" class=\"grve-btn grve-btn-small grve-extra-round grve-bg-white grve-bg-hover-primary-1\"><span><i class=\"fas fa-chevron-circle-right\"><\/i>Kontakt<\/span><\/a><\/div>[vc_empty_space][\/vc_column][\/vc_row]<\/p>\n<\/div>","protected":false},"excerpt":{"rendered":"<p>[vc_row bg_type=&#8220;color&#8220; header_feature=&#8220;yes&#8220; padding_top=&#8220;5%&#8220; margin_bottom=&#8220;0&#8243; bg_color=&#8220;#ededed&#8220;][vc_column][vc_column_text] Maximale Effizienz. [\/vc_column_text][vc_row_inner][vc_column_inner width=&#8220;1\/2&#8243;][vc_column_text]F\u00fcr Rama Motori bedeutet die Lieferung eines Motors die Verpflichtung, seine maximale Effizienz und Zuverl\u00e4ssigkeit \u00fcber einen langen Zeitraum zu gew\u00e4hrleisten. Unsere Service-Abteilung unterst\u00fctzt die Kunden in dieser Hinsicht, indem sie regelm\u00e4\u00dfige Inspektionen und planm\u00e4\u00dfige Wartungen anregt und bei Bedarf direkt mit einem schnellen und zuverl\u00e4ssigen [&hellip;]<\/p>\n","protected":false},"author":1,"featured_media":9364,"parent":0,"menu_order":0,"comment_status":"closed","ping_status":"closed","template":"","meta":{"footnotes":"","_links_to":"","_links_to_target":""},"folder":[1122],"class_list":["post-9362","page","type-page","status-publish","has-post-thumbnail","hentry"],"yoast_head":"<!-- This site is optimized with the Yoast SEO plugin v27.5 - https:\/\/yoast.com\/product\/yoast-seo-wordpress\/ -->\n<title>Kundendienst - Rama Motori<\/title>\n<meta name=\"description\" content=\"Ein Team hochqualifizierter und erfahrener Service-Techniker steht Ihnen zur Verf\u00fcgung, um Ihre Motoren stets in einwandfreiem Zustand zu halten.\" \/>\n<meta name=\"robots\" content=\"index, follow, max-snippet:-1, max-image-preview:large, max-video-preview:-1\" \/>\n<link rel=\"canonical\" href=\"https:\/\/www.ramamotori.it\/de\/kundendienst\/\" \/>\n<meta property=\"og:locale\" content=\"de_DE\" \/>\n<meta property=\"og:type\" content=\"article\" \/>\n<meta property=\"og:title\" content=\"Kundendienst - Rama Motori\" \/>\n<meta property=\"og:description\" content=\"Ein Team hochqualifizierter und erfahrener Service-Techniker steht Ihnen zur Verf\u00fcgung, um Ihre Motoren stets in einwandfreiem Zustand zu halten.\" \/>\n<meta property=\"og:url\" content=\"https:\/\/www.ramamotori.it\/de\/kundendienst\/\" \/>\n<meta property=\"og:site_name\" content=\"Rama Motori\" \/>\n<meta property=\"article:publisher\" content=\"https:\/\/www.facebook.com\/ramamotori\/\" \/>\n<meta property=\"article:modified_time\" content=\"2025-08-04T14:20:54+00:00\" \/>\n<meta property=\"og:image\" content=\"https:\/\/www.ramamotori.it\/wp-content\/uploads\/2024\/05\/rama-motori-assistenza-cover-3.jpg\" \/>\n\t<meta property=\"og:image:width\" content=\"1920\" \/>\n\t<meta property=\"og:image:height\" content=\"1080\" \/>\n\t<meta property=\"og:image:type\" content=\"image\/jpeg\" \/>\n<meta name=\"twitter:card\" content=\"summary_large_image\" \/>\n<meta name=\"twitter:label1\" content=\"Gesch\u00e4tzte Lesezeit\" \/>\n\t<meta name=\"twitter:data1\" content=\"2\u00a0Minuten\" \/>\n<script type=\"application\/ld+json\" class=\"yoast-schema-graph\">{\"@context\":\"https:\\\/\\\/schema.org\",\"@graph\":[{\"@type\":\"WebPage\",\"@id\":\"https:\\\/\\\/www.ramamotori.it\\\/de\\\/kundendienst\\\/\",\"url\":\"https:\\\/\\\/www.ramamotori.it\\\/de\\\/kundendienst\\\/\",\"name\":\"Kundendienst - Rama Motori\",\"isPartOf\":{\"@id\":\"https:\\\/\\\/www.ramamotori.it\\\/de\\\/#website\"},\"primaryImageOfPage\":{\"@id\":\"https:\\\/\\\/www.ramamotori.it\\\/de\\\/kundendienst\\\/#primaryimage\"},\"image\":{\"@id\":\"https:\\\/\\\/www.ramamotori.it\\\/de\\\/kundendienst\\\/#primaryimage\"},\"thumbnailUrl\":\"https:\\\/\\\/www.ramamotori.it\\\/wp-content\\\/uploads\\\/2024\\\/05\\\/rama-motori-assistenza-cover-3.jpg\",\"datePublished\":\"2024-02-15T11:32:33+00:00\",\"dateModified\":\"2025-08-04T14:20:54+00:00\",\"description\":\"Ein Team hochqualifizierter und erfahrener Service-Techniker steht Ihnen zur Verf\u00fcgung, um Ihre Motoren stets in einwandfreiem Zustand zu halten.\",\"breadcrumb\":{\"@id\":\"https:\\\/\\\/www.ramamotori.it\\\/de\\\/kundendienst\\\/#breadcrumb\"},\"inLanguage\":\"de\",\"potentialAction\":[{\"@type\":\"ReadAction\",\"target\":[\"https:\\\/\\\/www.ramamotori.it\\\/de\\\/kundendienst\\\/\"]}]},{\"@type\":\"ImageObject\",\"inLanguage\":\"de\",\"@id\":\"https:\\\/\\\/www.ramamotori.it\\\/de\\\/kundendienst\\\/#primaryimage\",\"url\":\"https:\\\/\\\/www.ramamotori.it\\\/wp-content\\\/uploads\\\/2024\\\/05\\\/rama-motori-assistenza-cover-3.jpg\",\"contentUrl\":\"https:\\\/\\\/www.ramamotori.it\\\/wp-content\\\/uploads\\\/2024\\\/05\\\/rama-motori-assistenza-cover-3.jpg\",\"width\":1920,\"height\":1080},{\"@type\":\"BreadcrumbList\",\"@id\":\"https:\\\/\\\/www.ramamotori.it\\\/de\\\/kundendienst\\\/#breadcrumb\",\"itemListElement\":[{\"@type\":\"ListItem\",\"position\":1,\"name\":\"Home\",\"item\":\"https:\\\/\\\/www.ramamotori.it\\\/de\\\/\"},{\"@type\":\"ListItem\",\"position\":2,\"name\":\"Kundendienst\"}]},{\"@type\":\"WebSite\",\"@id\":\"https:\\\/\\\/www.ramamotori.it\\\/de\\\/#website\",\"url\":\"https:\\\/\\\/www.ramamotori.it\\\/de\\\/\",\"name\":\"Rama Motori\",\"description\":\"\",\"publisher\":{\"@id\":\"https:\\\/\\\/www.ramamotori.it\\\/de\\\/#organization\"},\"potentialAction\":[{\"@type\":\"SearchAction\",\"target\":{\"@type\":\"EntryPoint\",\"urlTemplate\":\"https:\\\/\\\/www.ramamotori.it\\\/de\\\/?s={search_term_string}\"},\"query-input\":{\"@type\":\"PropertyValueSpecification\",\"valueRequired\":true,\"valueName\":\"search_term_string\"}}],\"inLanguage\":\"de\"},{\"@type\":\"Organization\",\"@id\":\"https:\\\/\\\/www.ramamotori.it\\\/de\\\/#organization\",\"name\":\"Rama Motori\",\"url\":\"https:\\\/\\\/www.ramamotori.it\\\/de\\\/\",\"logo\":{\"@type\":\"ImageObject\",\"inLanguage\":\"de\",\"@id\":\"https:\\\/\\\/www.ramamotori.it\\\/de\\\/#\\\/schema\\\/logo\\\/image\\\/\",\"url\":\"https:\\\/\\\/www.ramamotori.it\\\/wp-content\\\/uploads\\\/2024\\\/02\\\/rama-motori-logo-margin.png\",\"contentUrl\":\"https:\\\/\\\/www.ramamotori.it\\\/wp-content\\\/uploads\\\/2024\\\/02\\\/rama-motori-logo-margin.png\",\"width\":640,\"height\":240,\"caption\":\"Rama Motori\"},\"image\":{\"@id\":\"https:\\\/\\\/www.ramamotori.it\\\/de\\\/#\\\/schema\\\/logo\\\/image\\\/\"},\"sameAs\":[\"https:\\\/\\\/www.facebook.com\\\/ramamotori\\\/\",\"https:\\\/\\\/www.linkedin.com\\\/company\\\/rama-motori\\\/\"]}]}<\/script>\n<!-- \/ Yoast SEO plugin. -->","yoast_head_json":{"title":"Kundendienst - Rama Motori","description":"Ein Team hochqualifizierter und erfahrener Service-Techniker steht Ihnen zur Verf\u00fcgung, um Ihre Motoren stets in einwandfreiem Zustand zu halten.","robots":{"index":"index","follow":"follow","max-snippet":"max-snippet:-1","max-image-preview":"max-image-preview:large","max-video-preview":"max-video-preview:-1"},"canonical":"https:\/\/www.ramamotori.it\/de\/kundendienst\/","og_locale":"de_DE","og_type":"article","og_title":"Kundendienst - Rama Motori","og_description":"Ein Team hochqualifizierter und erfahrener Service-Techniker steht Ihnen zur Verf\u00fcgung, um Ihre Motoren stets in einwandfreiem Zustand zu halten.","og_url":"https:\/\/www.ramamotori.it\/de\/kundendienst\/","og_site_name":"Rama Motori","article_publisher":"https:\/\/www.facebook.com\/ramamotori\/","article_modified_time":"2025-08-04T14:20:54+00:00","og_image":[{"width":1920,"height":1080,"url":"https:\/\/www.ramamotori.it\/wp-content\/uploads\/2024\/05\/rama-motori-assistenza-cover-3.jpg","type":"image\/jpeg"}],"twitter_card":"summary_large_image","twitter_misc":{"Gesch\u00e4tzte Lesezeit":"2\u00a0Minuten"},"schema":{"@context":"https:\/\/schema.org","@graph":[{"@type":"WebPage","@id":"https:\/\/www.ramamotori.it\/de\/kundendienst\/","url":"https:\/\/www.ramamotori.it\/de\/kundendienst\/","name":"Kundendienst - Rama Motori","isPartOf":{"@id":"https:\/\/www.ramamotori.it\/de\/#website"},"primaryImageOfPage":{"@id":"https:\/\/www.ramamotori.it\/de\/kundendienst\/#primaryimage"},"image":{"@id":"https:\/\/www.ramamotori.it\/de\/kundendienst\/#primaryimage"},"thumbnailUrl":"https:\/\/www.ramamotori.it\/wp-content\/uploads\/2024\/05\/rama-motori-assistenza-cover-3.jpg","datePublished":"2024-02-15T11:32:33+00:00","dateModified":"2025-08-04T14:20:54+00:00","description":"Ein Team hochqualifizierter und erfahrener Service-Techniker steht Ihnen zur Verf\u00fcgung, um Ihre Motoren stets in einwandfreiem Zustand zu halten.","breadcrumb":{"@id":"https:\/\/www.ramamotori.it\/de\/kundendienst\/#breadcrumb"},"inLanguage":"de","potentialAction":[{"@type":"ReadAction","target":["https:\/\/www.ramamotori.it\/de\/kundendienst\/"]}]},{"@type":"ImageObject","inLanguage":"de","@id":"https:\/\/www.ramamotori.it\/de\/kundendienst\/#primaryimage","url":"https:\/\/www.ramamotori.it\/wp-content\/uploads\/2024\/05\/rama-motori-assistenza-cover-3.jpg","contentUrl":"https:\/\/www.ramamotori.it\/wp-content\/uploads\/2024\/05\/rama-motori-assistenza-cover-3.jpg","width":1920,"height":1080},{"@type":"BreadcrumbList","@id":"https:\/\/www.ramamotori.it\/de\/kundendienst\/#breadcrumb","itemListElement":[{"@type":"ListItem","position":1,"name":"Home","item":"https:\/\/www.ramamotori.it\/de\/"},{"@type":"ListItem","position":2,"name":"Kundendienst"}]},{"@type":"WebSite","@id":"https:\/\/www.ramamotori.it\/de\/#website","url":"https:\/\/www.ramamotori.it\/de\/","name":"Rama Motori","description":"","publisher":{"@id":"https:\/\/www.ramamotori.it\/de\/#organization"},"potentialAction":[{"@type":"SearchAction","target":{"@type":"EntryPoint","urlTemplate":"https:\/\/www.ramamotori.it\/de\/?s={search_term_string}"},"query-input":{"@type":"PropertyValueSpecification","valueRequired":true,"valueName":"search_term_string"}}],"inLanguage":"de"},{"@type":"Organization","@id":"https:\/\/www.ramamotori.it\/de\/#organization","name":"Rama Motori","url":"https:\/\/www.ramamotori.it\/de\/","logo":{"@type":"ImageObject","inLanguage":"de","@id":"https:\/\/www.ramamotori.it\/de\/#\/schema\/logo\/image\/","url":"https:\/\/www.ramamotori.it\/wp-content\/uploads\/2024\/02\/rama-motori-logo-margin.png","contentUrl":"https:\/\/www.ramamotori.it\/wp-content\/uploads\/2024\/02\/rama-motori-logo-margin.png","width":640,"height":240,"caption":"Rama Motori"},"image":{"@id":"https:\/\/www.ramamotori.it\/de\/#\/schema\/logo\/image\/"},"sameAs":["https:\/\/www.facebook.com\/ramamotori\/","https:\/\/www.linkedin.com\/company\/rama-motori\/"]}]}},"_links":{"self":[{"href":"https:\/\/www.ramamotori.it\/de\/wp-json\/wp\/v2\/pages\/9362","targetHints":{"allow":["GET"]}}],"collection":[{"href":"https:\/\/www.ramamotori.it\/de\/wp-json\/wp\/v2\/pages"}],"about":[{"href":"https:\/\/www.ramamotori.it\/de\/wp-json\/wp\/v2\/types\/page"}],"author":[{"embeddable":true,"href":"https:\/\/www.ramamotori.it\/de\/wp-json\/wp\/v2\/users\/1"}],"replies":[{"embeddable":true,"href":"https:\/\/www.ramamotori.it\/de\/wp-json\/wp\/v2\/comments?post=9362"}],"version-history":[{"count":11,"href":"https:\/\/www.ramamotori.it\/de\/wp-json\/wp\/v2\/pages\/9362\/revisions"}],"predecessor-version":[{"id":12114,"href":"https:\/\/www.ramamotori.it\/de\/wp-json\/wp\/v2\/pages\/9362\/revisions\/12114"}],"wp:featuredmedia":[{"embeddable":true,"href":"https:\/\/www.ramamotori.it\/de\/wp-json\/wp\/v2\/media\/9364"}],"wp:attachment":[{"href":"https:\/\/www.ramamotori.it\/de\/wp-json\/wp\/v2\/media?parent=9362"}],"wp:term":[{"taxonomy":"folder","embeddable":true,"href":"https:\/\/www.ramamotori.it\/de\/wp-json\/wp\/v2\/folder?post=9362"}],"curies":[{"name":"wp","href":"https:\/\/api.w.org\/{rel}","templated":true}]}}