{"id":11700,"date":"2025-05-20T11:29:01","date_gmt":"2025-05-20T09:29:01","guid":{"rendered":"https:\/\/www.ramamotori.it\/?page_id=11700"},"modified":"2025-06-30T18:56:51","modified_gmt":"2025-06-30T16:56:51","slug":"electric-system-integrator","status":"publish","type":"page","link":"https:\/\/www.ramamotori.it\/hr\/electric-system-integrator\/","title":{"rendered":"Intergrator elektri\u010dnih sustava"},"content":{"rendered":"<div class=\"wpb-content-wrapper\"><p>[vc_row section_type=&#8221;fullwidth&#8221; bg_type=&#8221;color&#8221; header_feature=&#8221;yes&#8221; equal_column_height=&#8221;middle-content&#8221; margin_bottom=&#8221;0&#8243; bg_color=&#8221;#e2e2e2&#8243;][vc_column width=&#8221;1\/2&#8243; css=&#8221;.vc_custom_1707994032331{padding-right: 5% !important;padding-left: 16% !important;}&#8221;][vc_empty_space height=&#8221;60px&#8221;][vc_column_text]<img loading=\"lazy\" decoding=\"async\" class=\"alignnone wp-image-137\" src=\"https:\/\/www.ramamotori.it\/wp-content\/uploads\/2024\/02\/pictogram-color-text.png\" alt=\"\" width=\"478\" height=\"53\" \/>[\/vc_column_text][vc_column_text]<\/p>\n<h3>Rama Motori se pozicionira kao strate\u0161ki partner za projektiranje i integraciju elektri\u010dnih komponenti.<\/h3>\n<p>[\/vc_column_text][vc_column_text text_style=&#8221;leader-text&#8221;]Koordiniramo sve faze procesa, od preliminarne analize do kona\u010dne implementacije, kako bismo ponudili prilago\u0111ena rje\u0161enja spremna odgovoriti na izazove elektrifikacije.[\/vc_column_text][vc_column_text]<strong>Na\u0161 cilj: <\/strong>razvijati i elektrificirati primjene kako niskog, tako i visokog napona, nude\u0107i glavne proizvode stroja.[\/vc_column_text][vc_empty_space]<div class=\"grve-element grve-align-left\"><a href=\"https:\/\/www.ramamotori.it\/hr\/kontakti\/\" title=\"Proizvodi\" class=\"grve-btn grve-btn-small grve-extra-round grve-bg-primary-1 grve-bg-hover-white\"><span><i class=\"fas fa-chevron-circle-right\"><\/i>Kontaktirajte nas<\/span><\/a><\/div>[vc_empty_space][\/vc_column][vc_column width=&#8221;1\/2&#8243;]<div class=\"grve-element grve-image grve-align-center\" style=\"\"><img loading=\"lazy\" decoding=\"async\" width=\"1025\" height=\"757\" src=\"https:\/\/www.ramamotori.it\/wp-content\/uploads\/2025\/06\/rama-system-integrator.png\" class=\"grve-full-image attachment-full size-full\" alt=\"\" srcset=\"https:\/\/www.ramamotori.it\/wp-content\/uploads\/2025\/06\/rama-system-integrator.png 1025w, https:\/\/www.ramamotori.it\/wp-content\/uploads\/2025\/06\/rama-system-integrator-300x222.png 300w, https:\/\/www.ramamotori.it\/wp-content\/uploads\/2025\/06\/rama-system-integrator-768x567.png 768w, https:\/\/www.ramamotori.it\/wp-content\/uploads\/2025\/06\/rama-system-integrator-600x443.png 600w\" sizes=\"auto, (max-width: 1025px) 100vw, 1025px\" \/><\/div>[\/vc_column][\/vc_row][vc_row section_type=&#8221;fullwidth&#8221; equal_column_height=&#8221;middle-content&#8221; margin_bottom=&#8221;30px&#8221; padding_top=&#8221;5%&#8221;][vc_column width=&#8221;1\/2&#8243;]<div class=\"grve-element grve-image grve-align-center\" style=\"\"><img loading=\"lazy\" decoding=\"async\" width=\"1025\" height=\"840\" src=\"https:\/\/www.ramamotori.it\/wp-content\/uploads\/2025\/06\/rama-electric-system-integrator-render.png\" class=\"grve-full-image attachment-full size-full\" alt=\"\" srcset=\"https:\/\/www.ramamotori.it\/wp-content\/uploads\/2025\/06\/rama-electric-system-integrator-render.png 1025w, https:\/\/www.ramamotori.it\/wp-content\/uploads\/2025\/06\/rama-electric-system-integrator-render-300x246.png 300w, https:\/\/www.ramamotori.it\/wp-content\/uploads\/2025\/06\/rama-electric-system-integrator-render-768x629.png 768w, https:\/\/www.ramamotori.it\/wp-content\/uploads\/2025\/06\/rama-electric-system-integrator-render-600x492.png 600w\" sizes=\"auto, (max-width: 1025px) 100vw, 1025px\" \/><\/div>[\/vc_column][vc_column width=&#8221;1\/2&#8243; css=&#8221;.vc_custom_1707994653257{padding-right: 16% !important;padding-left: 5% !important;}&#8221;][vc_empty_space height=&#8221;60px&#8221;][vc_column_text]<img loading=\"lazy\" decoding=\"async\" class=\"alignnone wp-image-137\" src=\"https:\/\/www.ramamotori.it\/wp-content\/uploads\/2024\/02\/pictogram-color-text.png\" alt=\"\" width=\"478\" height=\"53\" \/>[\/vc_column_text][vc_column_text]<\/p>\n<h3>Od ideje do realizacije<\/h3>\n<p>[\/vc_column_text][vc_column_text text_style=&#8221;leader-text&#8221;]Povezujemo in\u017eenjerske kompetencije i operativnu fleksibilnost kako bismo odgovorili na svaku specifi\u010dnu potrebu:[\/vc_column_text][vc_column_text]<\/p>\n<ul>\n<li><strong>Tehni\u010dka i funkcionalna analiza &#8211; <\/strong>prou\u010davanje zahtjeva primjene i ugra\u0111enih sustava<\/li>\n<li><strong>Ponuda<\/strong> &#8211; tehni\u010dka i komercijalna ponuda osnovnih proizvoda za rad poput elektri\u010dnih motora, kontrolera i baterija<\/li>\n<li><strong>Integracija sustava<\/strong> &#8211; neometana i optimizirana povezanost izme\u0111u komponenti, ure\u0111aja i programa<\/li>\n<li><strong>Kontinuirana podr\u0161ka<\/strong> &#8211; tehni\u010dka podr\u0161ka u fazama testiranja, ugradnje i postprodaje<\/li>\n<\/ul>\n<p>[\/vc_column_text][vc_empty_space]<div class=\"grve-element grve-align-left\"><a href=\"https:\/\/www.ramamotori.it\/hr\/kontakti\/\" title=\"Proizvodi\" class=\"grve-btn grve-btn-small grve-extra-round grve-bg-primary-1 grve-bg-hover-white\"><span><i class=\"fas fa-chevron-circle-right\"><\/i>Kontaktirajte nas<\/span><\/a><\/div>[vc_empty_space][\/vc_column][\/vc_row][vc_row section_type=&#8221;fullwidth&#8221; bg_type=&#8221;color&#8221; footer_feature=&#8221;yes&#8221; equal_column_height=&#8221;middle-content&#8221; margin_bottom=&#8221;0&#8243; bg_color=&#8221;#e2e2e2&#8243;][vc_column width=&#8221;1\/2&#8243; css=&#8221;.vc_custom_1707994032331{padding-right: 5% !important;padding-left: 16% !important;}&#8221;][vc_empty_space height=&#8221;60px&#8221;][vc_column_text]<img loading=\"lazy\" decoding=\"async\" class=\"alignnone wp-image-137\" src=\"https:\/\/www.ramamotori.it\/wp-content\/uploads\/2024\/02\/pictogram-color-text.png\" alt=\"\" width=\"478\" height=\"53\" \/>[\/vc_column_text][vc_column_text]<\/p>\n<h3>Primjene u sektorima vozila<\/h3>\n<p>[\/vc_column_text][vc_column_text text_style=&#8221;leader-text&#8221;]Nudimo rje\u0161enja namijenjena vozilima koja se koriste u <strong>poljoprivredi<\/strong>, <strong>vrtlarstvu<\/strong>, <strong>gra\u0111evinarstvu<\/strong>, <strong>logistici<\/strong> i <strong>vozilima za posebne primjene<\/strong>.[\/vc_column_text][vc_column_text]<span style=\"font-weight: 400;\">Svaki je projekt osmi\u0161ljen s ciljem pobolj\u0161anja u\u010dinkovitosti i pouzdanosti vozila, pridonose\u0107i pritom tehnolo\u0161kom i odr\u017eivom razvoju sektora.<\/span>[\/vc_column_text][vc_empty_space]<div class=\"grve-element grve-align-left\"><a href=\"https:\/\/www.ramamotori.it\/hr\/kontakti\/\" title=\"Proizvodi\" class=\"grve-btn grve-btn-small grve-extra-round grve-bg-primary-1 grve-bg-hover-white\"><span><i class=\"fas fa-chevron-circle-right\"><\/i>Kontaktirajte nas<\/span><\/a><\/div>[vc_empty_space][\/vc_column][vc_column width=&#8221;1\/2&#8243;][vc_row_inner][vc_column_inner width=&#8221;1\/2&#8243;]<div class=\"grve-element grve-image grve-align-center\" style=\"\"><img loading=\"lazy\" decoding=\"async\" width=\"577\" height=\"339\" src=\"https:\/\/www.ramamotori.it\/wp-content\/uploads\/2025\/06\/applicazioni_giardinaggio.png\" class=\"grve-full-image attachment-full size-full\" alt=\"\" srcset=\"https:\/\/www.ramamotori.it\/wp-content\/uploads\/2025\/06\/applicazioni_giardinaggio.png 577w, https:\/\/www.ramamotori.it\/wp-content\/uploads\/2025\/06\/applicazioni_giardinaggio-300x176.png 300w\" sizes=\"auto, (max-width: 577px) 100vw, 577px\" \/><\/div>[vc_empty_space]<div class=\"grve-element grve-image grve-align-center\" style=\"\"><img loading=\"lazy\" decoding=\"async\" width=\"576\" height=\"340\" src=\"https:\/\/www.ramamotori.it\/wp-content\/uploads\/2025\/06\/applicazioni_pulizia_strade.png\" class=\"grve-full-image attachment-full size-full\" alt=\"\" srcset=\"https:\/\/www.ramamotori.it\/wp-content\/uploads\/2025\/06\/applicazioni_pulizia_strade.png 576w, https:\/\/www.ramamotori.it\/wp-content\/uploads\/2025\/06\/applicazioni_pulizia_strade-300x177.png 300w\" sizes=\"auto, (max-width: 576px) 100vw, 576px\" \/><\/div>[\/vc_column_inner][vc_column_inner width=&#8221;1\/2&#8243;]<div class=\"grve-element grve-image grve-align-center\" style=\"\"><img loading=\"lazy\" decoding=\"async\" width=\"575\" height=\"339\" src=\"https:\/\/www.ramamotori.it\/wp-content\/uploads\/2025\/06\/applicazioni_agricoltura.png\" class=\"grve-full-image attachment-full size-full\" alt=\"\" srcset=\"https:\/\/www.ramamotori.it\/wp-content\/uploads\/2025\/06\/applicazioni_agricoltura.png 575w, https:\/\/www.ramamotori.it\/wp-content\/uploads\/2025\/06\/applicazioni_agricoltura-300x177.png 300w\" sizes=\"auto, (max-width: 575px) 100vw, 575px\" \/><\/div>[vc_empty_space]<div class=\"grve-element grve-image grve-align-center\" style=\"\"><img loading=\"lazy\" decoding=\"async\" width=\"577\" height=\"340\" src=\"https:\/\/www.ramamotori.it\/wp-content\/uploads\/2025\/06\/applicazioni_scavi.png\" class=\"grve-full-image attachment-full size-full\" alt=\"\" srcset=\"https:\/\/www.ramamotori.it\/wp-content\/uploads\/2025\/06\/applicazioni_scavi.png 577w, https:\/\/www.ramamotori.it\/wp-content\/uploads\/2025\/06\/applicazioni_scavi-300x177.png 300w\" sizes=\"auto, (max-width: 577px) 100vw, 577px\" \/><\/div>[\/vc_column_inner][\/vc_row_inner][\/vc_column][\/vc_row]<\/p>\n<\/div>","protected":false},"excerpt":{"rendered":"<p>[vc_row section_type=&#8221;fullwidth&#8221; bg_type=&#8221;color&#8221; header_feature=&#8221;yes&#8221; equal_column_height=&#8221;middle-content&#8221; margin_bottom=&#8221;0&#8243; bg_color=&#8221;#e2e2e2&#8243;][vc_column width=&#8221;1\/2&#8243; css=&#8221;.vc_custom_1707994032331{padding-right: 5% !important;padding-left: 16% !important;}&#8221;][vc_empty_space height=&#8221;60px&#8221;][vc_column_text][\/vc_column_text][vc_column_text] Rama Motori se pozicionira kao strate\u0161ki partner za projektiranje i integraciju elektri\u010dnih komponenti. [\/vc_column_text][vc_column_text text_style=&#8221;leader-text&#8221;]Koordiniramo sve faze procesa, od preliminarne analize do kona\u010dne implementacije, kako bismo ponudili prilago\u0111ena rje\u0161enja spremna odgovoriti na izazove elektrifikacije.[\/vc_column_text][vc_column_text]Na\u0161 cilj: razvijati i elektrificirati primjene kako niskog, [&hellip;]<\/p>\n","protected":false},"author":1,"featured_media":11876,"parent":0,"menu_order":0,"comment_status":"closed","ping_status":"closed","template":"","meta":{"footnotes":"","_links_to":"","_links_to_target":""},"folder":[1617],"class_list":["post-11700","page","type-page","status-publish","has-post-thumbnail","hentry"],"yoast_head":"<!-- This site is optimized with the Yoast SEO plugin v27.5 - https:\/\/yoast.com\/product\/yoast-seo-wordpress\/ -->\n<title>Intergrator elektri\u010dnih sustava - Rama Motori<\/title>\n<meta name=\"description\" content=\"Prilago\u0111ena elektri\u010dna rje\u0161enja Rama Motori se pozicionira kao strate\u0161ki partner za projektiranje i integraciju elektri\u010dnih komponenti.\" \/>\n<meta name=\"robots\" content=\"index, follow, max-snippet:-1, max-image-preview:large, max-video-preview:-1\" \/>\n<link rel=\"canonical\" href=\"https:\/\/www.ramamotori.it\/hr\/electric-system-integrator\/\" \/>\n<meta property=\"og:locale\" content=\"hr_HR\" \/>\n<meta property=\"og:type\" content=\"article\" \/>\n<meta property=\"og:title\" content=\"Intergrator elektri\u010dnih sustava - Rama Motori\" \/>\n<meta property=\"og:description\" content=\"Prilago\u0111ena elektri\u010dna rje\u0161enja Rama Motori se pozicionira kao strate\u0161ki partner za projektiranje i integraciju elektri\u010dnih komponenti.\" \/>\n<meta property=\"og:url\" content=\"https:\/\/www.ramamotori.it\/hr\/electric-system-integrator\/\" \/>\n<meta property=\"og:site_name\" content=\"Rama Motori\" \/>\n<meta property=\"article:publisher\" content=\"https:\/\/www.facebook.com\/ramamotori\/\" \/>\n<meta property=\"article:modified_time\" content=\"2025-06-30T16:56:51+00:00\" \/>\n<meta property=\"og:image\" content=\"https:\/\/www.ramamotori.it\/wp-content\/uploads\/2025\/06\/rama-electric-system-integrator-cover.jpg\" \/>\n\t<meta property=\"og:image:width\" content=\"1920\" \/>\n\t<meta property=\"og:image:height\" content=\"1080\" \/>\n\t<meta property=\"og:image:type\" content=\"image\/jpeg\" \/>\n<meta name=\"twitter:card\" content=\"summary_large_image\" \/>\n<meta name=\"twitter:label1\" content=\"Procijenjeno vrijeme \u010ditanja\" \/>\n\t<meta name=\"twitter:data1\" content=\"3 minute\" \/>\n<script type=\"application\/ld+json\" class=\"yoast-schema-graph\">{\"@context\":\"https:\\\/\\\/schema.org\",\"@graph\":[{\"@type\":\"WebPage\",\"@id\":\"https:\\\/\\\/www.ramamotori.it\\\/hr\\\/electric-system-integrator\\\/\",\"url\":\"https:\\\/\\\/www.ramamotori.it\\\/hr\\\/electric-system-integrator\\\/\",\"name\":\"Intergrator elektri\u010dnih sustava - Rama Motori\",\"isPartOf\":{\"@id\":\"https:\\\/\\\/www.ramamotori.it\\\/hr\\\/#website\"},\"primaryImageOfPage\":{\"@id\":\"https:\\\/\\\/www.ramamotori.it\\\/hr\\\/electric-system-integrator\\\/#primaryimage\"},\"image\":{\"@id\":\"https:\\\/\\\/www.ramamotori.it\\\/hr\\\/electric-system-integrator\\\/#primaryimage\"},\"thumbnailUrl\":\"https:\\\/\\\/www.ramamotori.it\\\/wp-content\\\/uploads\\\/2025\\\/06\\\/rama-electric-system-integrator-cover.jpg\",\"datePublished\":\"2025-05-20T09:29:01+00:00\",\"dateModified\":\"2025-06-30T16:56:51+00:00\",\"description\":\"Prilago\u0111ena elektri\u010dna rje\u0161enja Rama Motori se pozicionira kao strate\u0161ki partner za projektiranje i integraciju elektri\u010dnih komponenti.\",\"breadcrumb\":{\"@id\":\"https:\\\/\\\/www.ramamotori.it\\\/hr\\\/electric-system-integrator\\\/#breadcrumb\"},\"inLanguage\":\"hr\",\"potentialAction\":[{\"@type\":\"ReadAction\",\"target\":[\"https:\\\/\\\/www.ramamotori.it\\\/hr\\\/electric-system-integrator\\\/\"]}]},{\"@type\":\"ImageObject\",\"inLanguage\":\"hr\",\"@id\":\"https:\\\/\\\/www.ramamotori.it\\\/hr\\\/electric-system-integrator\\\/#primaryimage\",\"url\":\"https:\\\/\\\/www.ramamotori.it\\\/wp-content\\\/uploads\\\/2025\\\/06\\\/rama-electric-system-integrator-cover.jpg\",\"contentUrl\":\"https:\\\/\\\/www.ramamotori.it\\\/wp-content\\\/uploads\\\/2025\\\/06\\\/rama-electric-system-integrator-cover.jpg\",\"width\":1920,\"height\":1080},{\"@type\":\"BreadcrumbList\",\"@id\":\"https:\\\/\\\/www.ramamotori.it\\\/hr\\\/electric-system-integrator\\\/#breadcrumb\",\"itemListElement\":[{\"@type\":\"ListItem\",\"position\":1,\"name\":\"Home\",\"item\":\"https:\\\/\\\/www.ramamotori.it\\\/hr\\\/\"},{\"@type\":\"ListItem\",\"position\":2,\"name\":\"Intergrator elektri\u010dnih sustava\"}]},{\"@type\":\"WebSite\",\"@id\":\"https:\\\/\\\/www.ramamotori.it\\\/hr\\\/#website\",\"url\":\"https:\\\/\\\/www.ramamotori.it\\\/hr\\\/\",\"name\":\"Rama Motori\",\"description\":\"\",\"publisher\":{\"@id\":\"https:\\\/\\\/www.ramamotori.it\\\/hr\\\/#organization\"},\"potentialAction\":[{\"@type\":\"SearchAction\",\"target\":{\"@type\":\"EntryPoint\",\"urlTemplate\":\"https:\\\/\\\/www.ramamotori.it\\\/hr\\\/?s={search_term_string}\"},\"query-input\":{\"@type\":\"PropertyValueSpecification\",\"valueRequired\":true,\"valueName\":\"search_term_string\"}}],\"inLanguage\":\"hr\"},{\"@type\":\"Organization\",\"@id\":\"https:\\\/\\\/www.ramamotori.it\\\/hr\\\/#organization\",\"name\":\"Rama Motori\",\"url\":\"https:\\\/\\\/www.ramamotori.it\\\/hr\\\/\",\"logo\":{\"@type\":\"ImageObject\",\"inLanguage\":\"hr\",\"@id\":\"https:\\\/\\\/www.ramamotori.it\\\/hr\\\/#\\\/schema\\\/logo\\\/image\\\/\",\"url\":\"https:\\\/\\\/www.ramamotori.it\\\/wp-content\\\/uploads\\\/2024\\\/02\\\/rama-motori-logo-margin.png\",\"contentUrl\":\"https:\\\/\\\/www.ramamotori.it\\\/wp-content\\\/uploads\\\/2024\\\/02\\\/rama-motori-logo-margin.png\",\"width\":640,\"height\":240,\"caption\":\"Rama Motori\"},\"image\":{\"@id\":\"https:\\\/\\\/www.ramamotori.it\\\/hr\\\/#\\\/schema\\\/logo\\\/image\\\/\"},\"sameAs\":[\"https:\\\/\\\/www.facebook.com\\\/ramamotori\\\/\",\"https:\\\/\\\/www.linkedin.com\\\/company\\\/rama-motori\\\/\"]}]}<\/script>\n<!-- \/ Yoast SEO plugin. -->","yoast_head_json":{"title":"Intergrator elektri\u010dnih sustava - Rama Motori","description":"Prilago\u0111ena elektri\u010dna rje\u0161enja Rama Motori se pozicionira kao strate\u0161ki partner za projektiranje i integraciju elektri\u010dnih komponenti.","robots":{"index":"index","follow":"follow","max-snippet":"max-snippet:-1","max-image-preview":"max-image-preview:large","max-video-preview":"max-video-preview:-1"},"canonical":"https:\/\/www.ramamotori.it\/hr\/electric-system-integrator\/","og_locale":"hr_HR","og_type":"article","og_title":"Intergrator elektri\u010dnih sustava - Rama Motori","og_description":"Prilago\u0111ena elektri\u010dna rje\u0161enja Rama Motori se pozicionira kao strate\u0161ki partner za projektiranje i integraciju elektri\u010dnih komponenti.","og_url":"https:\/\/www.ramamotori.it\/hr\/electric-system-integrator\/","og_site_name":"Rama Motori","article_publisher":"https:\/\/www.facebook.com\/ramamotori\/","article_modified_time":"2025-06-30T16:56:51+00:00","og_image":[{"width":1920,"height":1080,"url":"https:\/\/www.ramamotori.it\/wp-content\/uploads\/2025\/06\/rama-electric-system-integrator-cover.jpg","type":"image\/jpeg"}],"twitter_card":"summary_large_image","twitter_misc":{"Procijenjeno vrijeme \u010ditanja":"3 minute"},"schema":{"@context":"https:\/\/schema.org","@graph":[{"@type":"WebPage","@id":"https:\/\/www.ramamotori.it\/hr\/electric-system-integrator\/","url":"https:\/\/www.ramamotori.it\/hr\/electric-system-integrator\/","name":"Intergrator elektri\u010dnih sustava - Rama Motori","isPartOf":{"@id":"https:\/\/www.ramamotori.it\/hr\/#website"},"primaryImageOfPage":{"@id":"https:\/\/www.ramamotori.it\/hr\/electric-system-integrator\/#primaryimage"},"image":{"@id":"https:\/\/www.ramamotori.it\/hr\/electric-system-integrator\/#primaryimage"},"thumbnailUrl":"https:\/\/www.ramamotori.it\/wp-content\/uploads\/2025\/06\/rama-electric-system-integrator-cover.jpg","datePublished":"2025-05-20T09:29:01+00:00","dateModified":"2025-06-30T16:56:51+00:00","description":"Prilago\u0111ena elektri\u010dna rje\u0161enja Rama Motori se pozicionira kao strate\u0161ki partner za projektiranje i integraciju elektri\u010dnih komponenti.","breadcrumb":{"@id":"https:\/\/www.ramamotori.it\/hr\/electric-system-integrator\/#breadcrumb"},"inLanguage":"hr","potentialAction":[{"@type":"ReadAction","target":["https:\/\/www.ramamotori.it\/hr\/electric-system-integrator\/"]}]},{"@type":"ImageObject","inLanguage":"hr","@id":"https:\/\/www.ramamotori.it\/hr\/electric-system-integrator\/#primaryimage","url":"https:\/\/www.ramamotori.it\/wp-content\/uploads\/2025\/06\/rama-electric-system-integrator-cover.jpg","contentUrl":"https:\/\/www.ramamotori.it\/wp-content\/uploads\/2025\/06\/rama-electric-system-integrator-cover.jpg","width":1920,"height":1080},{"@type":"BreadcrumbList","@id":"https:\/\/www.ramamotori.it\/hr\/electric-system-integrator\/#breadcrumb","itemListElement":[{"@type":"ListItem","position":1,"name":"Home","item":"https:\/\/www.ramamotori.it\/hr\/"},{"@type":"ListItem","position":2,"name":"Intergrator elektri\u010dnih sustava"}]},{"@type":"WebSite","@id":"https:\/\/www.ramamotori.it\/hr\/#website","url":"https:\/\/www.ramamotori.it\/hr\/","name":"Rama Motori","description":"","publisher":{"@id":"https:\/\/www.ramamotori.it\/hr\/#organization"},"potentialAction":[{"@type":"SearchAction","target":{"@type":"EntryPoint","urlTemplate":"https:\/\/www.ramamotori.it\/hr\/?s={search_term_string}"},"query-input":{"@type":"PropertyValueSpecification","valueRequired":true,"valueName":"search_term_string"}}],"inLanguage":"hr"},{"@type":"Organization","@id":"https:\/\/www.ramamotori.it\/hr\/#organization","name":"Rama Motori","url":"https:\/\/www.ramamotori.it\/hr\/","logo":{"@type":"ImageObject","inLanguage":"hr","@id":"https:\/\/www.ramamotori.it\/hr\/#\/schema\/logo\/image\/","url":"https:\/\/www.ramamotori.it\/wp-content\/uploads\/2024\/02\/rama-motori-logo-margin.png","contentUrl":"https:\/\/www.ramamotori.it\/wp-content\/uploads\/2024\/02\/rama-motori-logo-margin.png","width":640,"height":240,"caption":"Rama Motori"},"image":{"@id":"https:\/\/www.ramamotori.it\/hr\/#\/schema\/logo\/image\/"},"sameAs":["https:\/\/www.facebook.com\/ramamotori\/","https:\/\/www.linkedin.com\/company\/rama-motori\/"]}]}},"_links":{"self":[{"href":"https:\/\/www.ramamotori.it\/hr\/wp-json\/wp\/v2\/pages\/11700","targetHints":{"allow":["GET"]}}],"collection":[{"href":"https:\/\/www.ramamotori.it\/hr\/wp-json\/wp\/v2\/pages"}],"about":[{"href":"https:\/\/www.ramamotori.it\/hr\/wp-json\/wp\/v2\/types\/page"}],"author":[{"embeddable":true,"href":"https:\/\/www.ramamotori.it\/hr\/wp-json\/wp\/v2\/users\/1"}],"replies":[{"embeddable":true,"href":"https:\/\/www.ramamotori.it\/hr\/wp-json\/wp\/v2\/comments?post=11700"}],"version-history":[{"count":11,"href":"https:\/\/www.ramamotori.it\/hr\/wp-json\/wp\/v2\/pages\/11700\/revisions"}],"predecessor-version":[{"id":11973,"href":"https:\/\/www.ramamotori.it\/hr\/wp-json\/wp\/v2\/pages\/11700\/revisions\/11973"}],"wp:featuredmedia":[{"embeddable":true,"href":"https:\/\/www.ramamotori.it\/hr\/wp-json\/wp\/v2\/media\/11876"}],"wp:attachment":[{"href":"https:\/\/www.ramamotori.it\/hr\/wp-json\/wp\/v2\/media?parent=11700"}],"wp:term":[{"taxonomy":"folder","embeddable":true,"href":"https:\/\/www.ramamotori.it\/hr\/wp-json\/wp\/v2\/folder?post=11700"}],"curies":[{"name":"wp","href":"https:\/\/api.w.org\/{rel}","templated":true}]}}