{"id":11860,"date":"2025-06-26T19:34:09","date_gmt":"2025-06-26T17:34:09","guid":{"rendered":"https:\/\/www.ramamotori.it\/?page_id=11860"},"modified":"2025-06-30T18:55:01","modified_gmt":"2025-06-30T16:55:01","slug":"internal-combustion-engines-system-integrator","status":"publish","type":"page","link":"https:\/\/www.ramamotori.it\/hr\/internal-combustion-engines-system-integrator\/","title":{"rendered":"Internal Combustion Engines System Integrator"},"content":{"rendered":"<div class=\"wpb-content-wrapper\"><p>[vc_row section_type=&#8221;fullwidth&#8221; bg_type=&#8221;color&#8221; header_feature=&#8221;yes&#8221; equal_column_height=&#8221;middle-content&#8221; margin_bottom=&#8221;0&#8243; bg_color=&#8221;#e2e2e2&#8243;][vc_column width=&#8221;1\/2&#8243; css=&#8221;.vc_custom_1707994032331{padding-right: 5% !important;padding-left: 16% !important;}&#8221;][vc_empty_space height=&#8221;60px&#8221;][vc_column_text]<img loading=\"lazy\" decoding=\"async\" class=\"alignnone wp-image-137\" src=\"https:\/\/www.ramamotori.it\/wp-content\/uploads\/2024\/02\/pictogram-color-text.png\" alt=\"\" width=\"478\" height=\"53\" \/>[\/vc_column_text][vc_column_text]<\/p>\n<h2>Projektiranje<\/h2>\n<p>[\/vc_column_text][vc_column_text text_style=&#8221;leader-text&#8221;]Motor je srce svakog stroja: njegova savr\u0161ena integracija klju\u010dna je za jam\u010denje najboljeg funkcioniranja i ukupne maksimalne u\u010dinkovitosti.[\/vc_column_text][vc_column_text]Na\u0161 Tehni\u010dki ured raspola\u017ee in\u017eenjerskim vje\u0161tinama koje su posve\u0107ene prepoznavanju prikladne primjene i rje\u0161enja za svaku specifi\u010dnu potrebu. Raspola\u017eemo temeljitim znanjem o svakoj vrsti motora i to pojedina\u010dno prema modelima razli\u010ditih marki, kako bismo mogli uvijek ponuditi optimalan i u\u010dinkovit koji po\u0161tuje ograni\u010denja povezana sa strojem koji treba opremiti.<br \/>\nNa tom putu, na\u0161a uloga <em>integratora sustava<\/em> omogu\u0107uje nam da ponudimo \u201ctailor made\u201d rje\u0161enja koja uzimaju u obzir potrebe sklapanja na proizvodnoj liniji kupca.[\/vc_column_text][vc_empty_space]<div class=\"grve-element grve-align-left\"><a href=\"https:\/\/www.ramamotori.it\/hr\/kontakti\/\" title=\"Proizvodi\" class=\"grve-btn grve-btn-small grve-extra-round grve-bg-primary-1 grve-bg-hover-white\"><span><i class=\"fas fa-chevron-circle-right\"><\/i>Kontaktirajte nas<\/span><\/a><\/div>[vc_empty_space][\/vc_column][vc_column width=&#8221;1\/2&#8243;]<div class=\"grve-element grve-image grve-align-center\" style=\"\"><img loading=\"lazy\" decoding=\"async\" width=\"1030\" height=\"758\" src=\"https:\/\/www.ramamotori.it\/wp-content\/uploads\/2024\/05\/rama-motori-servizi-progettazione-00.png\" class=\"grve-full-image attachment-full size-full\" alt=\"\" srcset=\"https:\/\/www.ramamotori.it\/wp-content\/uploads\/2024\/05\/rama-motori-servizi-progettazione-00.png 1030w, https:\/\/www.ramamotori.it\/wp-content\/uploads\/2024\/05\/rama-motori-servizi-progettazione-00-300x221.png 300w, https:\/\/www.ramamotori.it\/wp-content\/uploads\/2024\/05\/rama-motori-servizi-progettazione-00-1024x754.png 1024w, https:\/\/www.ramamotori.it\/wp-content\/uploads\/2024\/05\/rama-motori-servizi-progettazione-00-768x565.png 768w, https:\/\/www.ramamotori.it\/wp-content\/uploads\/2024\/05\/rama-motori-servizi-progettazione-00-600x442.png 600w\" sizes=\"auto, (max-width: 1030px) 100vw, 1030px\" \/><\/div>[\/vc_column][\/vc_row][vc_row bg_type=&#8221;color&#8221; bg_color=&#8221;#e2e2e2&#8243; padding_bottom=&#8221;5%&#8221; margin_bottom=&#8221;0&#8243; padding_top=&#8221;5%&#8221;][vc_column width=&#8221;1\/3&#8243;]<div class=\"grve-element grve-image grve-align-center\" style=\"\"><img loading=\"lazy\" decoding=\"async\" width=\"670\" height=\"396\" src=\"https:\/\/www.ramamotori.it\/wp-content\/uploads\/2024\/05\/rama-motori-assistenza-02-2.png\" class=\"grve-full-image attachment-full size-full\" alt=\"\" srcset=\"https:\/\/www.ramamotori.it\/wp-content\/uploads\/2024\/05\/rama-motori-assistenza-02-2.png 670w, https:\/\/www.ramamotori.it\/wp-content\/uploads\/2024\/05\/rama-motori-assistenza-02-2-300x177.png 300w, https:\/\/www.ramamotori.it\/wp-content\/uploads\/2024\/05\/rama-motori-assistenza-02-2-600x355.png 600w\" sizes=\"auto, (max-width: 670px) 100vw, 670px\" \/><\/div>[vc_column_text]Na\u0161 interni proces istra\u017eivanja i razvoja nudi rje\u0161enja koja su spremna za brzo prilago\u0111avanje standardizaciji.[\/vc_column_text][vc_empty_space][\/vc_column][vc_column width=&#8221;1\/3&#8243;]<div class=\"grve-element grve-image grve-align-center\" style=\"\"><img loading=\"lazy\" decoding=\"async\" width=\"576\" height=\"339\" src=\"https:\/\/www.ramamotori.it\/wp-content\/uploads\/2024\/05\/rama-motori-servizi-dialogo.png\" class=\"grve-full-image attachment-full size-full\" alt=\"\" srcset=\"https:\/\/www.ramamotori.it\/wp-content\/uploads\/2024\/05\/rama-motori-servizi-dialogo.png 576w, https:\/\/www.ramamotori.it\/wp-content\/uploads\/2024\/05\/rama-motori-servizi-dialogo-300x177.png 300w\" sizes=\"auto, (max-width: 576px) 100vw, 576px\" \/><\/div>[vc_column_text]Na\u0161i suradnici su iskusni tehni\u010dki stru\u010dnjaci koji su osposobljeni za izravnu suradnju s kolegama kod proizvo\u0111a\u010da strojeva kako bi s njima razmijenili sve detalje motornog projekta koji se izra\u0111uje.[\/vc_column_text][vc_empty_space][\/vc_column][vc_column width=&#8221;1\/3&#8243;]<div class=\"grve-element grve-image grve-align-center\" style=\"\"><img loading=\"lazy\" decoding=\"async\" width=\"576\" height=\"340\" src=\"https:\/\/www.ramamotori.it\/wp-content\/uploads\/2024\/05\/rama-motori-servizi-prodotti.png\" class=\"grve-full-image attachment-full size-full\" alt=\"\" srcset=\"https:\/\/www.ramamotori.it\/wp-content\/uploads\/2024\/05\/rama-motori-servizi-prodotti.png 576w, https:\/\/www.ramamotori.it\/wp-content\/uploads\/2024\/05\/rama-motori-servizi-prodotti-300x177.png 300w\" sizes=\"auto, (max-width: 576px) 100vw, 576px\" \/><\/div>[vc_column_text]Posjedujemo precizna znanja o proizvodima i modelima na\u0161ih partnera i izravan kanal suradnje s markama motora koje zastupamo, kako bismo svojim kupcima mogli prenijeti uvijek a\u017eurirane informacije.[\/vc_column_text][vc_empty_space][\/vc_column][\/vc_row][vc_row section_type=&#8221;fullwidth&#8221; header_feature=&#8221;yes&#8221; equal_column_height=&#8221;middle-content&#8221; margin_bottom=&#8221;0&#8243; padding_top=&#8221;5%&#8221;][vc_column width=&#8221;1\/2&#8243;]<div class=\"grve-element grve-image grve-align-center\" style=\"\"><img loading=\"lazy\" decoding=\"async\" width=\"1026\" height=\"841\" src=\"https:\/\/www.ramamotori.it\/wp-content\/uploads\/2024\/05\/rama-motori-servizi-customizzazione-LFR24012D00173.png\" class=\"grve-full-image attachment-full size-full\" alt=\"\" srcset=\"https:\/\/www.ramamotori.it\/wp-content\/uploads\/2024\/05\/rama-motori-servizi-customizzazione-LFR24012D00173.png 1026w, https:\/\/www.ramamotori.it\/wp-content\/uploads\/2024\/05\/rama-motori-servizi-customizzazione-LFR24012D00173-300x246.png 300w, https:\/\/www.ramamotori.it\/wp-content\/uploads\/2024\/05\/rama-motori-servizi-customizzazione-LFR24012D00173-1024x839.png 1024w, https:\/\/www.ramamotori.it\/wp-content\/uploads\/2024\/05\/rama-motori-servizi-customizzazione-LFR24012D00173-768x630.png 768w, https:\/\/www.ramamotori.it\/wp-content\/uploads\/2024\/05\/rama-motori-servizi-customizzazione-LFR24012D00173-600x492.png 600w\" sizes=\"auto, (max-width: 1026px) 100vw, 1026px\" \/><\/div>[\/vc_column][vc_column width=&#8221;1\/2&#8243; css=&#8221;.vc_custom_1707994653257{padding-right: 16% !important;padding-left: 5% !important;}&#8221;][vc_empty_space height=&#8221;60px&#8221;][vc_column_text]<img loading=\"lazy\" decoding=\"async\" class=\"alignnone wp-image-137\" src=\"https:\/\/www.ramamotori.it\/wp-content\/uploads\/2024\/02\/pictogram-color-text.png\" alt=\"\" width=\"478\" height=\"53\" \/>[\/vc_column_text][vc_column_text]<\/p>\n<h2>Prilagodba<\/h2>\n<p>[\/vc_column_text][vc_column_text text_style=&#8221;leader-text&#8221;]Sposobnost pravovremenog pronala\u017eenja prilago\u0111enih rje\u0161enja jedna je od na\u0161ih ja\u010dih strana.[\/vc_column_text][vc_column_text]Svaki projekt zatra\u017een od odjela Rama Motori tako postaje savjetovanje, skoro pa zajedni\u010dko projektiranje na\u0161eg Tehni\u010dkog ureda i kupaca koji rade u timu kako bi prepoznali prikladnu motornu primjenu.<br \/>\nKao <em>integrator sustava<\/em>, pratimo sve faze do potpune integracije motora i stroja, jam\u010de\u0107i pritom funkcionalnost i vrhunske performanse.[\/vc_column_text][vc_empty_space]<div class=\"grve-element grve-align-left\"><a href=\"https:\/\/www.ramamotori.it\/hr\/kontakti\/\" title=\"Proizvodi\" class=\"grve-btn grve-btn-small grve-extra-round grve-bg-primary-1 grve-bg-hover-white\"><span><i class=\"fas fa-chevron-circle-right\"><\/i>Kontaktirajte nas<\/span><\/a><\/div>[vc_empty_space][\/vc_column][\/vc_row][vc_row footer_feature=&#8221;yes&#8221; padding_bottom=&#8221;7%&#8221; margin_bottom=&#8221;0&#8243; section_id=&#8221;customizzazione&#8221; padding_top=&#8221;5%&#8221;][vc_column width=&#8221;1\/3&#8243;]<div class=\"grve-element grve-image grve-align-center\" style=\"\"><img loading=\"lazy\" decoding=\"async\" width=\"577\" height=\"339\" src=\"https:\/\/www.ramamotori.it\/wp-content\/uploads\/2024\/05\/rama-motori-servizi-customizzazione-04.png\" class=\"grve-full-image attachment-full size-full\" alt=\"\" srcset=\"https:\/\/www.ramamotori.it\/wp-content\/uploads\/2024\/05\/rama-motori-servizi-customizzazione-04.png 577w, https:\/\/www.ramamotori.it\/wp-content\/uploads\/2024\/05\/rama-motori-servizi-customizzazione-04-300x176.png 300w\" sizes=\"auto, (max-width: 577px) 100vw, 577px\" \/><\/div>[vc_column_text]Projektiramo zajedno s kupcem kako bi svaki motor bio u savr\u0161enom skladu sa strojem s kojim radi.[\/vc_column_text][vc_empty_space][\/vc_column][vc_column width=&#8221;1\/3&#8243;]<div class=\"grve-element grve-image grve-align-center\" style=\"\"><img loading=\"lazy\" decoding=\"async\" width=\"672\" height=\"395\" src=\"https:\/\/www.ramamotori.it\/wp-content\/uploads\/2024\/05\/rama-motori-assistenza-01-2.png\" class=\"grve-full-image attachment-full size-full\" alt=\"\" srcset=\"https:\/\/www.ramamotori.it\/wp-content\/uploads\/2024\/05\/rama-motori-assistenza-01-2.png 672w, https:\/\/www.ramamotori.it\/wp-content\/uploads\/2024\/05\/rama-motori-assistenza-01-2-300x176.png 300w, https:\/\/www.ramamotori.it\/wp-content\/uploads\/2024\/05\/rama-motori-assistenza-01-2-600x353.png 600w\" sizes=\"auto, (max-width: 672px) 100vw, 672px\" \/><\/div>[vc_column_text]Polaze\u0107i od izbora marke i modela, vodimo projekt u definiranju tehni\u010dkih karakteristika, kako bismo maksimalno iskoristili potencijal motora.[\/vc_column_text][vc_empty_space][\/vc_column][vc_column width=&#8221;1\/3&#8243;]<div class=\"grve-element grve-image grve-align-center\" style=\"\"><img loading=\"lazy\" decoding=\"async\" width=\"672\" height=\"395\" src=\"https:\/\/www.ramamotori.it\/wp-content\/uploads\/2024\/05\/rama-motori-assistenza-LFR24012D00086.png\" class=\"grve-full-image attachment-full size-full\" alt=\"\" srcset=\"https:\/\/www.ramamotori.it\/wp-content\/uploads\/2024\/05\/rama-motori-assistenza-LFR24012D00086.png 672w, https:\/\/www.ramamotori.it\/wp-content\/uploads\/2024\/05\/rama-motori-assistenza-LFR24012D00086-300x176.png 300w, https:\/\/www.ramamotori.it\/wp-content\/uploads\/2024\/05\/rama-motori-assistenza-LFR24012D00086-600x353.png 600w\" sizes=\"auto, (max-width: 672px) 100vw, 672px\" \/><\/div>[vc_column_text]Svaka nova narud\u017eba predstavlja priliku za izlaganje o slo\u017eenosti motora, klju\u010dnog elementa unutar strukture stroja i koji stoga treba napraviti imaju\u0107i uvijek na umu performanse.[\/vc_column_text][vc_empty_space][\/vc_column][\/vc_row]<\/p>\n<\/div>","protected":false},"excerpt":{"rendered":"<p>[vc_row section_type=&#8221;fullwidth&#8221; bg_type=&#8221;color&#8221; header_feature=&#8221;yes&#8221; equal_column_height=&#8221;middle-content&#8221; margin_bottom=&#8221;0&#8243; bg_color=&#8221;#e2e2e2&#8243;][vc_column width=&#8221;1\/2&#8243; css=&#8221;.vc_custom_1707994032331{padding-right: 5% !important;padding-left: 16% !important;}&#8221;][vc_empty_space height=&#8221;60px&#8221;][vc_column_text][\/vc_column_text][vc_column_text] Projektiranje [\/vc_column_text][vc_column_text text_style=&#8221;leader-text&#8221;]Motor je srce svakog stroja: njegova savr\u0161ena integracija klju\u010dna je za jam\u010denje najboljeg funkcioniranja i ukupne maksimalne u\u010dinkovitosti.[\/vc_column_text][vc_column_text]Na\u0161 Tehni\u010dki ured raspola\u017ee in\u017eenjerskim vje\u0161tinama koje su posve\u0107ene prepoznavanju prikladne primjene i rje\u0161enja za svaku specifi\u010dnu potrebu. Raspola\u017eemo temeljitim znanjem o [&hellip;]<\/p>\n","protected":false},"author":1,"featured_media":8795,"parent":0,"menu_order":0,"comment_status":"closed","ping_status":"closed","template":"","meta":{"footnotes":"","_links_to":"","_links_to_target":""},"folder":[1617],"class_list":["post-11860","page","type-page","status-publish","has-post-thumbnail","hentry"],"yoast_head":"<!-- This site is optimized with the Yoast SEO plugin v27.5 - https:\/\/yoast.com\/product\/yoast-seo-wordpress\/ -->\n<title>Internal Combustion Engines System Integrator - Rama Motori<\/title>\n<meta name=\"description\" content=\"Projektiramo cjelovita i po mjeri izra\u0111ena motorna rje\u0161enja, nude\u0107i na\u0161e vi\u0161egodi\u0161nje iskustvo za stvaranje najprikladnije primjene za svaku vrstu stroja.\" \/>\n<meta name=\"robots\" content=\"index, follow, max-snippet:-1, max-image-preview:large, max-video-preview:-1\" \/>\n<link rel=\"canonical\" href=\"https:\/\/www.ramamotori.it\/hr\/internal-combustion-engines-system-integrator\/\" \/>\n<meta property=\"og:locale\" content=\"hr_HR\" \/>\n<meta property=\"og:type\" content=\"article\" \/>\n<meta property=\"og:title\" content=\"Internal Combustion Engines System Integrator - Rama Motori\" \/>\n<meta property=\"og:description\" content=\"Projektiramo cjelovita i po mjeri izra\u0111ena motorna rje\u0161enja, nude\u0107i na\u0161e vi\u0161egodi\u0161nje iskustvo za stvaranje najprikladnije primjene za svaku vrstu stroja.\" \/>\n<meta property=\"og:url\" content=\"https:\/\/www.ramamotori.it\/hr\/internal-combustion-engines-system-integrator\/\" \/>\n<meta property=\"og:site_name\" content=\"Rama Motori\" \/>\n<meta property=\"article:publisher\" content=\"https:\/\/www.facebook.com\/ramamotori\/\" \/>\n<meta property=\"article:modified_time\" content=\"2025-06-30T16:55:01+00:00\" \/>\n<meta property=\"og:image\" content=\"https:\/\/www.ramamotori.it\/wp-content\/uploads\/2024\/05\/rama-motori-servizi-cover-3.jpg\" \/>\n\t<meta property=\"og:image:width\" content=\"1920\" \/>\n\t<meta property=\"og:image:height\" content=\"893\" \/>\n\t<meta property=\"og:image:type\" content=\"image\/jpeg\" \/>\n<meta name=\"twitter:card\" content=\"summary_large_image\" \/>\n<meta name=\"twitter:label1\" content=\"Procijenjeno vrijeme \u010ditanja\" \/>\n\t<meta name=\"twitter:data1\" content=\"3 minute\" \/>\n<script type=\"application\/ld+json\" class=\"yoast-schema-graph\">{\"@context\":\"https:\\\/\\\/schema.org\",\"@graph\":[{\"@type\":\"WebPage\",\"@id\":\"https:\\\/\\\/www.ramamotori.it\\\/hr\\\/internal-combustion-engines-system-integrator\\\/\",\"url\":\"https:\\\/\\\/www.ramamotori.it\\\/hr\\\/internal-combustion-engines-system-integrator\\\/\",\"name\":\"Internal Combustion Engines System Integrator - Rama Motori\",\"isPartOf\":{\"@id\":\"https:\\\/\\\/www.ramamotori.it\\\/hr\\\/#website\"},\"primaryImageOfPage\":{\"@id\":\"https:\\\/\\\/www.ramamotori.it\\\/hr\\\/internal-combustion-engines-system-integrator\\\/#primaryimage\"},\"image\":{\"@id\":\"https:\\\/\\\/www.ramamotori.it\\\/hr\\\/internal-combustion-engines-system-integrator\\\/#primaryimage\"},\"thumbnailUrl\":\"https:\\\/\\\/www.ramamotori.it\\\/wp-content\\\/uploads\\\/2024\\\/05\\\/rama-motori-servizi-cover-3.jpg\",\"datePublished\":\"2025-06-26T17:34:09+00:00\",\"dateModified\":\"2025-06-30T16:55:01+00:00\",\"description\":\"Projektiramo cjelovita i po mjeri izra\u0111ena motorna rje\u0161enja, nude\u0107i na\u0161e vi\u0161egodi\u0161nje iskustvo za stvaranje najprikladnije primjene za svaku vrstu stroja.\",\"breadcrumb\":{\"@id\":\"https:\\\/\\\/www.ramamotori.it\\\/hr\\\/internal-combustion-engines-system-integrator\\\/#breadcrumb\"},\"inLanguage\":\"hr\",\"potentialAction\":[{\"@type\":\"ReadAction\",\"target\":[\"https:\\\/\\\/www.ramamotori.it\\\/hr\\\/internal-combustion-engines-system-integrator\\\/\"]}]},{\"@type\":\"ImageObject\",\"inLanguage\":\"hr\",\"@id\":\"https:\\\/\\\/www.ramamotori.it\\\/hr\\\/internal-combustion-engines-system-integrator\\\/#primaryimage\",\"url\":\"https:\\\/\\\/www.ramamotori.it\\\/wp-content\\\/uploads\\\/2024\\\/05\\\/rama-motori-servizi-cover-3.jpg\",\"contentUrl\":\"https:\\\/\\\/www.ramamotori.it\\\/wp-content\\\/uploads\\\/2024\\\/05\\\/rama-motori-servizi-cover-3.jpg\",\"width\":1920,\"height\":893},{\"@type\":\"BreadcrumbList\",\"@id\":\"https:\\\/\\\/www.ramamotori.it\\\/hr\\\/internal-combustion-engines-system-integrator\\\/#breadcrumb\",\"itemListElement\":[{\"@type\":\"ListItem\",\"position\":1,\"name\":\"Home\",\"item\":\"https:\\\/\\\/www.ramamotori.it\\\/hr\\\/\"},{\"@type\":\"ListItem\",\"position\":2,\"name\":\"Internal Combustion Engines System Integrator\"}]},{\"@type\":\"WebSite\",\"@id\":\"https:\\\/\\\/www.ramamotori.it\\\/hr\\\/#website\",\"url\":\"https:\\\/\\\/www.ramamotori.it\\\/hr\\\/\",\"name\":\"Rama Motori\",\"description\":\"\",\"publisher\":{\"@id\":\"https:\\\/\\\/www.ramamotori.it\\\/hr\\\/#organization\"},\"potentialAction\":[{\"@type\":\"SearchAction\",\"target\":{\"@type\":\"EntryPoint\",\"urlTemplate\":\"https:\\\/\\\/www.ramamotori.it\\\/hr\\\/?s={search_term_string}\"},\"query-input\":{\"@type\":\"PropertyValueSpecification\",\"valueRequired\":true,\"valueName\":\"search_term_string\"}}],\"inLanguage\":\"hr\"},{\"@type\":\"Organization\",\"@id\":\"https:\\\/\\\/www.ramamotori.it\\\/hr\\\/#organization\",\"name\":\"Rama Motori\",\"url\":\"https:\\\/\\\/www.ramamotori.it\\\/hr\\\/\",\"logo\":{\"@type\":\"ImageObject\",\"inLanguage\":\"hr\",\"@id\":\"https:\\\/\\\/www.ramamotori.it\\\/hr\\\/#\\\/schema\\\/logo\\\/image\\\/\",\"url\":\"https:\\\/\\\/www.ramamotori.it\\\/wp-content\\\/uploads\\\/2024\\\/02\\\/rama-motori-logo-margin.png\",\"contentUrl\":\"https:\\\/\\\/www.ramamotori.it\\\/wp-content\\\/uploads\\\/2024\\\/02\\\/rama-motori-logo-margin.png\",\"width\":640,\"height\":240,\"caption\":\"Rama Motori\"},\"image\":{\"@id\":\"https:\\\/\\\/www.ramamotori.it\\\/hr\\\/#\\\/schema\\\/logo\\\/image\\\/\"},\"sameAs\":[\"https:\\\/\\\/www.facebook.com\\\/ramamotori\\\/\",\"https:\\\/\\\/www.linkedin.com\\\/company\\\/rama-motori\\\/\"]}]}<\/script>\n<!-- \/ Yoast SEO plugin. -->","yoast_head_json":{"title":"Internal Combustion Engines System Integrator - Rama Motori","description":"Projektiramo cjelovita i po mjeri izra\u0111ena motorna rje\u0161enja, nude\u0107i na\u0161e vi\u0161egodi\u0161nje iskustvo za stvaranje najprikladnije primjene za svaku vrstu stroja.","robots":{"index":"index","follow":"follow","max-snippet":"max-snippet:-1","max-image-preview":"max-image-preview:large","max-video-preview":"max-video-preview:-1"},"canonical":"https:\/\/www.ramamotori.it\/hr\/internal-combustion-engines-system-integrator\/","og_locale":"hr_HR","og_type":"article","og_title":"Internal Combustion Engines System Integrator - Rama Motori","og_description":"Projektiramo cjelovita i po mjeri izra\u0111ena motorna rje\u0161enja, nude\u0107i na\u0161e vi\u0161egodi\u0161nje iskustvo za stvaranje najprikladnije primjene za svaku vrstu stroja.","og_url":"https:\/\/www.ramamotori.it\/hr\/internal-combustion-engines-system-integrator\/","og_site_name":"Rama Motori","article_publisher":"https:\/\/www.facebook.com\/ramamotori\/","article_modified_time":"2025-06-30T16:55:01+00:00","og_image":[{"width":1920,"height":893,"url":"https:\/\/www.ramamotori.it\/wp-content\/uploads\/2024\/05\/rama-motori-servizi-cover-3.jpg","type":"image\/jpeg"}],"twitter_card":"summary_large_image","twitter_misc":{"Procijenjeno vrijeme \u010ditanja":"3 minute"},"schema":{"@context":"https:\/\/schema.org","@graph":[{"@type":"WebPage","@id":"https:\/\/www.ramamotori.it\/hr\/internal-combustion-engines-system-integrator\/","url":"https:\/\/www.ramamotori.it\/hr\/internal-combustion-engines-system-integrator\/","name":"Internal Combustion Engines System Integrator - Rama Motori","isPartOf":{"@id":"https:\/\/www.ramamotori.it\/hr\/#website"},"primaryImageOfPage":{"@id":"https:\/\/www.ramamotori.it\/hr\/internal-combustion-engines-system-integrator\/#primaryimage"},"image":{"@id":"https:\/\/www.ramamotori.it\/hr\/internal-combustion-engines-system-integrator\/#primaryimage"},"thumbnailUrl":"https:\/\/www.ramamotori.it\/wp-content\/uploads\/2024\/05\/rama-motori-servizi-cover-3.jpg","datePublished":"2025-06-26T17:34:09+00:00","dateModified":"2025-06-30T16:55:01+00:00","description":"Projektiramo cjelovita i po mjeri izra\u0111ena motorna rje\u0161enja, nude\u0107i na\u0161e vi\u0161egodi\u0161nje iskustvo za stvaranje najprikladnije primjene za svaku vrstu stroja.","breadcrumb":{"@id":"https:\/\/www.ramamotori.it\/hr\/internal-combustion-engines-system-integrator\/#breadcrumb"},"inLanguage":"hr","potentialAction":[{"@type":"ReadAction","target":["https:\/\/www.ramamotori.it\/hr\/internal-combustion-engines-system-integrator\/"]}]},{"@type":"ImageObject","inLanguage":"hr","@id":"https:\/\/www.ramamotori.it\/hr\/internal-combustion-engines-system-integrator\/#primaryimage","url":"https:\/\/www.ramamotori.it\/wp-content\/uploads\/2024\/05\/rama-motori-servizi-cover-3.jpg","contentUrl":"https:\/\/www.ramamotori.it\/wp-content\/uploads\/2024\/05\/rama-motori-servizi-cover-3.jpg","width":1920,"height":893},{"@type":"BreadcrumbList","@id":"https:\/\/www.ramamotori.it\/hr\/internal-combustion-engines-system-integrator\/#breadcrumb","itemListElement":[{"@type":"ListItem","position":1,"name":"Home","item":"https:\/\/www.ramamotori.it\/hr\/"},{"@type":"ListItem","position":2,"name":"Internal Combustion Engines System Integrator"}]},{"@type":"WebSite","@id":"https:\/\/www.ramamotori.it\/hr\/#website","url":"https:\/\/www.ramamotori.it\/hr\/","name":"Rama Motori","description":"","publisher":{"@id":"https:\/\/www.ramamotori.it\/hr\/#organization"},"potentialAction":[{"@type":"SearchAction","target":{"@type":"EntryPoint","urlTemplate":"https:\/\/www.ramamotori.it\/hr\/?s={search_term_string}"},"query-input":{"@type":"PropertyValueSpecification","valueRequired":true,"valueName":"search_term_string"}}],"inLanguage":"hr"},{"@type":"Organization","@id":"https:\/\/www.ramamotori.it\/hr\/#organization","name":"Rama Motori","url":"https:\/\/www.ramamotori.it\/hr\/","logo":{"@type":"ImageObject","inLanguage":"hr","@id":"https:\/\/www.ramamotori.it\/hr\/#\/schema\/logo\/image\/","url":"https:\/\/www.ramamotori.it\/wp-content\/uploads\/2024\/02\/rama-motori-logo-margin.png","contentUrl":"https:\/\/www.ramamotori.it\/wp-content\/uploads\/2024\/02\/rama-motori-logo-margin.png","width":640,"height":240,"caption":"Rama Motori"},"image":{"@id":"https:\/\/www.ramamotori.it\/hr\/#\/schema\/logo\/image\/"},"sameAs":["https:\/\/www.facebook.com\/ramamotori\/","https:\/\/www.linkedin.com\/company\/rama-motori\/"]}]}},"_links":{"self":[{"href":"https:\/\/www.ramamotori.it\/hr\/wp-json\/wp\/v2\/pages\/11860","targetHints":{"allow":["GET"]}}],"collection":[{"href":"https:\/\/www.ramamotori.it\/hr\/wp-json\/wp\/v2\/pages"}],"about":[{"href":"https:\/\/www.ramamotori.it\/hr\/wp-json\/wp\/v2\/types\/page"}],"author":[{"embeddable":true,"href":"https:\/\/www.ramamotori.it\/hr\/wp-json\/wp\/v2\/users\/1"}],"replies":[{"embeddable":true,"href":"https:\/\/www.ramamotori.it\/hr\/wp-json\/wp\/v2\/comments?post=11860"}],"version-history":[{"count":8,"href":"https:\/\/www.ramamotori.it\/hr\/wp-json\/wp\/v2\/pages\/11860\/revisions"}],"predecessor-version":[{"id":11969,"href":"https:\/\/www.ramamotori.it\/hr\/wp-json\/wp\/v2\/pages\/11860\/revisions\/11969"}],"wp:featuredmedia":[{"embeddable":true,"href":"https:\/\/www.ramamotori.it\/hr\/wp-json\/wp\/v2\/media\/8795"}],"wp:attachment":[{"href":"https:\/\/www.ramamotori.it\/hr\/wp-json\/wp\/v2\/media?parent=11860"}],"wp:term":[{"taxonomy":"folder","embeddable":true,"href":"https:\/\/www.ramamotori.it\/hr\/wp-json\/wp\/v2\/folder?post=11860"}],"curies":[{"name":"wp","href":"https:\/\/api.w.org\/{rel}","templated":true}]}}