{"id":8578,"date":"2024-02-15T12:32:33","date_gmt":"2024-02-15T11:32:33","guid":{"rendered":"https:\/\/www.ramamotori.it\/korisnicka-podrska\/"},"modified":"2025-08-04T16:20:01","modified_gmt":"2025-08-04T14:20:01","slug":"korisnicka-podrska","status":"publish","type":"page","link":"https:\/\/www.ramamotori.it\/hr\/korisnicka-podrska\/","title":{"rendered":"Korisni\u010dka podr\u0161ka"},"content":{"rendered":"<div class=\"wpb-content-wrapper\"><p>[vc_row bg_type=&#8221;color&#8221; header_feature=&#8221;yes&#8221; padding_top=&#8221;5%&#8221; margin_bottom=&#8221;0&#8243; bg_color=&#8221;#ededed&#8221;][vc_column][vc_column_text]<\/p>\n<h2>Maksimalna u\u010dinkovitost.<\/h2>\n<p>[\/vc_column_text][vc_row_inner][vc_column_inner width=&#8221;1\/2&#8243;][vc_column_text]La fornitura di un motore implica per Rama Motori l&#8217;impegno a garantirne la massima efficienza e affidabilit\u00e0 nel corso del tempo. Il nostro Ufficio Assistenza supporta in questo senso i clienti, sollecitando controlli regolari e interventi di manutenzione programmata e intervenendo in maniera diretta quando necessario con un servizio di riparazione rapido e affidabile per minimizzare i tempi di fermo macchina.[\/vc_column_text][\/vc_column_inner][vc_column_inner width=&#8221;1\/2&#8243;][vc_column_text]Koristimo dijagnosti\u010dke alate najnovije generacije za brzo prepoznavanje problema motora, ra\u010dunaju\u0107i pritom na suradnju s Uredom za rezervne dijelove, kako bismo raspolagali originalnim komponentama i tako osigurali maksimalnu kompatibilnost i optimalne performanse. Oslanjanje na na\u0161u uslugu korisni\u010dke podr\u0161ke zapravo zna\u010di odabir partnera koji razumije va\u017enost kontinuiteta i performanse industrijskih strojeva unutar operativnog toka.[\/vc_column_text][\/vc_column_inner][\/vc_row_inner][\/vc_column][\/vc_row][vc_row heading_color=&#8221;light&#8221; bg_type=&#8221;color&#8221; padding_top=&#8221;5%&#8221; padding_bottom=&#8221;5%&#8221; margin_bottom=&#8221;0&#8243; bg_color=&#8221;#ededed&#8221;][vc_column width=&#8221;1\/3&#8243;]<div class=\"grve-element grve-image grve-align-center\" style=\"\"><img loading=\"lazy\" decoding=\"async\" width=\"671\" height=\"395\" src=\"https:\/\/www.ramamotori.it\/wp-content\/uploads\/2024\/05\/ramamotori-assistenza-1.png\" class=\"grve-full-image attachment-full size-full\" alt=\"\" srcset=\"https:\/\/www.ramamotori.it\/wp-content\/uploads\/2024\/05\/ramamotori-assistenza-1.png 671w, https:\/\/www.ramamotori.it\/wp-content\/uploads\/2024\/05\/ramamotori-assistenza-1-300x177.png 300w, https:\/\/www.ramamotori.it\/wp-content\/uploads\/2024\/05\/ramamotori-assistenza-1-600x353.png 600w\" sizes=\"auto, (max-width: 671px) 100vw, 671px\" \/><\/div>[vc_empty_space][\/vc_column][vc_column width=&#8221;1\/3&#8243;]<div class=\"grve-element grve-image grve-align-center\" style=\"\"><img loading=\"lazy\" decoding=\"async\" width=\"672\" height=\"395\" src=\"https:\/\/www.ramamotori.it\/wp-content\/uploads\/2024\/05\/ramamotori-assistenza-2.png\" class=\"grve-full-image attachment-full size-full\" alt=\"\" srcset=\"https:\/\/www.ramamotori.it\/wp-content\/uploads\/2024\/05\/ramamotori-assistenza-2.png 672w, https:\/\/www.ramamotori.it\/wp-content\/uploads\/2024\/05\/ramamotori-assistenza-2-300x176.png 300w, https:\/\/www.ramamotori.it\/wp-content\/uploads\/2024\/05\/ramamotori-assistenza-2-600x353.png 600w\" sizes=\"auto, (max-width: 672px) 100vw, 672px\" \/><\/div>[vc_empty_space][\/vc_column][vc_column width=&#8221;1\/3&#8243;]<div class=\"grve-element grve-image grve-align-center\" style=\"\"><img loading=\"lazy\" decoding=\"async\" width=\"576\" height=\"340\" src=\"https:\/\/www.ramamotori.it\/wp-content\/uploads\/2024\/05\/rama-motori-servizi-progettazione-2.png\" class=\"grve-full-image attachment-full size-full\" alt=\"\" srcset=\"https:\/\/www.ramamotori.it\/wp-content\/uploads\/2024\/05\/rama-motori-servizi-progettazione-2.png 576w, https:\/\/www.ramamotori.it\/wp-content\/uploads\/2024\/05\/rama-motori-servizi-progettazione-2-300x177.png 300w\" sizes=\"auto, (max-width: 576px) 100vw, 576px\" \/><\/div>[vc_empty_space][\/vc_column][\/vc_row][vc_row padding_top=&#8221;5%&#8221; padding_bottom=&#8221;10%&#8221; margin_bottom=&#8221;0&#8243; section_id=&#8221;assistenza&#8221;][vc_column width=&#8221;1\/3&#8243;][vc_column_text]<img loading=\"lazy\" decoding=\"async\" class=\"alignnone wp-image-137\" src=\"https:\/\/www.ramamotori.it\/wp-content\/uploads\/2024\/02\/pictogram-color-text.png\" alt=\"\" width=\"478\" height=\"53\" \/>[\/vc_column_text][vc_column_text]<\/p>\n<h2>Servisni centri.<\/h2>\n<p>[\/vc_column_text][vc_column_text text_style=&#8221;leader-text&#8221;]Odaberite marku i prona\u0111ite najbli\u017ei servisni centar.<br \/>\n[\/vc_column_text][vc_empty_space][\/vc_column][vc_column width=&#8221;2\/3&#8243;][vc_row_inner][vc_column_inner width=&#8221;1\/3&#8243;]<div class=\"grve-element grve-image grve-align-center\" style=\"\"><a href=\"https:\/\/www.ramamotori.it\/hr\/korisnicka-podrska\/korisnicka-podrska-john-deere\/\" target=\"_self\" class=\" \"><img loading=\"lazy\" decoding=\"async\" width=\"600\" height=\"300\" src=\"https:\/\/www.ramamotori.it\/wp-content\/uploads\/2024\/02\/rama-motori-brands-john-deere.jpg\" class=\"attachment-full size-full\" alt=\"Logo John Deere\" srcset=\"https:\/\/www.ramamotori.it\/wp-content\/uploads\/2024\/02\/rama-motori-brands-john-deere.jpg 600w, https:\/\/www.ramamotori.it\/wp-content\/uploads\/2024\/02\/rama-motori-brands-john-deere-300x150.jpg 300w\" sizes=\"auto, (max-width: 600px) 100vw, 600px\" \/><\/a><\/div>[\/vc_column_inner][vc_column_inner width=&#8221;1\/3&#8243;]<div class=\"grve-element grve-image grve-align-center\" style=\"\"><a href=\"https:\/\/www.ramamotori.it\/hr\/korisnicka-podrska\/korisnicka-podrska-kawasaki\/\" target=\"_self\" class=\" \"><img loading=\"lazy\" decoding=\"async\" width=\"600\" height=\"300\" src=\"https:\/\/www.ramamotori.it\/wp-content\/uploads\/2024\/02\/rama-motori-brands-kawasaki-engines.jpg\" class=\"attachment-full size-full\" alt=\"Logo Kawasaki\" srcset=\"https:\/\/www.ramamotori.it\/wp-content\/uploads\/2024\/02\/rama-motori-brands-kawasaki-engines.jpg 600w, https:\/\/www.ramamotori.it\/wp-content\/uploads\/2024\/02\/rama-motori-brands-kawasaki-engines-300x150.jpg 300w\" sizes=\"auto, (max-width: 600px) 100vw, 600px\" \/><\/a><\/div>[\/vc_column_inner][vc_column_inner width=&#8221;1\/3&#8243;]<div class=\"grve-element grve-image grve-align-center\" style=\"\"><a href=\"https:\/\/www.ramamotori.it\/hr\/korisnicka-podrska\/korisnicka-podrska-psi\/\" target=\"_self\" class=\" \"><img loading=\"lazy\" decoding=\"async\" width=\"600\" height=\"300\" src=\"https:\/\/www.ramamotori.it\/wp-content\/uploads\/2024\/02\/rama-motori-power-solutions-international.jpg\" class=\"attachment-full size-full\" alt=\"Logo PSI Power Solutions International\" srcset=\"https:\/\/www.ramamotori.it\/wp-content\/uploads\/2024\/02\/rama-motori-power-solutions-international.jpg 600w, https:\/\/www.ramamotori.it\/wp-content\/uploads\/2024\/02\/rama-motori-power-solutions-international-300x150.jpg 300w\" sizes=\"auto, (max-width: 600px) 100vw, 600px\" \/><\/a><\/div>[\/vc_column_inner][\/vc_row_inner][vc_row_inner][vc_column_inner width=&#8221;1\/3&#8243;]<div class=\"grve-element grve-image grve-align-center\" style=\"\"><a href=\"https:\/\/www.ramamotori.it\/hr\/korisnicka-podrska\/korisnicka-podrska-tedom\/\" target=\"_self\" class=\" \"><img loading=\"lazy\" decoding=\"async\" width=\"600\" height=\"300\" src=\"https:\/\/www.ramamotori.it\/wp-content\/uploads\/2024\/02\/rama-motori-brands_tedom.jpg?ver=1715607914\" class=\"attachment-full size-full\" alt=\"Logo Tedom\" srcset=\"https:\/\/www.ramamotori.it\/wp-content\/uploads\/2024\/02\/rama-motori-brands_tedom.jpg 600w, https:\/\/www.ramamotori.it\/wp-content\/uploads\/2024\/02\/rama-motori-brands_tedom-300x150.jpg 300w\" sizes=\"auto, (max-width: 600px) 100vw, 600px\" \/><\/a><\/div>[\/vc_column_inner][vc_column_inner width=&#8221;1\/3&#8243;]<div class=\"grve-element grve-image grve-align-center\" style=\"\"><a href=\"https:\/\/www.ramamotori.it\/hr\/korisnicka-podrska\/korisnicka-podrska-hydro-gear\/\" target=\"_self\" class=\" \"><img loading=\"lazy\" decoding=\"async\" width=\"600\" height=\"300\" src=\"https:\/\/www.ramamotori.it\/wp-content\/uploads\/2024\/02\/rama-motori-brands-hydro-gear.jpg\" class=\"attachment-full size-full\" alt=\"Logo Hydro-Gear\" srcset=\"https:\/\/www.ramamotori.it\/wp-content\/uploads\/2024\/02\/rama-motori-brands-hydro-gear.jpg 600w, https:\/\/www.ramamotori.it\/wp-content\/uploads\/2024\/02\/rama-motori-brands-hydro-gear-300x150.jpg 300w\" sizes=\"auto, (max-width: 600px) 100vw, 600px\" \/><\/a><\/div>[\/vc_column_inner][vc_column_inner width=&#8221;1\/3&#8243;][\/vc_column_inner][\/vc_row_inner][vc_empty_space height=&#8221;90px&#8221;][vc_row_inner][vc_column_inner width=&#8221;1\/3&#8243;]<div class=\"grve-element grve-image grve-align-center\" style=\"\"><a href=\"https:\/\/www.ramamotori.it\/hr\/korisnicka-podrska\/korisnicka-podrska-john-deere-marine-power\/\" target=\"_self\" class=\" \"><img loading=\"lazy\" decoding=\"async\" width=\"600\" height=\"300\" src=\"https:\/\/www.ramamotori.it\/wp-content\/uploads\/2024\/02\/rama-motori-brands-john-deere-marine-power.jpg\" class=\"attachment-full size-full\" alt=\"Logo John Deere Marine\" srcset=\"https:\/\/www.ramamotori.it\/wp-content\/uploads\/2024\/02\/rama-motori-brands-john-deere-marine-power.jpg 600w, https:\/\/www.ramamotori.it\/wp-content\/uploads\/2024\/02\/rama-motori-brands-john-deere-marine-power-300x150.jpg 300w\" sizes=\"auto, (max-width: 600px) 100vw, 600px\" \/><\/a><\/div>[\/vc_column_inner][vc_column_inner width=&#8221;1\/3&#8243;]<div class=\"grve-element grve-image grve-align-center\" style=\"\"><a href=\"https:\/\/www.ramamotori.it\/hr\/korisnicka-podrska\/korisnicka-podrska-oxe-diesel\/\" target=\"_self\" class=\" \"><img loading=\"lazy\" decoding=\"async\" width=\"600\" height=\"300\" src=\"https:\/\/www.ramamotori.it\/wp-content\/uploads\/2024\/02\/rama-motori-brands-oxe.jpg\" class=\"attachment-full size-full\" alt=\"Logo Oxe Diesel\" srcset=\"https:\/\/www.ramamotori.it\/wp-content\/uploads\/2024\/02\/rama-motori-brands-oxe.jpg 600w, https:\/\/www.ramamotori.it\/wp-content\/uploads\/2024\/02\/rama-motori-brands-oxe-300x150.jpg 300w\" sizes=\"auto, (max-width: 600px) 100vw, 600px\" \/><\/a><\/div>[\/vc_column_inner][vc_column_inner width=&#8221;1\/3&#8243;]<div class=\"grve-element grve-image grve-align-center\" style=\"\"><a href=\"https:\/\/www.ramamotori.it\/hr\/korisnicka-podrska\/korisnicka-podrska-lombardini-marine\/\" target=\"_self\" class=\" \"><img loading=\"lazy\" decoding=\"async\" width=\"300\" height=\"150\" src=\"https:\/\/www.ramamotori.it\/wp-content\/uploads\/2025\/03\/Rehlko_Lombardini-Marine-600-x-300-px-2.png\" class=\"attachment-full size-full\" alt=\"Logo Lombardini Marine\" \/><\/a><\/div>[\/vc_column_inner][\/vc_row_inner][\/vc_column][\/vc_row][vc_row heading_color=&#8221;light&#8221; bg_type=&#8221;image&#8221; bg_image=&#8221;6194&#8243; bg_image_type=&#8221;parallax&#8221; footer_feature=&#8221;yes&#8221; padding_top=&#8221;10%&#8221; padding_bottom=&#8221;10%&#8221; margin_bottom=&#8221;0&#8243;][vc_column][vc_column_text]<\/p>\n<h1 style=\"text-align: center;\">\u017delite li kontaktirati na\u0161u slu\u017ebu za korisni\u010dku podr\u0161ku?<\/h1>\n<p>[\/vc_column_text][vc_column_text text_style=&#8221;leader-text&#8221; el_class=&#8221;negativo&#8221;][\/vc_column_text][vc_empty_space]<div class=\"grve-element grve-align-center\"><a href=\"https:\/\/www.ramamotori.it\/hr\/kontakti\/\" title=\"proizvodi\" class=\"grve-btn grve-btn-small grve-extra-round grve-bg-white grve-bg-hover-primary-1\"><span><i class=\"fas fa-chevron-circle-right\"><\/i>Kontaktirajte nas<\/span><\/a><\/div>[vc_empty_space][\/vc_column][\/vc_row]<\/p>\n<\/div>","protected":false},"excerpt":{"rendered":"<p>[vc_row bg_type=&#8221;color&#8221; header_feature=&#8221;yes&#8221; padding_top=&#8221;5%&#8221; margin_bottom=&#8221;0&#8243; bg_color=&#8221;#ededed&#8221;][vc_column][vc_column_text] Maksimalna u\u010dinkovitost. [\/vc_column_text][vc_row_inner][vc_column_inner width=&#8221;1\/2&#8243;][vc_column_text]La fornitura di un motore implica per Rama Motori l&#8217;impegno a garantirne la massima efficienza e affidabilit\u00e0 nel corso del tempo. Il nostro Ufficio Assistenza supporta in questo senso i clienti, sollecitando controlli regolari e interventi di manutenzione programmata e intervenendo in maniera diretta quando necessario [&hellip;]<\/p>\n","protected":false},"author":1,"featured_media":8580,"parent":0,"menu_order":0,"comment_status":"closed","ping_status":"closed","template":"","meta":{"footnotes":"","_links_to":"","_links_to_target":""},"folder":[1122],"class_list":["post-8578","page","type-page","status-publish","has-post-thumbnail","hentry"],"yoast_head":"<!-- This site is optimized with the Yoast SEO plugin v27.5 - https:\/\/yoast.com\/product\/yoast-seo-wordpress\/ -->\n<title>Korisni\u010dka podr\u0161ka - Rama Motori<\/title>\n<meta name=\"description\" content=\"Nudimo vam tim visoko kvalificiranih i specijaliziranih tehni\u010dara, kako bi va\u0161e motore neprestano odr\u017eavali u savr\u0161enom radnom stanju.\" \/>\n<meta name=\"robots\" content=\"index, follow, max-snippet:-1, max-image-preview:large, max-video-preview:-1\" \/>\n<link rel=\"canonical\" href=\"https:\/\/www.ramamotori.it\/hr\/korisnicka-podrska\/\" \/>\n<meta property=\"og:locale\" content=\"hr_HR\" \/>\n<meta property=\"og:type\" content=\"article\" \/>\n<meta property=\"og:title\" content=\"Korisni\u010dka podr\u0161ka - Rama Motori\" \/>\n<meta property=\"og:description\" content=\"Nudimo vam tim visoko kvalificiranih i specijaliziranih tehni\u010dara, kako bi va\u0161e motore neprestano odr\u017eavali u savr\u0161enom radnom stanju.\" \/>\n<meta property=\"og:url\" content=\"https:\/\/www.ramamotori.it\/hr\/korisnicka-podrska\/\" \/>\n<meta property=\"og:site_name\" content=\"Rama Motori\" \/>\n<meta property=\"article:publisher\" content=\"https:\/\/www.facebook.com\/ramamotori\/\" \/>\n<meta property=\"article:modified_time\" content=\"2025-08-04T14:20:01+00:00\" \/>\n<meta property=\"og:image\" content=\"https:\/\/www.ramamotori.it\/wp-content\/uploads\/2024\/05\/rama-motori-assistenza-cover-3.jpg\" \/>\n\t<meta property=\"og:image:width\" content=\"1920\" \/>\n\t<meta property=\"og:image:height\" content=\"1080\" \/>\n\t<meta property=\"og:image:type\" content=\"image\/jpeg\" \/>\n<meta name=\"twitter:card\" content=\"summary_large_image\" \/>\n<meta name=\"twitter:label1\" content=\"Procijenjeno vrijeme \u010ditanja\" \/>\n\t<meta name=\"twitter:data1\" content=\"2 minute\" \/>\n<script type=\"application\/ld+json\" class=\"yoast-schema-graph\">{\"@context\":\"https:\\\/\\\/schema.org\",\"@graph\":[{\"@type\":\"WebPage\",\"@id\":\"https:\\\/\\\/www.ramamotori.it\\\/hr\\\/korisnicka-podrska\\\/\",\"url\":\"https:\\\/\\\/www.ramamotori.it\\\/hr\\\/korisnicka-podrska\\\/\",\"name\":\"Korisni\u010dka podr\u0161ka - Rama Motori\",\"isPartOf\":{\"@id\":\"https:\\\/\\\/www.ramamotori.it\\\/hr\\\/#website\"},\"primaryImageOfPage\":{\"@id\":\"https:\\\/\\\/www.ramamotori.it\\\/hr\\\/korisnicka-podrska\\\/#primaryimage\"},\"image\":{\"@id\":\"https:\\\/\\\/www.ramamotori.it\\\/hr\\\/korisnicka-podrska\\\/#primaryimage\"},\"thumbnailUrl\":\"https:\\\/\\\/www.ramamotori.it\\\/wp-content\\\/uploads\\\/2024\\\/05\\\/rama-motori-assistenza-cover-3.jpg\",\"datePublished\":\"2024-02-15T11:32:33+00:00\",\"dateModified\":\"2025-08-04T14:20:01+00:00\",\"description\":\"Nudimo vam tim visoko kvalificiranih i specijaliziranih tehni\u010dara, kako bi va\u0161e motore neprestano odr\u017eavali u savr\u0161enom radnom stanju.\",\"breadcrumb\":{\"@id\":\"https:\\\/\\\/www.ramamotori.it\\\/hr\\\/korisnicka-podrska\\\/#breadcrumb\"},\"inLanguage\":\"hr\",\"potentialAction\":[{\"@type\":\"ReadAction\",\"target\":[\"https:\\\/\\\/www.ramamotori.it\\\/hr\\\/korisnicka-podrska\\\/\"]}]},{\"@type\":\"ImageObject\",\"inLanguage\":\"hr\",\"@id\":\"https:\\\/\\\/www.ramamotori.it\\\/hr\\\/korisnicka-podrska\\\/#primaryimage\",\"url\":\"https:\\\/\\\/www.ramamotori.it\\\/wp-content\\\/uploads\\\/2024\\\/05\\\/rama-motori-assistenza-cover-3.jpg\",\"contentUrl\":\"https:\\\/\\\/www.ramamotori.it\\\/wp-content\\\/uploads\\\/2024\\\/05\\\/rama-motori-assistenza-cover-3.jpg\",\"width\":1920,\"height\":1080},{\"@type\":\"BreadcrumbList\",\"@id\":\"https:\\\/\\\/www.ramamotori.it\\\/hr\\\/korisnicka-podrska\\\/#breadcrumb\",\"itemListElement\":[{\"@type\":\"ListItem\",\"position\":1,\"name\":\"Home\",\"item\":\"https:\\\/\\\/www.ramamotori.it\\\/hr\\\/\"},{\"@type\":\"ListItem\",\"position\":2,\"name\":\"Korisni\u010dka podr\u0161ka\"}]},{\"@type\":\"WebSite\",\"@id\":\"https:\\\/\\\/www.ramamotori.it\\\/hr\\\/#website\",\"url\":\"https:\\\/\\\/www.ramamotori.it\\\/hr\\\/\",\"name\":\"Rama Motori\",\"description\":\"\",\"publisher\":{\"@id\":\"https:\\\/\\\/www.ramamotori.it\\\/hr\\\/#organization\"},\"potentialAction\":[{\"@type\":\"SearchAction\",\"target\":{\"@type\":\"EntryPoint\",\"urlTemplate\":\"https:\\\/\\\/www.ramamotori.it\\\/hr\\\/?s={search_term_string}\"},\"query-input\":{\"@type\":\"PropertyValueSpecification\",\"valueRequired\":true,\"valueName\":\"search_term_string\"}}],\"inLanguage\":\"hr\"},{\"@type\":\"Organization\",\"@id\":\"https:\\\/\\\/www.ramamotori.it\\\/hr\\\/#organization\",\"name\":\"Rama Motori\",\"url\":\"https:\\\/\\\/www.ramamotori.it\\\/hr\\\/\",\"logo\":{\"@type\":\"ImageObject\",\"inLanguage\":\"hr\",\"@id\":\"https:\\\/\\\/www.ramamotori.it\\\/hr\\\/#\\\/schema\\\/logo\\\/image\\\/\",\"url\":\"https:\\\/\\\/www.ramamotori.it\\\/wp-content\\\/uploads\\\/2024\\\/02\\\/rama-motori-logo-margin.png\",\"contentUrl\":\"https:\\\/\\\/www.ramamotori.it\\\/wp-content\\\/uploads\\\/2024\\\/02\\\/rama-motori-logo-margin.png\",\"width\":640,\"height\":240,\"caption\":\"Rama Motori\"},\"image\":{\"@id\":\"https:\\\/\\\/www.ramamotori.it\\\/hr\\\/#\\\/schema\\\/logo\\\/image\\\/\"},\"sameAs\":[\"https:\\\/\\\/www.facebook.com\\\/ramamotori\\\/\",\"https:\\\/\\\/www.linkedin.com\\\/company\\\/rama-motori\\\/\"]}]}<\/script>\n<!-- \/ Yoast SEO plugin. -->","yoast_head_json":{"title":"Korisni\u010dka podr\u0161ka - Rama Motori","description":"Nudimo vam tim visoko kvalificiranih i specijaliziranih tehni\u010dara, kako bi va\u0161e motore neprestano odr\u017eavali u savr\u0161enom radnom stanju.","robots":{"index":"index","follow":"follow","max-snippet":"max-snippet:-1","max-image-preview":"max-image-preview:large","max-video-preview":"max-video-preview:-1"},"canonical":"https:\/\/www.ramamotori.it\/hr\/korisnicka-podrska\/","og_locale":"hr_HR","og_type":"article","og_title":"Korisni\u010dka podr\u0161ka - Rama Motori","og_description":"Nudimo vam tim visoko kvalificiranih i specijaliziranih tehni\u010dara, kako bi va\u0161e motore neprestano odr\u017eavali u savr\u0161enom radnom stanju.","og_url":"https:\/\/www.ramamotori.it\/hr\/korisnicka-podrska\/","og_site_name":"Rama Motori","article_publisher":"https:\/\/www.facebook.com\/ramamotori\/","article_modified_time":"2025-08-04T14:20:01+00:00","og_image":[{"width":1920,"height":1080,"url":"https:\/\/www.ramamotori.it\/wp-content\/uploads\/2024\/05\/rama-motori-assistenza-cover-3.jpg","type":"image\/jpeg"}],"twitter_card":"summary_large_image","twitter_misc":{"Procijenjeno vrijeme \u010ditanja":"2 minute"},"schema":{"@context":"https:\/\/schema.org","@graph":[{"@type":"WebPage","@id":"https:\/\/www.ramamotori.it\/hr\/korisnicka-podrska\/","url":"https:\/\/www.ramamotori.it\/hr\/korisnicka-podrska\/","name":"Korisni\u010dka podr\u0161ka - Rama Motori","isPartOf":{"@id":"https:\/\/www.ramamotori.it\/hr\/#website"},"primaryImageOfPage":{"@id":"https:\/\/www.ramamotori.it\/hr\/korisnicka-podrska\/#primaryimage"},"image":{"@id":"https:\/\/www.ramamotori.it\/hr\/korisnicka-podrska\/#primaryimage"},"thumbnailUrl":"https:\/\/www.ramamotori.it\/wp-content\/uploads\/2024\/05\/rama-motori-assistenza-cover-3.jpg","datePublished":"2024-02-15T11:32:33+00:00","dateModified":"2025-08-04T14:20:01+00:00","description":"Nudimo vam tim visoko kvalificiranih i specijaliziranih tehni\u010dara, kako bi va\u0161e motore neprestano odr\u017eavali u savr\u0161enom radnom stanju.","breadcrumb":{"@id":"https:\/\/www.ramamotori.it\/hr\/korisnicka-podrska\/#breadcrumb"},"inLanguage":"hr","potentialAction":[{"@type":"ReadAction","target":["https:\/\/www.ramamotori.it\/hr\/korisnicka-podrska\/"]}]},{"@type":"ImageObject","inLanguage":"hr","@id":"https:\/\/www.ramamotori.it\/hr\/korisnicka-podrska\/#primaryimage","url":"https:\/\/www.ramamotori.it\/wp-content\/uploads\/2024\/05\/rama-motori-assistenza-cover-3.jpg","contentUrl":"https:\/\/www.ramamotori.it\/wp-content\/uploads\/2024\/05\/rama-motori-assistenza-cover-3.jpg","width":1920,"height":1080},{"@type":"BreadcrumbList","@id":"https:\/\/www.ramamotori.it\/hr\/korisnicka-podrska\/#breadcrumb","itemListElement":[{"@type":"ListItem","position":1,"name":"Home","item":"https:\/\/www.ramamotori.it\/hr\/"},{"@type":"ListItem","position":2,"name":"Korisni\u010dka podr\u0161ka"}]},{"@type":"WebSite","@id":"https:\/\/www.ramamotori.it\/hr\/#website","url":"https:\/\/www.ramamotori.it\/hr\/","name":"Rama Motori","description":"","publisher":{"@id":"https:\/\/www.ramamotori.it\/hr\/#organization"},"potentialAction":[{"@type":"SearchAction","target":{"@type":"EntryPoint","urlTemplate":"https:\/\/www.ramamotori.it\/hr\/?s={search_term_string}"},"query-input":{"@type":"PropertyValueSpecification","valueRequired":true,"valueName":"search_term_string"}}],"inLanguage":"hr"},{"@type":"Organization","@id":"https:\/\/www.ramamotori.it\/hr\/#organization","name":"Rama Motori","url":"https:\/\/www.ramamotori.it\/hr\/","logo":{"@type":"ImageObject","inLanguage":"hr","@id":"https:\/\/www.ramamotori.it\/hr\/#\/schema\/logo\/image\/","url":"https:\/\/www.ramamotori.it\/wp-content\/uploads\/2024\/02\/rama-motori-logo-margin.png","contentUrl":"https:\/\/www.ramamotori.it\/wp-content\/uploads\/2024\/02\/rama-motori-logo-margin.png","width":640,"height":240,"caption":"Rama Motori"},"image":{"@id":"https:\/\/www.ramamotori.it\/hr\/#\/schema\/logo\/image\/"},"sameAs":["https:\/\/www.facebook.com\/ramamotori\/","https:\/\/www.linkedin.com\/company\/rama-motori\/"]}]}},"_links":{"self":[{"href":"https:\/\/www.ramamotori.it\/hr\/wp-json\/wp\/v2\/pages\/8578","targetHints":{"allow":["GET"]}}],"collection":[{"href":"https:\/\/www.ramamotori.it\/hr\/wp-json\/wp\/v2\/pages"}],"about":[{"href":"https:\/\/www.ramamotori.it\/hr\/wp-json\/wp\/v2\/types\/page"}],"author":[{"embeddable":true,"href":"https:\/\/www.ramamotori.it\/hr\/wp-json\/wp\/v2\/users\/1"}],"replies":[{"embeddable":true,"href":"https:\/\/www.ramamotori.it\/hr\/wp-json\/wp\/v2\/comments?post=8578"}],"version-history":[{"count":8,"href":"https:\/\/www.ramamotori.it\/hr\/wp-json\/wp\/v2\/pages\/8578\/revisions"}],"predecessor-version":[{"id":12113,"href":"https:\/\/www.ramamotori.it\/hr\/wp-json\/wp\/v2\/pages\/8578\/revisions\/12113"}],"wp:featuredmedia":[{"embeddable":true,"href":"https:\/\/www.ramamotori.it\/hr\/wp-json\/wp\/v2\/media\/8580"}],"wp:attachment":[{"href":"https:\/\/www.ramamotori.it\/hr\/wp-json\/wp\/v2\/media?parent=8578"}],"wp:term":[{"taxonomy":"folder","embeddable":true,"href":"https:\/\/www.ramamotori.it\/hr\/wp-json\/wp\/v2\/folder?post=8578"}],"curies":[{"name":"wp","href":"https:\/\/api.w.org\/{rel}","templated":true}]}}