{"id":8699,"date":"2024-05-19T11:15:04","date_gmt":"2024-05-19T09:15:04","guid":{"rendered":"https:\/\/www.ramamotori.it\/hydro-gear\/"},"modified":"2024-10-07T13:59:48","modified_gmt":"2024-10-07T11:59:48","slug":"hydro-gear","status":"publish","type":"page","link":"https:\/\/www.ramamotori.it\/hr\/hydro-gear\/","title":{"rendered":"Hydro-Gear"},"content":{"rendered":"<div class=\"wpb-content-wrapper\"><p>[vc_row section_type=&#8221;fullwidth&#8221; bg_type=&#8221;image&#8221; header_feature=&#8221;yes&#8221; equal_column_height=&#8221;middle-content&#8221; margin_bottom=&#8221;0&#8243; section_id=&#8221;cover&#8221; padding_top=&#8221;0&#8243; padding_bottom=&#8221;0&#8243;][vc_column width=&#8221;1\/2&#8243; css=&#8221;.vc_custom_1708380491231{padding-left: 5% !important;}&#8221;][vc_empty_space height=&#8221;30px&#8221;][vc_column_text]<img loading=\"lazy\" decoding=\"async\" class=\"alignnone wp-image-3080\" src=\"https:\/\/www.ramamotori.it\/wp-content\/uploads\/2024\/03\/hydro-gear.jpg\" alt=\"\" width=\"300\" height=\"300\" srcset=\"https:\/\/www.ramamotori.it\/wp-content\/uploads\/2024\/03\/hydro-gear.jpg 520w, https:\/\/www.ramamotori.it\/wp-content\/uploads\/2024\/03\/hydro-gear-300x300.jpg 300w, https:\/\/www.ramamotori.it\/wp-content\/uploads\/2024\/03\/hydro-gear-150x150.jpg 150w, https:\/\/www.ramamotori.it\/wp-content\/uploads\/2024\/03\/hydro-gear-100x100.jpg 100w\" sizes=\"auto, (max-width: 300px) 100vw, 300px\" \/>[\/vc_column_text][vc_column_text]<\/p>\n<h3>Prijenosnici, pumpe i hidrauli\u010dni motori<\/h3>\n<h2>Hydro-Gear<\/h2>\n<p>[\/vc_column_text][vc_empty_space][\/vc_column][vc_column width=&#8221;1\/2&#8243;]<div class=\"grve-element grve-image grve-align-center\" style=\"\"><img loading=\"lazy\" decoding=\"async\" width=\"1010\" height=\"700\" src=\"https:\/\/www.ramamotori.it\/wp-content\/uploads\/2024\/05\/cover-brand-hydro-gear.jpg\" class=\"grve-full-image attachment-full size-full\" alt=\"\" srcset=\"https:\/\/www.ramamotori.it\/wp-content\/uploads\/2024\/05\/cover-brand-hydro-gear.jpg 1010w, https:\/\/www.ramamotori.it\/wp-content\/uploads\/2024\/05\/cover-brand-hydro-gear-300x208.jpg 300w, https:\/\/www.ramamotori.it\/wp-content\/uploads\/2024\/05\/cover-brand-hydro-gear-768x532.jpg 768w, https:\/\/www.ramamotori.it\/wp-content\/uploads\/2024\/05\/cover-brand-hydro-gear-600x416.jpg 600w\" sizes=\"auto, (max-width: 1010px) 100vw, 1010px\" \/><\/div>[\/vc_column][\/vc_row][vc_row bg_type=&#8221;color&#8221; bg_color=&#8221;#f4f3f3&#8243; padding_top=&#8221;5%&#8221; margin_bottom=&#8221;0&#8243;][vc_column width=&#8221;1\/2&#8243;][vc_column_text]Ameri\u010dka multinacionalna tvrtka Hydro-Gear svjetski je lider u razvoju i proizvodnji hidrostatskih prijenosnika za industrijska, profesionalna i hobi tr\u017ei\u0161ta. Raspon proizvoda uklju\u010duje integrirana rje\u0161enja, pumpe promjenjivog volumena i hidrauli\u010dne motore.[\/vc_column_text][vc_empty_space][vc_empty_space][\/vc_column][vc_column width=&#8221;1\/2&#8243;][vc_empty_space][\/vc_column][\/vc_row][vc_row bg_type=&#8221;color&#8221; bg_color=&#8221;#f4f3f3&#8243; padding_bottom=&#8221;5%&#8221;][vc_column width=&#8221;1\/2&#8243;]<div class=\"grve-element grve-align-left\"><a href=\"https:\/\/www.ramamotori.it\/hr\/korisnicka-podrska\/korisnicka-podrska-hydro-gear\/\" title=\"Registrirajte svoj motor\" class=\"grve-btn grve-btn-small grve-extra-round grve-bg-primary-1 grve-bg-hover-white\"><span><i class=\"fas fa-chevron-circle-right\"><\/i>Servisni centri<\/span><\/a><\/div>[\/vc_column][vc_column width=&#8221;1\/2&#8243;][\/vc_column][\/vc_row][vc_row][vc_column][vc_column_text]<\/p>\n<h3>Proizvodi<\/h3>\n<p>[\/vc_column_text]<div class=\"woocommerce columns-4\"><ul class=\"products columns-4\">\n<li class=\"product-category product first\">\n\t<a aria-label=\"Posjetite kategoriju proizvoda Hydro-Gear, svi proizvodi\" href=\"https:\/\/www.ramamotori.it\/hr\/kategorija-proizvoda\/hydro-gear-svi-proizvodi\/\"><img loading=\"lazy\" decoding=\"async\" src=\"https:\/\/www.ramamotori.it\/wp-content\/uploads\/2024\/02\/ZT-3400-1_-300x300.jpg\" alt=\"Hydro-Gear, svi proizvodi\" width=\"300\" height=\"300\" srcset=\"https:\/\/www.ramamotori.it\/wp-content\/uploads\/2024\/02\/ZT-3400-1_-300x300.jpg 300w, https:\/\/www.ramamotori.it\/wp-content\/uploads\/2024\/02\/ZT-3400-1_-1024x1024.jpg 1024w, https:\/\/www.ramamotori.it\/wp-content\/uploads\/2024\/02\/ZT-3400-1_-150x150.jpg 150w, https:\/\/www.ramamotori.it\/wp-content\/uploads\/2024\/02\/ZT-3400-1_-768x768.jpg 768w, https:\/\/www.ramamotori.it\/wp-content\/uploads\/2024\/02\/ZT-3400-1_-600x600.jpg 600w, https:\/\/www.ramamotori.it\/wp-content\/uploads\/2024\/02\/ZT-3400-1_-1120x1120.jpg 1120w, https:\/\/www.ramamotori.it\/wp-content\/uploads\/2024\/02\/ZT-3400-1_-100x100.jpg 100w, https:\/\/www.ramamotori.it\/wp-content\/uploads\/2024\/02\/ZT-3400-1_.jpg 1200w\" sizes=\"auto, (max-width: 300px) 100vw, 300px\" \/>\t\t<h2 class=\"woocommerce-loop-category__title\">\n\t\t\tHydro-Gear, svi proizvodi <mark class=\"count\">(23)<\/mark>\t\t<\/h2>\n\t\t<\/a><\/li>\n<li class=\"product-category product\">\n\t<a aria-label=\"Posjetite kategoriju proizvoda Klipni motori za hidrauliku\" href=\"https:\/\/www.ramamotori.it\/hr\/kategorija-proizvoda\/hydro-gear-svi-proizvodi\/klipni-motori-za-hidrauliku\/\"><img loading=\"lazy\" decoding=\"async\" src=\"https:\/\/www.ramamotori.it\/wp-content\/uploads\/2024\/02\/HGM-H-1_-300x300.jpg\" alt=\"Klipni motori za hidrauliku\" width=\"300\" height=\"300\" srcset=\"https:\/\/www.ramamotori.it\/wp-content\/uploads\/2024\/02\/HGM-H-1_-300x300.jpg 300w, https:\/\/www.ramamotori.it\/wp-content\/uploads\/2024\/02\/HGM-H-1_-1024x1024.jpg 1024w, https:\/\/www.ramamotori.it\/wp-content\/uploads\/2024\/02\/HGM-H-1_-150x150.jpg 150w, https:\/\/www.ramamotori.it\/wp-content\/uploads\/2024\/02\/HGM-H-1_-768x768.jpg 768w, https:\/\/www.ramamotori.it\/wp-content\/uploads\/2024\/02\/HGM-H-1_-600x600.jpg 600w, https:\/\/www.ramamotori.it\/wp-content\/uploads\/2024\/02\/HGM-H-1_-1120x1120.jpg 1120w, https:\/\/www.ramamotori.it\/wp-content\/uploads\/2024\/02\/HGM-H-1_-100x100.jpg 100w, https:\/\/www.ramamotori.it\/wp-content\/uploads\/2024\/02\/HGM-H-1_.jpg 1200w\" sizes=\"auto, (max-width: 300px) 100vw, 300px\" \/>\t\t<h2 class=\"woocommerce-loop-category__title\">\n\t\t\tKlipni motori za hidrauliku <mark class=\"count\">(3)<\/mark>\t\t<\/h2>\n\t\t<\/a><\/li>\n<li class=\"product-category product\">\n\t<a aria-label=\"Posjetite kategoriju proizvoda Pumpe za hidrauliku\" href=\"https:\/\/www.ramamotori.it\/hr\/kategorija-proizvoda\/hydro-gear-svi-proizvodi\/pumpe-za-hidrauliku\/\"><img loading=\"lazy\" decoding=\"async\" src=\"https:\/\/www.ramamotori.it\/wp-content\/uploads\/2024\/02\/PC-1-300x300.jpg\" alt=\"Pumpe za hidrauliku\" width=\"300\" height=\"300\" srcset=\"https:\/\/www.ramamotori.it\/wp-content\/uploads\/2024\/02\/PC-1-300x300.jpg 300w, https:\/\/www.ramamotori.it\/wp-content\/uploads\/2024\/02\/PC-1-150x150.jpg 150w, https:\/\/www.ramamotori.it\/wp-content\/uploads\/2024\/02\/PC-1-600x600.jpg 600w, https:\/\/www.ramamotori.it\/wp-content\/uploads\/2024\/02\/PC-1-100x100.jpg 100w, https:\/\/www.ramamotori.it\/wp-content\/uploads\/2024\/02\/PC-1.jpg 700w\" sizes=\"auto, (max-width: 300px) 100vw, 300px\" \/>\t\t<h2 class=\"woocommerce-loop-category__title\">\n\t\t\tPumpe za hidrauliku <mark class=\"count\">(5)<\/mark>\t\t<\/h2>\n\t\t<\/a><\/li>\n<\/ul>\n<\/div>[vc_empty_space height=&#8221;60px&#8221;][vc_column_text]<\/p>\n<h4>Hidrostatski prijenosnici<\/h4>\n<p>[\/vc_column_text][vc_empty_space]<div class=\"woocommerce columns-4\"><ul class=\"products columns-4\">\n<li class=\"product-category product first\">\n\t<a aria-label=\"Posjetite kategoriju proizvoda Hidrostatske osovine\" href=\"https:\/\/www.ramamotori.it\/hr\/kategorija-proizvoda\/hydro-gear-svi-proizvodi\/prijenosnici-za-hidrauliku\/hidrostatske-osovine\/\"><img loading=\"lazy\" decoding=\"async\" src=\"https:\/\/www.ramamotori.it\/wp-content\/uploads\/2024\/02\/G730-1_-300x300.jpg\" alt=\"Hidrostatske osovine\" width=\"300\" height=\"300\" srcset=\"https:\/\/www.ramamotori.it\/wp-content\/uploads\/2024\/02\/G730-1_-300x300.jpg 300w, https:\/\/www.ramamotori.it\/wp-content\/uploads\/2024\/02\/G730-1_-1024x1024.jpg 1024w, https:\/\/www.ramamotori.it\/wp-content\/uploads\/2024\/02\/G730-1_-150x150.jpg 150w, https:\/\/www.ramamotori.it\/wp-content\/uploads\/2024\/02\/G730-1_-768x768.jpg 768w, https:\/\/www.ramamotori.it\/wp-content\/uploads\/2024\/02\/G730-1_-600x600.jpg 600w, https:\/\/www.ramamotori.it\/wp-content\/uploads\/2024\/02\/G730-1_-1120x1120.jpg 1120w, https:\/\/www.ramamotori.it\/wp-content\/uploads\/2024\/02\/G730-1_-100x100.jpg 100w, https:\/\/www.ramamotori.it\/wp-content\/uploads\/2024\/02\/G730-1_.jpg 1200w\" sizes=\"auto, (max-width: 300px) 100vw, 300px\" \/>\t\t<h2 class=\"woocommerce-loop-category__title\">\n\t\t\tHidrostatske osovine <mark class=\"count\">(5)<\/mark>\t\t<\/h2>\n\t\t<\/a><\/li>\n<li class=\"product-category product\">\n\t<a aria-label=\"Posjetite kategoriju proizvoda Nulti radijus\" href=\"https:\/\/www.ramamotori.it\/hr\/kategorija-proizvoda\/hydro-gear-svi-proizvodi\/prijenosnici-za-hidrauliku\/nulti-radijus\/\"><img loading=\"lazy\" decoding=\"async\" src=\"https:\/\/www.ramamotori.it\/wp-content\/uploads\/2024\/02\/ZT-2800-1_-300x300.jpg\" alt=\"Nulti radijus\" width=\"300\" height=\"300\" srcset=\"https:\/\/www.ramamotori.it\/wp-content\/uploads\/2024\/02\/ZT-2800-1_-300x300.jpg 300w, https:\/\/www.ramamotori.it\/wp-content\/uploads\/2024\/02\/ZT-2800-1_-1024x1024.jpg 1024w, https:\/\/www.ramamotori.it\/wp-content\/uploads\/2024\/02\/ZT-2800-1_-150x150.jpg 150w, https:\/\/www.ramamotori.it\/wp-content\/uploads\/2024\/02\/ZT-2800-1_-768x768.jpg 768w, https:\/\/www.ramamotori.it\/wp-content\/uploads\/2024\/02\/ZT-2800-1_-600x600.jpg 600w, https:\/\/www.ramamotori.it\/wp-content\/uploads\/2024\/02\/ZT-2800-1_-1120x1120.jpg 1120w, https:\/\/www.ramamotori.it\/wp-content\/uploads\/2024\/02\/ZT-2800-1_-100x100.jpg 100w, https:\/\/www.ramamotori.it\/wp-content\/uploads\/2024\/02\/ZT-2800-1_.jpg 1200w\" sizes=\"auto, (max-width: 300px) 100vw, 300px\" \/>\t\t<h2 class=\"woocommerce-loop-category__title\">\n\t\t\tNulti radijus <mark class=\"count\">(9)<\/mark>\t\t<\/h2>\n\t\t<\/a><\/li>\n<li class=\"product-category product\">\n\t<a aria-label=\"Posjetite kategoriju proizvoda Hidrostatski prijenosnici\" href=\"https:\/\/www.ramamotori.it\/hr\/kategorija-proizvoda\/hydro-gear-svi-proizvodi\/prijenosnici-za-hidrauliku\/hidrostatski-prijenosnici\/\"><img loading=\"lazy\" decoding=\"async\" src=\"https:\/\/www.ramamotori.it\/wp-content\/uploads\/2024\/02\/RT-310-1_-300x300.jpg\" alt=\"Hidrostatski prijenosnici\" width=\"300\" height=\"300\" srcset=\"https:\/\/www.ramamotori.it\/wp-content\/uploads\/2024\/02\/RT-310-1_-300x300.jpg 300w, https:\/\/www.ramamotori.it\/wp-content\/uploads\/2024\/02\/RT-310-1_-150x150.jpg 150w, https:\/\/www.ramamotori.it\/wp-content\/uploads\/2024\/02\/RT-310-1_-768x768.jpg 768w, https:\/\/www.ramamotori.it\/wp-content\/uploads\/2024\/02\/RT-310-1_-600x600.jpg 600w, https:\/\/www.ramamotori.it\/wp-content\/uploads\/2024\/02\/RT-310-1_-100x100.jpg 100w, https:\/\/www.ramamotori.it\/wp-content\/uploads\/2024\/02\/RT-310-1_.jpg 900w\" sizes=\"auto, (max-width: 300px) 100vw, 300px\" \/>\t\t<h2 class=\"woocommerce-loop-category__title\">\n\t\t\tHidrostatski prijenosnici <mark class=\"count\">(1)<\/mark>\t\t<\/h2>\n\t\t<\/a><\/li>\n<\/ul>\n<\/div>[vc_empty_space][\/vc_column][\/vc_row]<\/p>\n<\/div>","protected":false},"excerpt":{"rendered":"<p>[vc_row section_type=&#8221;fullwidth&#8221; bg_type=&#8221;image&#8221; header_feature=&#8221;yes&#8221; equal_column_height=&#8221;middle-content&#8221; margin_bottom=&#8221;0&#8243; section_id=&#8221;cover&#8221; padding_top=&#8221;0&#8243; padding_bottom=&#8221;0&#8243;][vc_column width=&#8221;1\/2&#8243; css=&#8221;.vc_custom_1708380491231{padding-left: 5% !important;}&#8221;][vc_empty_space height=&#8221;30px&#8221;][vc_column_text][\/vc_column_text][vc_column_text] Prijenosnici, pumpe i hidrauli\u010dni motori Hydro-Gear [\/vc_column_text][vc_empty_space][\/vc_column][vc_column width=&#8221;1\/2&#8243;][\/vc_column][\/vc_row][vc_row bg_type=&#8221;color&#8221; bg_color=&#8221;#f4f3f3&#8243; padding_top=&#8221;5%&#8221; margin_bottom=&#8221;0&#8243;][vc_column width=&#8221;1\/2&#8243;][vc_column_text]Ameri\u010dka multinacionalna tvrtka Hydro-Gear svjetski je lider u razvoju i proizvodnji hidrostatskih prijenosnika za industrijska, profesionalna i hobi tr\u017ei\u0161ta. Raspon proizvoda uklju\u010duje integrirana rje\u0161enja, pumpe promjenjivog volumena i hidrauli\u010dne [&hellip;]<\/p>\n","protected":false},"author":1,"featured_media":8700,"parent":0,"menu_order":0,"comment_status":"closed","ping_status":"closed","template":"","meta":{"footnotes":"","_links_to":"","_links_to_target":""},"folder":[1121],"class_list":["post-8699","page","type-page","status-publish","has-post-thumbnail","hentry"],"yoast_head":"<!-- This site is optimized with the Yoast SEO plugin v27.5 - https:\/\/yoast.com\/product\/yoast-seo-wordpress\/ -->\n<title>Hydro-Gear - Rama Motori<\/title>\n<meta name=\"description\" content=\"Prijenosnici, pumpe i hidrauli\u010dni motori Hydro-Gear. Ameri\u010dka multinacionalna tvrtka Hydro-Gear svjetski je lider u razvoju i proizvodnji hidrostatskih.\" \/>\n<meta name=\"robots\" content=\"index, follow, max-snippet:-1, max-image-preview:large, max-video-preview:-1\" \/>\n<link rel=\"canonical\" href=\"https:\/\/www.ramamotori.it\/hr\/hydro-gear\/\" \/>\n<meta property=\"og:locale\" content=\"hr_HR\" \/>\n<meta property=\"og:type\" content=\"article\" \/>\n<meta property=\"og:title\" content=\"Hydro-Gear - Rama Motori\" \/>\n<meta property=\"og:description\" content=\"Prijenosnici, pumpe i hidrauli\u010dni motori Hydro-Gear. Ameri\u010dka multinacionalna tvrtka Hydro-Gear svjetski je lider u razvoju i proizvodnji hidrostatskih.\" \/>\n<meta property=\"og:url\" content=\"https:\/\/www.ramamotori.it\/hr\/hydro-gear\/\" \/>\n<meta property=\"og:site_name\" content=\"Rama Motori\" \/>\n<meta property=\"article:publisher\" content=\"https:\/\/www.facebook.com\/ramamotori\/\" \/>\n<meta property=\"article:modified_time\" content=\"2024-10-07T11:59:48+00:00\" \/>\n<meta property=\"og:image\" content=\"https:\/\/www.ramamotori.it\/wp-content\/uploads\/2024\/03\/hydro-gear.jpg\" \/>\n\t<meta property=\"og:image:width\" content=\"520\" \/>\n\t<meta property=\"og:image:height\" content=\"520\" \/>\n\t<meta property=\"og:image:type\" content=\"image\/jpeg\" \/>\n<meta name=\"twitter:card\" content=\"summary_large_image\" \/>\n<meta name=\"twitter:label1\" content=\"Procijenjeno vrijeme \u010ditanja\" \/>\n\t<meta name=\"twitter:data1\" content=\"1 minuta\" \/>\n<script type=\"application\/ld+json\" class=\"yoast-schema-graph\">{\"@context\":\"https:\\\/\\\/schema.org\",\"@graph\":[{\"@type\":\"WebPage\",\"@id\":\"https:\\\/\\\/www.ramamotori.it\\\/hr\\\/hydro-gear\\\/\",\"url\":\"https:\\\/\\\/www.ramamotori.it\\\/hr\\\/hydro-gear\\\/\",\"name\":\"Hydro-Gear - Rama Motori\",\"isPartOf\":{\"@id\":\"https:\\\/\\\/www.ramamotori.it\\\/hr\\\/#website\"},\"primaryImageOfPage\":{\"@id\":\"https:\\\/\\\/www.ramamotori.it\\\/hr\\\/hydro-gear\\\/#primaryimage\"},\"image\":{\"@id\":\"https:\\\/\\\/www.ramamotori.it\\\/hr\\\/hydro-gear\\\/#primaryimage\"},\"thumbnailUrl\":\"https:\\\/\\\/www.ramamotori.it\\\/wp-content\\\/uploads\\\/2024\\\/03\\\/hydro-gear.jpg\",\"datePublished\":\"2024-05-19T09:15:04+00:00\",\"dateModified\":\"2024-10-07T11:59:48+00:00\",\"description\":\"Prijenosnici, pumpe i hidrauli\u010dni motori Hydro-Gear. Ameri\u010dka multinacionalna tvrtka Hydro-Gear svjetski je lider u razvoju i proizvodnji hidrostatskih.\",\"breadcrumb\":{\"@id\":\"https:\\\/\\\/www.ramamotori.it\\\/hr\\\/hydro-gear\\\/#breadcrumb\"},\"inLanguage\":\"hr\",\"potentialAction\":[{\"@type\":\"ReadAction\",\"target\":[\"https:\\\/\\\/www.ramamotori.it\\\/hr\\\/hydro-gear\\\/\"]}]},{\"@type\":\"ImageObject\",\"inLanguage\":\"hr\",\"@id\":\"https:\\\/\\\/www.ramamotori.it\\\/hr\\\/hydro-gear\\\/#primaryimage\",\"url\":\"https:\\\/\\\/www.ramamotori.it\\\/wp-content\\\/uploads\\\/2024\\\/03\\\/hydro-gear.jpg\",\"contentUrl\":\"https:\\\/\\\/www.ramamotori.it\\\/wp-content\\\/uploads\\\/2024\\\/03\\\/hydro-gear.jpg\",\"width\":520,\"height\":520},{\"@type\":\"BreadcrumbList\",\"@id\":\"https:\\\/\\\/www.ramamotori.it\\\/hr\\\/hydro-gear\\\/#breadcrumb\",\"itemListElement\":[{\"@type\":\"ListItem\",\"position\":1,\"name\":\"Home\",\"item\":\"https:\\\/\\\/www.ramamotori.it\\\/hr\\\/\"},{\"@type\":\"ListItem\",\"position\":2,\"name\":\"Hydro-Gear\"}]},{\"@type\":\"WebSite\",\"@id\":\"https:\\\/\\\/www.ramamotori.it\\\/hr\\\/#website\",\"url\":\"https:\\\/\\\/www.ramamotori.it\\\/hr\\\/\",\"name\":\"Rama Motori\",\"description\":\"\",\"publisher\":{\"@id\":\"https:\\\/\\\/www.ramamotori.it\\\/hr\\\/#organization\"},\"potentialAction\":[{\"@type\":\"SearchAction\",\"target\":{\"@type\":\"EntryPoint\",\"urlTemplate\":\"https:\\\/\\\/www.ramamotori.it\\\/hr\\\/?s={search_term_string}\"},\"query-input\":{\"@type\":\"PropertyValueSpecification\",\"valueRequired\":true,\"valueName\":\"search_term_string\"}}],\"inLanguage\":\"hr\"},{\"@type\":\"Organization\",\"@id\":\"https:\\\/\\\/www.ramamotori.it\\\/hr\\\/#organization\",\"name\":\"Rama Motori\",\"url\":\"https:\\\/\\\/www.ramamotori.it\\\/hr\\\/\",\"logo\":{\"@type\":\"ImageObject\",\"inLanguage\":\"hr\",\"@id\":\"https:\\\/\\\/www.ramamotori.it\\\/hr\\\/#\\\/schema\\\/logo\\\/image\\\/\",\"url\":\"https:\\\/\\\/www.ramamotori.it\\\/wp-content\\\/uploads\\\/2024\\\/02\\\/rama-motori-logo-margin.png\",\"contentUrl\":\"https:\\\/\\\/www.ramamotori.it\\\/wp-content\\\/uploads\\\/2024\\\/02\\\/rama-motori-logo-margin.png\",\"width\":640,\"height\":240,\"caption\":\"Rama Motori\"},\"image\":{\"@id\":\"https:\\\/\\\/www.ramamotori.it\\\/hr\\\/#\\\/schema\\\/logo\\\/image\\\/\"},\"sameAs\":[\"https:\\\/\\\/www.facebook.com\\\/ramamotori\\\/\",\"https:\\\/\\\/www.linkedin.com\\\/company\\\/rama-motori\\\/\"]}]}<\/script>\n<!-- \/ Yoast SEO plugin. -->","yoast_head_json":{"title":"Hydro-Gear - Rama Motori","description":"Prijenosnici, pumpe i hidrauli\u010dni motori Hydro-Gear. Ameri\u010dka multinacionalna tvrtka Hydro-Gear svjetski je lider u razvoju i proizvodnji hidrostatskih.","robots":{"index":"index","follow":"follow","max-snippet":"max-snippet:-1","max-image-preview":"max-image-preview:large","max-video-preview":"max-video-preview:-1"},"canonical":"https:\/\/www.ramamotori.it\/hr\/hydro-gear\/","og_locale":"hr_HR","og_type":"article","og_title":"Hydro-Gear - Rama Motori","og_description":"Prijenosnici, pumpe i hidrauli\u010dni motori Hydro-Gear. Ameri\u010dka multinacionalna tvrtka Hydro-Gear svjetski je lider u razvoju i proizvodnji hidrostatskih.","og_url":"https:\/\/www.ramamotori.it\/hr\/hydro-gear\/","og_site_name":"Rama Motori","article_publisher":"https:\/\/www.facebook.com\/ramamotori\/","article_modified_time":"2024-10-07T11:59:48+00:00","og_image":[{"width":520,"height":520,"url":"https:\/\/www.ramamotori.it\/wp-content\/uploads\/2024\/03\/hydro-gear.jpg","type":"image\/jpeg"}],"twitter_card":"summary_large_image","twitter_misc":{"Procijenjeno vrijeme \u010ditanja":"1 minuta"},"schema":{"@context":"https:\/\/schema.org","@graph":[{"@type":"WebPage","@id":"https:\/\/www.ramamotori.it\/hr\/hydro-gear\/","url":"https:\/\/www.ramamotori.it\/hr\/hydro-gear\/","name":"Hydro-Gear - Rama Motori","isPartOf":{"@id":"https:\/\/www.ramamotori.it\/hr\/#website"},"primaryImageOfPage":{"@id":"https:\/\/www.ramamotori.it\/hr\/hydro-gear\/#primaryimage"},"image":{"@id":"https:\/\/www.ramamotori.it\/hr\/hydro-gear\/#primaryimage"},"thumbnailUrl":"https:\/\/www.ramamotori.it\/wp-content\/uploads\/2024\/03\/hydro-gear.jpg","datePublished":"2024-05-19T09:15:04+00:00","dateModified":"2024-10-07T11:59:48+00:00","description":"Prijenosnici, pumpe i hidrauli\u010dni motori Hydro-Gear. Ameri\u010dka multinacionalna tvrtka Hydro-Gear svjetski je lider u razvoju i proizvodnji hidrostatskih.","breadcrumb":{"@id":"https:\/\/www.ramamotori.it\/hr\/hydro-gear\/#breadcrumb"},"inLanguage":"hr","potentialAction":[{"@type":"ReadAction","target":["https:\/\/www.ramamotori.it\/hr\/hydro-gear\/"]}]},{"@type":"ImageObject","inLanguage":"hr","@id":"https:\/\/www.ramamotori.it\/hr\/hydro-gear\/#primaryimage","url":"https:\/\/www.ramamotori.it\/wp-content\/uploads\/2024\/03\/hydro-gear.jpg","contentUrl":"https:\/\/www.ramamotori.it\/wp-content\/uploads\/2024\/03\/hydro-gear.jpg","width":520,"height":520},{"@type":"BreadcrumbList","@id":"https:\/\/www.ramamotori.it\/hr\/hydro-gear\/#breadcrumb","itemListElement":[{"@type":"ListItem","position":1,"name":"Home","item":"https:\/\/www.ramamotori.it\/hr\/"},{"@type":"ListItem","position":2,"name":"Hydro-Gear"}]},{"@type":"WebSite","@id":"https:\/\/www.ramamotori.it\/hr\/#website","url":"https:\/\/www.ramamotori.it\/hr\/","name":"Rama Motori","description":"","publisher":{"@id":"https:\/\/www.ramamotori.it\/hr\/#organization"},"potentialAction":[{"@type":"SearchAction","target":{"@type":"EntryPoint","urlTemplate":"https:\/\/www.ramamotori.it\/hr\/?s={search_term_string}"},"query-input":{"@type":"PropertyValueSpecification","valueRequired":true,"valueName":"search_term_string"}}],"inLanguage":"hr"},{"@type":"Organization","@id":"https:\/\/www.ramamotori.it\/hr\/#organization","name":"Rama Motori","url":"https:\/\/www.ramamotori.it\/hr\/","logo":{"@type":"ImageObject","inLanguage":"hr","@id":"https:\/\/www.ramamotori.it\/hr\/#\/schema\/logo\/image\/","url":"https:\/\/www.ramamotori.it\/wp-content\/uploads\/2024\/02\/rama-motori-logo-margin.png","contentUrl":"https:\/\/www.ramamotori.it\/wp-content\/uploads\/2024\/02\/rama-motori-logo-margin.png","width":640,"height":240,"caption":"Rama Motori"},"image":{"@id":"https:\/\/www.ramamotori.it\/hr\/#\/schema\/logo\/image\/"},"sameAs":["https:\/\/www.facebook.com\/ramamotori\/","https:\/\/www.linkedin.com\/company\/rama-motori\/"]}]}},"_links":{"self":[{"href":"https:\/\/www.ramamotori.it\/hr\/wp-json\/wp\/v2\/pages\/8699","targetHints":{"allow":["GET"]}}],"collection":[{"href":"https:\/\/www.ramamotori.it\/hr\/wp-json\/wp\/v2\/pages"}],"about":[{"href":"https:\/\/www.ramamotori.it\/hr\/wp-json\/wp\/v2\/types\/page"}],"author":[{"embeddable":true,"href":"https:\/\/www.ramamotori.it\/hr\/wp-json\/wp\/v2\/users\/1"}],"replies":[{"embeddable":true,"href":"https:\/\/www.ramamotori.it\/hr\/wp-json\/wp\/v2\/comments?post=8699"}],"version-history":[{"count":7,"href":"https:\/\/www.ramamotori.it\/hr\/wp-json\/wp\/v2\/pages\/8699\/revisions"}],"predecessor-version":[{"id":9149,"href":"https:\/\/www.ramamotori.it\/hr\/wp-json\/wp\/v2\/pages\/8699\/revisions\/9149"}],"wp:featuredmedia":[{"embeddable":true,"href":"https:\/\/www.ramamotori.it\/hr\/wp-json\/wp\/v2\/media\/8700"}],"wp:attachment":[{"href":"https:\/\/www.ramamotori.it\/hr\/wp-json\/wp\/v2\/media?parent=8699"}],"wp:term":[{"taxonomy":"folder","embeddable":true,"href":"https:\/\/www.ramamotori.it\/hr\/wp-json\/wp\/v2\/folder?post=8699"}],"curies":[{"name":"wp","href":"https:\/\/api.w.org\/{rel}","templated":true}]}}