{"id":8712,"date":"2024-05-19T10:39:13","date_gmt":"2024-05-19T08:39:13","guid":{"rendered":"https:\/\/www.ramamotori.it\/john-deere-marine-power\/"},"modified":"2025-12-12T11:17:56","modified_gmt":"2025-12-12T10:17:56","slug":"john-deere-marine-power","status":"publish","type":"page","link":"https:\/\/www.ramamotori.it\/hr\/john-deere-marine-power\/","title":{"rendered":"John Deere Marine Power"},"content":{"rendered":"<div class=\"wpb-content-wrapper\"><p>[vc_row section_type=&#8221;fullwidth&#8221; bg_type=&#8221;image&#8221; header_feature=&#8221;yes&#8221; equal_column_height=&#8221;middle-content&#8221; margin_bottom=&#8221;0&#8243; section_id=&#8221;cover&#8221; padding_top=&#8221;0&#8243; padding_bottom=&#8221;0&#8243;][vc_column width=&#8221;1\/2&#8243; css=&#8221;.vc_custom_1708380491231{padding-left: 5% !important;}&#8221;][vc_empty_space height=&#8221;30px&#8221;][vc_column_text]<img loading=\"lazy\" decoding=\"async\" class=\"alignnone wp-image-3143\" src=\"https:\/\/www.ramamotori.it\/wp-content\/uploads\/2024\/03\/john-deere-marine-power.jpg\" alt=\"\" width=\"200\" height=\"200\" srcset=\"https:\/\/www.ramamotori.it\/wp-content\/uploads\/2024\/03\/john-deere-marine-power.jpg 304w, https:\/\/www.ramamotori.it\/wp-content\/uploads\/2024\/03\/john-deere-marine-power-300x300.jpg 300w, https:\/\/www.ramamotori.it\/wp-content\/uploads\/2024\/03\/john-deere-marine-power-150x150.jpg 150w, https:\/\/www.ramamotori.it\/wp-content\/uploads\/2024\/03\/john-deere-marine-power-100x100.jpg 100w\" sizes=\"auto, (max-width: 200px) 100vw, 200px\" \/>[\/vc_column_text][vc_column_text]<\/p>\n<h3>brodski motori<\/h3>\n<h2>John Deere Marine Power<\/h2>\n<p>[\/vc_column_text][vc_empty_space][\/vc_column][vc_column width=&#8221;1\/2&#8243;]<div class=\"grve-element grve-image grve-align-center\" style=\"\"><img loading=\"lazy\" decoding=\"async\" width=\"1010\" height=\"700\" src=\"https:\/\/www.ramamotori.it\/wp-content\/uploads\/2024\/05\/cover-brand-john-deere-marine.jpg\" class=\"grve-full-image attachment-full size-full\" alt=\"\" srcset=\"https:\/\/www.ramamotori.it\/wp-content\/uploads\/2024\/05\/cover-brand-john-deere-marine.jpg 1010w, https:\/\/www.ramamotori.it\/wp-content\/uploads\/2024\/05\/cover-brand-john-deere-marine-300x208.jpg 300w, https:\/\/www.ramamotori.it\/wp-content\/uploads\/2024\/05\/cover-brand-john-deere-marine-768x532.jpg 768w, https:\/\/www.ramamotori.it\/wp-content\/uploads\/2024\/05\/cover-brand-john-deere-marine-600x416.jpg 600w\" sizes=\"auto, (max-width: 1010px) 100vw, 1010px\" \/><\/div>[\/vc_column][\/vc_row][vc_row bg_type=&#8221;color&#8221; bg_color=&#8221;#f4f3f3&#8243; padding_top=&#8221;5%&#8221; margin_bottom=&#8221;0&#8243;][vc_column width=&#8221;1\/2&#8243;][vc_column_text]Motori John Deere Marine Power jednako su sna\u017eni i pouzdani na vodi kao i na kopnu. Na\u0161i brodski motori za propulziju, motor-generatori i pomo\u0107ni sustavi u\u017eivaju istu reputaciju po pitanju performansi i pouzdanosti koju su njihovi poljoprivredni i industrijski parnjaci stekli desetlje\u0107ima. Projektirani kako bi jam\u010dili dug \u017eivotni vijek, pouzdane performanse, u\u010dinkovitost potro\u0161nje, tihi rad, jednostavan pristup klju\u010dnim komponentama i pojednostavljenu integraciju u postoje\u0107e sustave.[\/vc_column_text][vc_empty_space][vc_empty_space][\/vc_column][vc_column width=&#8221;1\/2&#8243;][vc_column_text]BRO\u0160URA<\/p>\n<p><strong><a href=\"https:\/\/www.ramamotori.it\/wp-content\/uploads\/2024\/03\/Brochure-JD-MARINE-2025-1.pdf\" target=\"_blank\" rel=\"noopener\">PRIMJENE U BRODARSTVU<\/a><\/strong><strong><a href=\"https:\/\/www.ramamotori.it\/wp-content\/uploads\/2024\/06\/Marine_Accessories_Brochure-2019.pdf\" target=\"_blank\" rel=\"noopener\"><br \/>\n<\/a><a href=\"https:\/\/www.ramamotori.it\/wp-content\/uploads\/2024\/03\/JD_PS-24048-All-Encompassing-Pocket-Guide_FNL_Optimized.pdf\" target=\"_blank\" rel=\"noopener\"><span data-olk-copy-source=\"MessageBody\">PROIZVODI I USLUGE JOHN DEERE<\/span><\/a><\/strong>[\/vc_column_text][vc_empty_space][\/vc_column][\/vc_row][vc_row bg_type=&#8221;color&#8221; bg_color=&#8221;#f4f3f3&#8243; padding_bottom=&#8221;5%&#8221;][vc_column width=&#8221;1\/2&#8243;]<div class=\"grve-element grve-align-left\"><a href=\"https:\/\/productregistration.deere.com\/\" title=\"Registrirajte svoj motor\" target=\"_blank\" class=\"grve-btn grve-btn-small grve-extra-round grve-bg-primary-1 grve-bg-hover-white\"><span><i class=\"fas fa-chevron-circle-right\"><\/i>Registrirajte svoj motor<\/span><\/a><\/div>[\/vc_column][vc_column width=&#8221;1\/2&#8243;]<div class=\"grve-element grve-align-left\"><a href=\"https:\/\/www.ramamotori.it\/hr\/korisnicka-podrska\/korisnicka-podrska-john-deere-marine-power\/\" title=\"Registrirajte svoj motor\" class=\"grve-btn grve-btn-small grve-extra-round grve-bg-primary-1 grve-bg-hover-white\"><span><i class=\"fas fa-chevron-circle-right\"><\/i>Servisni centri<\/span><\/a><\/div>[\/vc_column][\/vc_row][vc_row][vc_column][vc_column_text]<\/p>\n<h3>Proizvodi<\/h3>\n<p>[\/vc_column_text]<div class=\"woocommerce columns-4\"><ul class=\"products columns-4\">\n<li class=\"product-category product first\">\n\t<a aria-label=\"Posjetite kategoriju proizvoda Unutarnji pogon\" href=\"https:\/\/www.ramamotori.it\/hr\/kategorija-proizvoda\/john-deere-marine-power-svi-proizvodi\/unutarnji-pogon\/\"><img loading=\"lazy\" decoding=\"async\" src=\"https:\/\/www.ramamotori.it\/wp-content\/uploads\/2024\/03\/prodotti-john-deere-marine-motori-entrobordo-1-300x300.jpg\" alt=\"Unutarnji pogon\" width=\"300\" height=\"300\" srcset=\"https:\/\/www.ramamotori.it\/wp-content\/uploads\/2024\/03\/prodotti-john-deere-marine-motori-entrobordo-1-300x300.jpg 300w, https:\/\/www.ramamotori.it\/wp-content\/uploads\/2024\/03\/prodotti-john-deere-marine-motori-entrobordo-1-150x150.jpg 150w, https:\/\/www.ramamotori.it\/wp-content\/uploads\/2024\/03\/prodotti-john-deere-marine-motori-entrobordo-1-100x100.jpg 100w, https:\/\/www.ramamotori.it\/wp-content\/uploads\/2024\/03\/prodotti-john-deere-marine-motori-entrobordo-1.jpg 600w\" sizes=\"auto, (max-width: 300px) 100vw, 300px\" \/>\t\t<h2 class=\"woocommerce-loop-category__title\">\n\t\t\tUnutarnji pogon <mark class=\"count\">(15)<\/mark>\t\t<\/h2>\n\t\t<\/a><\/li>\n<li class=\"product-category product\">\n\t<a aria-label=\"Posjetite kategoriju proizvoda ugradbeni motor-generator od 1800 o\/min\" href=\"https:\/\/www.ramamotori.it\/hr\/kategorija-proizvoda\/john-deere-marine-power-svi-proizvodi\/ugradbeni-motor-generator\/ugradbeni-motor-generator-od-1800-o-min\/\"><img loading=\"lazy\" decoding=\"async\" src=\"https:\/\/www.ramamotori.it\/wp-content\/uploads\/2024\/03\/prodotti-john-deere-marine-gruppo-elettrogeno-di-bordo-1800rpm-1-300x300.jpg\" alt=\"ugradbeni motor-generator od 1800 o\/min\" width=\"300\" height=\"300\" srcset=\"https:\/\/www.ramamotori.it\/wp-content\/uploads\/2024\/03\/prodotti-john-deere-marine-gruppo-elettrogeno-di-bordo-1800rpm-1-300x300.jpg 300w, https:\/\/www.ramamotori.it\/wp-content\/uploads\/2024\/03\/prodotti-john-deere-marine-gruppo-elettrogeno-di-bordo-1800rpm-1-150x150.jpg 150w, https:\/\/www.ramamotori.it\/wp-content\/uploads\/2024\/03\/prodotti-john-deere-marine-gruppo-elettrogeno-di-bordo-1800rpm-1-100x100.jpg 100w, https:\/\/www.ramamotori.it\/wp-content\/uploads\/2024\/03\/prodotti-john-deere-marine-gruppo-elettrogeno-di-bordo-1800rpm-1.jpg 600w\" sizes=\"auto, (max-width: 300px) 100vw, 300px\" \/>\t\t<h2 class=\"woocommerce-loop-category__title\">\n\t\t\tugradbeni motor-generator od 1800 o\/min <mark class=\"count\">(14)<\/mark>\t\t<\/h2>\n\t\t<\/a><\/li>\n<li class=\"product-category product\">\n\t<a aria-label=\"Posjetite kategoriju proizvoda Ugradbeni motor-generator od 1500 o\/min\" href=\"https:\/\/www.ramamotori.it\/hr\/kategorija-proizvoda\/john-deere-marine-power-svi-proizvodi\/ugradbeni-motor-generator\/ugradbeni-motor-generator-od-1500-o-min\/\"><img loading=\"lazy\" decoding=\"async\" src=\"https:\/\/www.ramamotori.it\/wp-content\/uploads\/2024\/03\/prodotti-john-deere-marine-gruppo-elettrogeno-di-bordo-1500rpm-1-300x300.jpg\" alt=\"Ugradbeni motor-generator od 1500 o\/min\" width=\"300\" height=\"300\" srcset=\"https:\/\/www.ramamotori.it\/wp-content\/uploads\/2024\/03\/prodotti-john-deere-marine-gruppo-elettrogeno-di-bordo-1500rpm-1-300x300.jpg 300w, https:\/\/www.ramamotori.it\/wp-content\/uploads\/2024\/03\/prodotti-john-deere-marine-gruppo-elettrogeno-di-bordo-1500rpm-1-150x150.jpg 150w, https:\/\/www.ramamotori.it\/wp-content\/uploads\/2024\/03\/prodotti-john-deere-marine-gruppo-elettrogeno-di-bordo-1500rpm-1-100x100.jpg 100w, https:\/\/www.ramamotori.it\/wp-content\/uploads\/2024\/03\/prodotti-john-deere-marine-gruppo-elettrogeno-di-bordo-1500rpm-1.jpg 600w\" sizes=\"auto, (max-width: 300px) 100vw, 300px\" \/>\t\t<h2 class=\"woocommerce-loop-category__title\">\n\t\t\tUgradbeni motor-generator od 1500 o\/min <mark class=\"count\">(13)<\/mark>\t\t<\/h2>\n\t\t<\/a><\/li>\n<\/ul>\n<\/div>[vc_empty_space height=&#8221;60px&#8221;][\/vc_column][\/vc_row]<\/p>\n<\/div>","protected":false},"excerpt":{"rendered":"<p>[vc_row section_type=&#8221;fullwidth&#8221; bg_type=&#8221;image&#8221; header_feature=&#8221;yes&#8221; equal_column_height=&#8221;middle-content&#8221; margin_bottom=&#8221;0&#8243; section_id=&#8221;cover&#8221; padding_top=&#8221;0&#8243; padding_bottom=&#8221;0&#8243;][vc_column width=&#8221;1\/2&#8243; css=&#8221;.vc_custom_1708380491231{padding-left: 5% !important;}&#8221;][vc_empty_space height=&#8221;30px&#8221;][vc_column_text][\/vc_column_text][vc_column_text] brodski motori John Deere Marine Power [\/vc_column_text][vc_empty_space][\/vc_column][vc_column width=&#8221;1\/2&#8243;][\/vc_column][\/vc_row][vc_row bg_type=&#8221;color&#8221; bg_color=&#8221;#f4f3f3&#8243; padding_top=&#8221;5%&#8221; margin_bottom=&#8221;0&#8243;][vc_column width=&#8221;1\/2&#8243;][vc_column_text]Motori John Deere Marine Power jednako su sna\u017eni i pouzdani na vodi kao i na kopnu. Na\u0161i brodski motori za propulziju, motor-generatori i pomo\u0107ni sustavi u\u017eivaju istu reputaciju po [&hellip;]<\/p>\n","protected":false},"author":1,"featured_media":8713,"parent":0,"menu_order":0,"comment_status":"closed","ping_status":"closed","template":"","meta":{"footnotes":"","_links_to":"","_links_to_target":""},"folder":[1121],"class_list":["post-8712","page","type-page","status-publish","has-post-thumbnail","hentry"],"yoast_head":"<!-- This site is optimized with the Yoast SEO plugin v27.5 - https:\/\/yoast.com\/product\/yoast-seo-wordpress\/ -->\n<title>John Deere Marine Power - Rama Motori<\/title>\n<meta name=\"description\" content=\"Brodski motori John Deere Marine Power. Motori John Deere Marine Power jednako su sna\u017eni i pouzdani na vodi kao i na kopnu.\" \/>\n<meta name=\"robots\" content=\"index, follow, max-snippet:-1, max-image-preview:large, max-video-preview:-1\" \/>\n<link rel=\"canonical\" href=\"https:\/\/www.ramamotori.it\/hr\/john-deere-marine-power\/\" \/>\n<meta property=\"og:locale\" content=\"hr_HR\" \/>\n<meta property=\"og:type\" content=\"article\" \/>\n<meta property=\"og:title\" content=\"John Deere Marine Power - Rama Motori\" \/>\n<meta property=\"og:description\" content=\"Brodski motori John Deere Marine Power. Motori John Deere Marine Power jednako su sna\u017eni i pouzdani na vodi kao i na kopnu.\" \/>\n<meta property=\"og:url\" content=\"https:\/\/www.ramamotori.it\/hr\/john-deere-marine-power\/\" \/>\n<meta property=\"og:site_name\" content=\"Rama Motori\" \/>\n<meta property=\"article:publisher\" content=\"https:\/\/www.facebook.com\/ramamotori\/\" \/>\n<meta property=\"article:modified_time\" content=\"2025-12-12T10:17:56+00:00\" \/>\n<meta property=\"og:image\" content=\"https:\/\/www.ramamotori.it\/wp-content\/uploads\/2024\/03\/john-deere-marine-power.jpg\" \/>\n\t<meta property=\"og:image:width\" content=\"304\" \/>\n\t<meta property=\"og:image:height\" content=\"304\" \/>\n\t<meta property=\"og:image:type\" content=\"image\/jpeg\" \/>\n<meta name=\"twitter:card\" content=\"summary_large_image\" \/>\n<meta name=\"twitter:label1\" content=\"Procijenjeno vrijeme \u010ditanja\" \/>\n\t<meta name=\"twitter:data1\" content=\"2 minute\" \/>\n<script type=\"application\/ld+json\" class=\"yoast-schema-graph\">{\"@context\":\"https:\\\/\\\/schema.org\",\"@graph\":[{\"@type\":\"WebPage\",\"@id\":\"https:\\\/\\\/www.ramamotori.it\\\/hr\\\/john-deere-marine-power\\\/\",\"url\":\"https:\\\/\\\/www.ramamotori.it\\\/hr\\\/john-deere-marine-power\\\/\",\"name\":\"John Deere Marine Power - Rama Motori\",\"isPartOf\":{\"@id\":\"https:\\\/\\\/www.ramamotori.it\\\/hr\\\/#website\"},\"primaryImageOfPage\":{\"@id\":\"https:\\\/\\\/www.ramamotori.it\\\/hr\\\/john-deere-marine-power\\\/#primaryimage\"},\"image\":{\"@id\":\"https:\\\/\\\/www.ramamotori.it\\\/hr\\\/john-deere-marine-power\\\/#primaryimage\"},\"thumbnailUrl\":\"https:\\\/\\\/www.ramamotori.it\\\/wp-content\\\/uploads\\\/2024\\\/03\\\/john-deere-marine-power.jpg\",\"datePublished\":\"2024-05-19T08:39:13+00:00\",\"dateModified\":\"2025-12-12T10:17:56+00:00\",\"description\":\"Brodski motori John Deere Marine Power. Motori John Deere Marine Power jednako su sna\u017eni i pouzdani na vodi kao i na kopnu.\",\"breadcrumb\":{\"@id\":\"https:\\\/\\\/www.ramamotori.it\\\/hr\\\/john-deere-marine-power\\\/#breadcrumb\"},\"inLanguage\":\"hr\",\"potentialAction\":[{\"@type\":\"ReadAction\",\"target\":[\"https:\\\/\\\/www.ramamotori.it\\\/hr\\\/john-deere-marine-power\\\/\"]}]},{\"@type\":\"ImageObject\",\"inLanguage\":\"hr\",\"@id\":\"https:\\\/\\\/www.ramamotori.it\\\/hr\\\/john-deere-marine-power\\\/#primaryimage\",\"url\":\"https:\\\/\\\/www.ramamotori.it\\\/wp-content\\\/uploads\\\/2024\\\/03\\\/john-deere-marine-power.jpg\",\"contentUrl\":\"https:\\\/\\\/www.ramamotori.it\\\/wp-content\\\/uploads\\\/2024\\\/03\\\/john-deere-marine-power.jpg\",\"width\":304,\"height\":304},{\"@type\":\"BreadcrumbList\",\"@id\":\"https:\\\/\\\/www.ramamotori.it\\\/hr\\\/john-deere-marine-power\\\/#breadcrumb\",\"itemListElement\":[{\"@type\":\"ListItem\",\"position\":1,\"name\":\"Home\",\"item\":\"https:\\\/\\\/www.ramamotori.it\\\/hr\\\/\"},{\"@type\":\"ListItem\",\"position\":2,\"name\":\"John Deere Marine Power\"}]},{\"@type\":\"WebSite\",\"@id\":\"https:\\\/\\\/www.ramamotori.it\\\/hr\\\/#website\",\"url\":\"https:\\\/\\\/www.ramamotori.it\\\/hr\\\/\",\"name\":\"Rama Motori\",\"description\":\"\",\"publisher\":{\"@id\":\"https:\\\/\\\/www.ramamotori.it\\\/hr\\\/#organization\"},\"potentialAction\":[{\"@type\":\"SearchAction\",\"target\":{\"@type\":\"EntryPoint\",\"urlTemplate\":\"https:\\\/\\\/www.ramamotori.it\\\/hr\\\/?s={search_term_string}\"},\"query-input\":{\"@type\":\"PropertyValueSpecification\",\"valueRequired\":true,\"valueName\":\"search_term_string\"}}],\"inLanguage\":\"hr\"},{\"@type\":\"Organization\",\"@id\":\"https:\\\/\\\/www.ramamotori.it\\\/hr\\\/#organization\",\"name\":\"Rama Motori\",\"url\":\"https:\\\/\\\/www.ramamotori.it\\\/hr\\\/\",\"logo\":{\"@type\":\"ImageObject\",\"inLanguage\":\"hr\",\"@id\":\"https:\\\/\\\/www.ramamotori.it\\\/hr\\\/#\\\/schema\\\/logo\\\/image\\\/\",\"url\":\"https:\\\/\\\/www.ramamotori.it\\\/wp-content\\\/uploads\\\/2024\\\/02\\\/rama-motori-logo-margin.png\",\"contentUrl\":\"https:\\\/\\\/www.ramamotori.it\\\/wp-content\\\/uploads\\\/2024\\\/02\\\/rama-motori-logo-margin.png\",\"width\":640,\"height\":240,\"caption\":\"Rama Motori\"},\"image\":{\"@id\":\"https:\\\/\\\/www.ramamotori.it\\\/hr\\\/#\\\/schema\\\/logo\\\/image\\\/\"},\"sameAs\":[\"https:\\\/\\\/www.facebook.com\\\/ramamotori\\\/\",\"https:\\\/\\\/www.linkedin.com\\\/company\\\/rama-motori\\\/\"]}]}<\/script>\n<!-- \/ Yoast SEO plugin. -->","yoast_head_json":{"title":"John Deere Marine Power - Rama Motori","description":"Brodski motori John Deere Marine Power. Motori John Deere Marine Power jednako su sna\u017eni i pouzdani na vodi kao i na kopnu.","robots":{"index":"index","follow":"follow","max-snippet":"max-snippet:-1","max-image-preview":"max-image-preview:large","max-video-preview":"max-video-preview:-1"},"canonical":"https:\/\/www.ramamotori.it\/hr\/john-deere-marine-power\/","og_locale":"hr_HR","og_type":"article","og_title":"John Deere Marine Power - Rama Motori","og_description":"Brodski motori John Deere Marine Power. Motori John Deere Marine Power jednako su sna\u017eni i pouzdani na vodi kao i na kopnu.","og_url":"https:\/\/www.ramamotori.it\/hr\/john-deere-marine-power\/","og_site_name":"Rama Motori","article_publisher":"https:\/\/www.facebook.com\/ramamotori\/","article_modified_time":"2025-12-12T10:17:56+00:00","og_image":[{"width":304,"height":304,"url":"https:\/\/www.ramamotori.it\/wp-content\/uploads\/2024\/03\/john-deere-marine-power.jpg","type":"image\/jpeg"}],"twitter_card":"summary_large_image","twitter_misc":{"Procijenjeno vrijeme \u010ditanja":"2 minute"},"schema":{"@context":"https:\/\/schema.org","@graph":[{"@type":"WebPage","@id":"https:\/\/www.ramamotori.it\/hr\/john-deere-marine-power\/","url":"https:\/\/www.ramamotori.it\/hr\/john-deere-marine-power\/","name":"John Deere Marine Power - Rama Motori","isPartOf":{"@id":"https:\/\/www.ramamotori.it\/hr\/#website"},"primaryImageOfPage":{"@id":"https:\/\/www.ramamotori.it\/hr\/john-deere-marine-power\/#primaryimage"},"image":{"@id":"https:\/\/www.ramamotori.it\/hr\/john-deere-marine-power\/#primaryimage"},"thumbnailUrl":"https:\/\/www.ramamotori.it\/wp-content\/uploads\/2024\/03\/john-deere-marine-power.jpg","datePublished":"2024-05-19T08:39:13+00:00","dateModified":"2025-12-12T10:17:56+00:00","description":"Brodski motori John Deere Marine Power. Motori John Deere Marine Power jednako su sna\u017eni i pouzdani na vodi kao i na kopnu.","breadcrumb":{"@id":"https:\/\/www.ramamotori.it\/hr\/john-deere-marine-power\/#breadcrumb"},"inLanguage":"hr","potentialAction":[{"@type":"ReadAction","target":["https:\/\/www.ramamotori.it\/hr\/john-deere-marine-power\/"]}]},{"@type":"ImageObject","inLanguage":"hr","@id":"https:\/\/www.ramamotori.it\/hr\/john-deere-marine-power\/#primaryimage","url":"https:\/\/www.ramamotori.it\/wp-content\/uploads\/2024\/03\/john-deere-marine-power.jpg","contentUrl":"https:\/\/www.ramamotori.it\/wp-content\/uploads\/2024\/03\/john-deere-marine-power.jpg","width":304,"height":304},{"@type":"BreadcrumbList","@id":"https:\/\/www.ramamotori.it\/hr\/john-deere-marine-power\/#breadcrumb","itemListElement":[{"@type":"ListItem","position":1,"name":"Home","item":"https:\/\/www.ramamotori.it\/hr\/"},{"@type":"ListItem","position":2,"name":"John Deere Marine Power"}]},{"@type":"WebSite","@id":"https:\/\/www.ramamotori.it\/hr\/#website","url":"https:\/\/www.ramamotori.it\/hr\/","name":"Rama Motori","description":"","publisher":{"@id":"https:\/\/www.ramamotori.it\/hr\/#organization"},"potentialAction":[{"@type":"SearchAction","target":{"@type":"EntryPoint","urlTemplate":"https:\/\/www.ramamotori.it\/hr\/?s={search_term_string}"},"query-input":{"@type":"PropertyValueSpecification","valueRequired":true,"valueName":"search_term_string"}}],"inLanguage":"hr"},{"@type":"Organization","@id":"https:\/\/www.ramamotori.it\/hr\/#organization","name":"Rama Motori","url":"https:\/\/www.ramamotori.it\/hr\/","logo":{"@type":"ImageObject","inLanguage":"hr","@id":"https:\/\/www.ramamotori.it\/hr\/#\/schema\/logo\/image\/","url":"https:\/\/www.ramamotori.it\/wp-content\/uploads\/2024\/02\/rama-motori-logo-margin.png","contentUrl":"https:\/\/www.ramamotori.it\/wp-content\/uploads\/2024\/02\/rama-motori-logo-margin.png","width":640,"height":240,"caption":"Rama Motori"},"image":{"@id":"https:\/\/www.ramamotori.it\/hr\/#\/schema\/logo\/image\/"},"sameAs":["https:\/\/www.facebook.com\/ramamotori\/","https:\/\/www.linkedin.com\/company\/rama-motori\/"]}]}},"_links":{"self":[{"href":"https:\/\/www.ramamotori.it\/hr\/wp-json\/wp\/v2\/pages\/8712","targetHints":{"allow":["GET"]}}],"collection":[{"href":"https:\/\/www.ramamotori.it\/hr\/wp-json\/wp\/v2\/pages"}],"about":[{"href":"https:\/\/www.ramamotori.it\/hr\/wp-json\/wp\/v2\/types\/page"}],"author":[{"embeddable":true,"href":"https:\/\/www.ramamotori.it\/hr\/wp-json\/wp\/v2\/users\/1"}],"replies":[{"embeddable":true,"href":"https:\/\/www.ramamotori.it\/hr\/wp-json\/wp\/v2\/comments?post=8712"}],"version-history":[{"count":12,"href":"https:\/\/www.ramamotori.it\/hr\/wp-json\/wp\/v2\/pages\/8712\/revisions"}],"predecessor-version":[{"id":12974,"href":"https:\/\/www.ramamotori.it\/hr\/wp-json\/wp\/v2\/pages\/8712\/revisions\/12974"}],"wp:featuredmedia":[{"embeddable":true,"href":"https:\/\/www.ramamotori.it\/hr\/wp-json\/wp\/v2\/media\/8713"}],"wp:attachment":[{"href":"https:\/\/www.ramamotori.it\/hr\/wp-json\/wp\/v2\/media?parent=8712"}],"wp:term":[{"taxonomy":"folder","embeddable":true,"href":"https:\/\/www.ramamotori.it\/hr\/wp-json\/wp\/v2\/folder?post=8712"}],"curies":[{"name":"wp","href":"https:\/\/api.w.org\/{rel}","templated":true}]}}