{"id":8743,"date":"2024-05-20T09:54:56","date_gmt":"2024-05-20T07:54:56","guid":{"rendered":"https:\/\/www.ramamotori.it\/parker\/"},"modified":"2024-09-24T13:15:16","modified_gmt":"2024-09-24T11:15:16","slug":"parker","status":"publish","type":"page","link":"https:\/\/www.ramamotori.it\/hr\/parker\/","title":{"rendered":"Parker"},"content":{"rendered":"<div class=\"wpb-content-wrapper\"><p>[vc_row section_type=&#8221;fullwidth&#8221; bg_type=&#8221;image&#8221; header_feature=&#8221;yes&#8221; equal_column_height=&#8221;middle-content&#8221; margin_bottom=&#8221;0&#8243; section_id=&#8221;cover&#8221; padding_top=&#8221;0&#8243; padding_bottom=&#8221;0&#8243;][vc_column width=&#8221;1\/2&#8243; css=&#8221;.vc_custom_1708380491231{padding-left: 5% !important;}&#8221;][vc_empty_space height=&#8221;30px&#8221;][vc_column_text]<img loading=\"lazy\" decoding=\"async\" class=\"alignnone wp-image-3034\" src=\"https:\/\/www.ramamotori.it\/wp-content\/uploads\/2024\/03\/parker.jpg\" alt=\"\" width=\"200\" height=\"200\" srcset=\"https:\/\/www.ramamotori.it\/wp-content\/uploads\/2024\/03\/parker.jpg 344w, https:\/\/www.ramamotori.it\/wp-content\/uploads\/2024\/03\/parker-300x300.jpg 300w, https:\/\/www.ramamotori.it\/wp-content\/uploads\/2024\/03\/parker-150x150.jpg 150w, https:\/\/www.ramamotori.it\/wp-content\/uploads\/2024\/03\/parker-100x100.jpg 100w\" sizes=\"auto, (max-width: 200px) 100vw, 200px\" \/>[\/vc_column_text][vc_column_text]<\/p>\n<h3>Motori za hidrauliku<\/h3>\n<h2>Parker<\/h2>\n<p>[\/vc_column_text][vc_empty_space][\/vc_column][vc_column width=&#8221;1\/2&#8243;]<div class=\"grve-element grve-image grve-align-center\" style=\"\"><img loading=\"lazy\" decoding=\"async\" width=\"1010\" height=\"700\" src=\"https:\/\/www.ramamotori.it\/wp-content\/uploads\/2024\/05\/cover-brand-parker2.jpg\" class=\"grve-full-image attachment-full size-full\" alt=\"\" srcset=\"https:\/\/www.ramamotori.it\/wp-content\/uploads\/2024\/05\/cover-brand-parker2.jpg 1010w, https:\/\/www.ramamotori.it\/wp-content\/uploads\/2024\/05\/cover-brand-parker2-300x208.jpg 300w, https:\/\/www.ramamotori.it\/wp-content\/uploads\/2024\/05\/cover-brand-parker2-768x532.jpg 768w, https:\/\/www.ramamotori.it\/wp-content\/uploads\/2024\/05\/cover-brand-parker2-600x416.jpg 600w\" sizes=\"auto, (max-width: 1010px) 100vw, 1010px\" \/><\/div>[\/vc_column][\/vc_row][vc_row bg_type=&#8221;color&#8221; bg_color=&#8221;#f4f3f3&#8243; padding_top=&#8221;5%&#8221; margin_bottom=&#8221;0&#8243;][vc_column width=&#8221;1\/2&#8243;][vc_column_text]Parker je svjetski lider u tehnologijama &#8216;MotionControl&#8217; i nudi maksimalno precizna rje\u0161enja projektirana za \u0161irok raspon primjena na tr\u017ei\u0161tima mobilnog, industrijskog i zrakoplovnog sektora.[\/vc_column_text][vc_empty_space][vc_empty_space][\/vc_column][vc_column width=&#8221;1\/2&#8243;][vc_empty_space][\/vc_column][\/vc_row][vc_row bg_type=&#8221;color&#8221; bg_color=&#8221;#f4f3f3&#8243; padding_bottom=&#8221;5%&#8221;][vc_column width=&#8221;1\/2&#8243;][\/vc_column][vc_column width=&#8221;1\/2&#8243;][\/vc_column][\/vc_row][vc_row][vc_column][vc_column_text]<\/p>\n<h3>Proizvodi<\/h3>\n<p>[\/vc_column_text]<div class=\"woocommerce columns-4\"><ul class=\"products columns-4\">\n<li class=\"product-category product first\">\n\t<a aria-label=\"Posjetite kategoriju proizvoda Parker, svi proizvodi\" href=\"https:\/\/www.ramamotori.it\/hr\/kategorija-proizvoda\/parker-svi-proizvodi\/\"><img loading=\"lazy\" decoding=\"async\" src=\"https:\/\/www.ramamotori.it\/wp-content\/uploads\/2024\/03\/prodotti-parker-1-300x300.jpg\" alt=\"Parker, svi proizvodi\" width=\"300\" height=\"300\" srcset=\"https:\/\/www.ramamotori.it\/wp-content\/uploads\/2024\/03\/prodotti-parker-1-300x300.jpg 300w, https:\/\/www.ramamotori.it\/wp-content\/uploads\/2024\/03\/prodotti-parker-1-150x150.jpg 150w, https:\/\/www.ramamotori.it\/wp-content\/uploads\/2024\/03\/prodotti-parker-1-100x100.jpg 100w, https:\/\/www.ramamotori.it\/wp-content\/uploads\/2024\/03\/prodotti-parker-1.jpg 600w\" sizes=\"auto, (max-width: 300px) 100vw, 300px\" \/>\t\t<h2 class=\"woocommerce-loop-category__title\">\n\t\t\tParker, svi proizvodi <mark class=\"count\">(79)<\/mark>\t\t<\/h2>\n\t\t<\/a><\/li>\n<li class=\"product-category product\">\n\t<a aria-label=\"Posjetite kategoriju proizvoda Orbitalni motori serija TE\" href=\"https:\/\/www.ramamotori.it\/hr\/kategorija-proizvoda\/parker-svi-proizvodi\/orbitalni-motori-serija-te\/\"><img loading=\"lazy\" decoding=\"async\" src=\"https:\/\/www.ramamotori.it\/wp-content\/uploads\/2024\/02\/TE-1-300x300.jpg\" alt=\"Orbitalni motori serija TE\" width=\"300\" height=\"300\" srcset=\"https:\/\/www.ramamotori.it\/wp-content\/uploads\/2024\/02\/TE-1-300x300.jpg 300w, https:\/\/www.ramamotori.it\/wp-content\/uploads\/2024\/02\/TE-1-150x150.jpg 150w, https:\/\/www.ramamotori.it\/wp-content\/uploads\/2024\/02\/TE-1-768x768.jpg 768w, https:\/\/www.ramamotori.it\/wp-content\/uploads\/2024\/02\/TE-1-600x600.jpg 600w, https:\/\/www.ramamotori.it\/wp-content\/uploads\/2024\/02\/TE-1-100x100.jpg 100w, https:\/\/www.ramamotori.it\/wp-content\/uploads\/2024\/02\/TE-1.jpg 1000w\" sizes=\"auto, (max-width: 300px) 100vw, 300px\" \/>\t\t<h2 class=\"woocommerce-loop-category__title\">\n\t\t\tOrbitalni motori serija TE <mark class=\"count\">(15)<\/mark>\t\t<\/h2>\n\t\t<\/a><\/li>\n<li class=\"product-category product\">\n\t<a aria-label=\"Posjetite kategoriju proizvoda Orbitalni motori serija TF\" href=\"https:\/\/www.ramamotori.it\/hr\/kategorija-proizvoda\/parker-svi-proizvodi\/orbitalni-motori-serija-tf\/\"><img loading=\"lazy\" decoding=\"async\" src=\"https:\/\/www.ramamotori.it\/wp-content\/uploads\/2024\/02\/TF-1-300x300.jpg\" alt=\"Orbitalni motori serija TF\" width=\"300\" height=\"300\" srcset=\"https:\/\/www.ramamotori.it\/wp-content\/uploads\/2024\/02\/TF-1-300x300.jpg 300w, https:\/\/www.ramamotori.it\/wp-content\/uploads\/2024\/02\/TF-1-150x150.jpg 150w, https:\/\/www.ramamotori.it\/wp-content\/uploads\/2024\/02\/TF-1-768x768.jpg 768w, https:\/\/www.ramamotori.it\/wp-content\/uploads\/2024\/02\/TF-1-600x600.jpg 600w, https:\/\/www.ramamotori.it\/wp-content\/uploads\/2024\/02\/TF-1-100x100.jpg 100w, https:\/\/www.ramamotori.it\/wp-content\/uploads\/2024\/02\/TF-1.jpg 1000w\" sizes=\"auto, (max-width: 300px) 100vw, 300px\" \/>\t\t<h2 class=\"woocommerce-loop-category__title\">\n\t\t\tOrbitalni motori serija TF <mark class=\"count\">(11)<\/mark>\t\t<\/h2>\n\t\t<\/a><\/li>\n<li class=\"product-category product last\">\n\t<a aria-label=\"Posjetite kategoriju proizvoda Orbitalni motori serija TG\" href=\"https:\/\/www.ramamotori.it\/hr\/kategorija-proizvoda\/parker-svi-proizvodi\/orbitalni-motori-serija-tg\/\"><img loading=\"lazy\" decoding=\"async\" src=\"https:\/\/www.ramamotori.it\/wp-content\/uploads\/2024\/02\/TG-1-300x300.jpg\" alt=\"Orbitalni motori serija TG\" width=\"300\" height=\"300\" srcset=\"https:\/\/www.ramamotori.it\/wp-content\/uploads\/2024\/02\/TG-1-300x300.jpg 300w, https:\/\/www.ramamotori.it\/wp-content\/uploads\/2024\/02\/TG-1-150x150.jpg 150w, https:\/\/www.ramamotori.it\/wp-content\/uploads\/2024\/02\/TG-1-768x768.jpg 768w, https:\/\/www.ramamotori.it\/wp-content\/uploads\/2024\/02\/TG-1-600x600.jpg 600w, https:\/\/www.ramamotori.it\/wp-content\/uploads\/2024\/02\/TG-1-100x100.jpg 100w, https:\/\/www.ramamotori.it\/wp-content\/uploads\/2024\/02\/TG-1.jpg 1000w\" sizes=\"auto, (max-width: 300px) 100vw, 300px\" \/>\t\t<h2 class=\"woocommerce-loop-category__title\">\n\t\t\tOrbitalni motori serija TG <mark class=\"count\">(12)<\/mark>\t\t<\/h2>\n\t\t<\/a><\/li>\n<li class=\"product-category product first\">\n\t<a aria-label=\"Posjetite kategoriju proizvoda Orbitalni motori serija TH\" href=\"https:\/\/www.ramamotori.it\/hr\/kategorija-proizvoda\/parker-svi-proizvodi\/orbitalni-motori-serija-th\/\"><img loading=\"lazy\" decoding=\"async\" src=\"https:\/\/www.ramamotori.it\/wp-content\/uploads\/2024\/02\/TH-1-300x300.jpg\" alt=\"Orbitalni motori serija TH\" width=\"300\" height=\"300\" srcset=\"https:\/\/www.ramamotori.it\/wp-content\/uploads\/2024\/02\/TH-1-300x300.jpg 300w, https:\/\/www.ramamotori.it\/wp-content\/uploads\/2024\/02\/TH-1-150x150.jpg 150w, https:\/\/www.ramamotori.it\/wp-content\/uploads\/2024\/02\/TH-1-768x768.jpg 768w, https:\/\/www.ramamotori.it\/wp-content\/uploads\/2024\/02\/TH-1-600x600.jpg 600w, https:\/\/www.ramamotori.it\/wp-content\/uploads\/2024\/02\/TH-1-100x100.jpg 100w, https:\/\/www.ramamotori.it\/wp-content\/uploads\/2024\/02\/TH-1.jpg 1000w\" sizes=\"auto, (max-width: 300px) 100vw, 300px\" \/>\t\t<h2 class=\"woocommerce-loop-category__title\">\n\t\t\tOrbitalni motori serija TH <mark class=\"count\">(12)<\/mark>\t\t<\/h2>\n\t\t<\/a><\/li>\n<li class=\"product-category product\">\n\t<a aria-label=\"Posjetite kategoriju proizvoda Orbitalni motori serija TJ\" href=\"https:\/\/www.ramamotori.it\/hr\/kategorija-proizvoda\/parker-svi-proizvodi\/orbitalni-motori-serija-tj\/\"><img loading=\"lazy\" decoding=\"async\" src=\"https:\/\/www.ramamotori.it\/wp-content\/uploads\/2024\/02\/TJ-1-300x300.jpg\" alt=\"Orbitalni motori serija TJ\" width=\"300\" height=\"300\" srcset=\"https:\/\/www.ramamotori.it\/wp-content\/uploads\/2024\/02\/TJ-1-300x300.jpg 300w, https:\/\/www.ramamotori.it\/wp-content\/uploads\/2024\/02\/TJ-1-150x150.jpg 150w, https:\/\/www.ramamotori.it\/wp-content\/uploads\/2024\/02\/TJ-1-768x768.jpg 768w, https:\/\/www.ramamotori.it\/wp-content\/uploads\/2024\/02\/TJ-1-600x600.jpg 600w, https:\/\/www.ramamotori.it\/wp-content\/uploads\/2024\/02\/TJ-1-100x100.jpg 100w, https:\/\/www.ramamotori.it\/wp-content\/uploads\/2024\/02\/TJ-1.jpg 1000w\" sizes=\"auto, (max-width: 300px) 100vw, 300px\" \/>\t\t<h2 class=\"woocommerce-loop-category__title\">\n\t\t\tOrbitalni motori serija TJ <mark class=\"count\">(15)<\/mark>\t\t<\/h2>\n\t\t<\/a><\/li>\n<li class=\"product-category product\">\n\t<a aria-label=\"Posjetite kategoriju proizvoda Orbitalni motori serija TK\" href=\"https:\/\/www.ramamotori.it\/hr\/kategorija-proizvoda\/parker-svi-proizvodi\/orbitalni-motori-serija-tk\/\"><img loading=\"lazy\" decoding=\"async\" src=\"https:\/\/www.ramamotori.it\/wp-content\/uploads\/2024\/03\/prodotti-parker-serie-TK-1-300x300.jpg\" alt=\"Orbitalni motori serija TK\" width=\"300\" height=\"300\" srcset=\"https:\/\/www.ramamotori.it\/wp-content\/uploads\/2024\/03\/prodotti-parker-serie-TK-1-300x300.jpg 300w, https:\/\/www.ramamotori.it\/wp-content\/uploads\/2024\/03\/prodotti-parker-serie-TK-1-150x150.jpg 150w, https:\/\/www.ramamotori.it\/wp-content\/uploads\/2024\/03\/prodotti-parker-serie-TK-1-100x100.jpg 100w, https:\/\/www.ramamotori.it\/wp-content\/uploads\/2024\/03\/prodotti-parker-serie-TK-1.jpg 600w\" sizes=\"auto, (max-width: 300px) 100vw, 300px\" \/>\t\t<h2 class=\"woocommerce-loop-category__title\">\n\t\t\tOrbitalni motori serija TK <mark class=\"count\">(7)<\/mark>\t\t<\/h2>\n\t\t<\/a><\/li>\n<li class=\"product-category product last\">\n\t<a aria-label=\"Posjetite kategoriju proizvoda Orbitalni motori serija TL\" href=\"https:\/\/www.ramamotori.it\/hr\/kategorija-proizvoda\/parker-svi-proizvodi\/orbitalni-motori-serija-tl\/\"><img loading=\"lazy\" decoding=\"async\" src=\"https:\/\/www.ramamotori.it\/wp-content\/uploads\/2024\/03\/prodotti-parker-serie-TL-1-300x300.jpg\" alt=\"Orbitalni motori serija TL\" width=\"300\" height=\"300\" srcset=\"https:\/\/www.ramamotori.it\/wp-content\/uploads\/2024\/03\/prodotti-parker-serie-TL-1-300x300.jpg 300w, https:\/\/www.ramamotori.it\/wp-content\/uploads\/2024\/03\/prodotti-parker-serie-TL-1-150x150.jpg 150w, https:\/\/www.ramamotori.it\/wp-content\/uploads\/2024\/03\/prodotti-parker-serie-TL-1-100x100.jpg 100w, https:\/\/www.ramamotori.it\/wp-content\/uploads\/2024\/03\/prodotti-parker-serie-TL-1.jpg 600w\" sizes=\"auto, (max-width: 300px) 100vw, 300px\" \/>\t\t<h2 class=\"woocommerce-loop-category__title\">\n\t\t\tOrbitalni motori serija TL <mark class=\"count\">(7)<\/mark>\t\t<\/h2>\n\t\t<\/a><\/li>\n<\/ul>\n<\/div>[vc_empty_space height=&#8221;60px&#8221;][\/vc_column][\/vc_row]<\/p>\n<\/div>","protected":false},"excerpt":{"rendered":"<p>[vc_row section_type=&#8221;fullwidth&#8221; bg_type=&#8221;image&#8221; header_feature=&#8221;yes&#8221; equal_column_height=&#8221;middle-content&#8221; margin_bottom=&#8221;0&#8243; section_id=&#8221;cover&#8221; padding_top=&#8221;0&#8243; padding_bottom=&#8221;0&#8243;][vc_column width=&#8221;1\/2&#8243; css=&#8221;.vc_custom_1708380491231{padding-left: 5% !important;}&#8221;][vc_empty_space height=&#8221;30px&#8221;][vc_column_text][\/vc_column_text][vc_column_text] Motori za hidrauliku Parker [\/vc_column_text][vc_empty_space][\/vc_column][vc_column width=&#8221;1\/2&#8243;][\/vc_column][\/vc_row][vc_row bg_type=&#8221;color&#8221; bg_color=&#8221;#f4f3f3&#8243; padding_top=&#8221;5%&#8221; margin_bottom=&#8221;0&#8243;][vc_column width=&#8221;1\/2&#8243;][vc_column_text]Parker je svjetski lider u tehnologijama &#8216;MotionControl&#8217; i nudi maksimalno precizna rje\u0161enja projektirana za \u0161irok raspon primjena na tr\u017ei\u0161tima mobilnog, industrijskog i zrakoplovnog sektora.[\/vc_column_text][vc_empty_space][vc_empty_space][\/vc_column][vc_column width=&#8221;1\/2&#8243;][vc_empty_space][\/vc_column][\/vc_row][vc_row bg_type=&#8221;color&#8221; bg_color=&#8221;#f4f3f3&#8243; padding_bottom=&#8221;5%&#8221;][vc_column width=&#8221;1\/2&#8243;][\/vc_column][vc_column width=&#8221;1\/2&#8243;][\/vc_column][\/vc_row][vc_row][vc_column][vc_column_text] Proizvodi [&hellip;]<\/p>\n","protected":false},"author":1,"featured_media":8744,"parent":0,"menu_order":0,"comment_status":"closed","ping_status":"closed","template":"","meta":{"footnotes":"","_links_to":"","_links_to_target":""},"folder":[1121],"class_list":["post-8743","page","type-page","status-publish","has-post-thumbnail","hentry"],"yoast_head":"<!-- This site is optimized with the Yoast SEO plugin v27.5 - https:\/\/yoast.com\/product\/yoast-seo-wordpress\/ -->\n<title>Parker - Rama Motori<\/title>\n<meta name=\"description\" content=\"Parker je svjetski lider u tehnologijama &#039;MotionControl&#039; i nudi maksimalno precizna rje\u0161enja projektirana za \u0161irok raspon primjena na tr\u017ei\u0161tima mobilnog, industrijskog i zrakoplovnog sektora.Motori za hidrauliku Parker orbitalni.\" \/>\n<meta name=\"robots\" content=\"index, follow, max-snippet:-1, max-image-preview:large, max-video-preview:-1\" \/>\n<link rel=\"canonical\" href=\"https:\/\/www.ramamotori.it\/hr\/parker\/\" \/>\n<meta property=\"og:locale\" content=\"hr_HR\" \/>\n<meta property=\"og:type\" content=\"article\" \/>\n<meta property=\"og:title\" content=\"Parker - Rama Motori\" \/>\n<meta property=\"og:description\" content=\"Parker je svjetski lider u tehnologijama &#039;MotionControl&#039; i nudi maksimalno precizna rje\u0161enja projektirana za \u0161irok raspon primjena na tr\u017ei\u0161tima mobilnog, industrijskog i zrakoplovnog sektora.Motori za hidrauliku Parker orbitalni.\" \/>\n<meta property=\"og:url\" content=\"https:\/\/www.ramamotori.it\/hr\/parker\/\" \/>\n<meta property=\"og:site_name\" content=\"Rama Motori\" \/>\n<meta property=\"article:publisher\" content=\"https:\/\/www.facebook.com\/ramamotori\/\" \/>\n<meta property=\"article:modified_time\" content=\"2024-09-24T11:15:16+00:00\" \/>\n<meta property=\"og:image\" content=\"https:\/\/www.ramamotori.it\/wp-content\/uploads\/2024\/03\/parker.jpg\" \/>\n\t<meta property=\"og:image:width\" content=\"344\" \/>\n\t<meta property=\"og:image:height\" content=\"344\" \/>\n\t<meta property=\"og:image:type\" content=\"image\/jpeg\" \/>\n<meta name=\"twitter:card\" content=\"summary_large_image\" \/>\n<meta name=\"twitter:label1\" content=\"Procijenjeno vrijeme \u010ditanja\" \/>\n\t<meta name=\"twitter:data1\" content=\"1 minuta\" \/>\n<script type=\"application\/ld+json\" class=\"yoast-schema-graph\">{\"@context\":\"https:\\\/\\\/schema.org\",\"@graph\":[{\"@type\":\"WebPage\",\"@id\":\"https:\\\/\\\/www.ramamotori.it\\\/hr\\\/parker\\\/\",\"url\":\"https:\\\/\\\/www.ramamotori.it\\\/hr\\\/parker\\\/\",\"name\":\"Parker - Rama Motori\",\"isPartOf\":{\"@id\":\"https:\\\/\\\/www.ramamotori.it\\\/hr\\\/#website\"},\"primaryImageOfPage\":{\"@id\":\"https:\\\/\\\/www.ramamotori.it\\\/hr\\\/parker\\\/#primaryimage\"},\"image\":{\"@id\":\"https:\\\/\\\/www.ramamotori.it\\\/hr\\\/parker\\\/#primaryimage\"},\"thumbnailUrl\":\"https:\\\/\\\/www.ramamotori.it\\\/wp-content\\\/uploads\\\/2024\\\/03\\\/parker.jpg\",\"datePublished\":\"2024-05-20T07:54:56+00:00\",\"dateModified\":\"2024-09-24T11:15:16+00:00\",\"description\":\"Parker je svjetski lider u tehnologijama 'MotionControl' i nudi maksimalno precizna rje\u0161enja projektirana za \u0161irok raspon primjena na tr\u017ei\u0161tima mobilnog, industrijskog i zrakoplovnog sektora.Motori za hidrauliku Parker orbitalni.\",\"breadcrumb\":{\"@id\":\"https:\\\/\\\/www.ramamotori.it\\\/hr\\\/parker\\\/#breadcrumb\"},\"inLanguage\":\"hr\",\"potentialAction\":[{\"@type\":\"ReadAction\",\"target\":[\"https:\\\/\\\/www.ramamotori.it\\\/hr\\\/parker\\\/\"]}]},{\"@type\":\"ImageObject\",\"inLanguage\":\"hr\",\"@id\":\"https:\\\/\\\/www.ramamotori.it\\\/hr\\\/parker\\\/#primaryimage\",\"url\":\"https:\\\/\\\/www.ramamotori.it\\\/wp-content\\\/uploads\\\/2024\\\/03\\\/parker.jpg\",\"contentUrl\":\"https:\\\/\\\/www.ramamotori.it\\\/wp-content\\\/uploads\\\/2024\\\/03\\\/parker.jpg\",\"width\":344,\"height\":344},{\"@type\":\"BreadcrumbList\",\"@id\":\"https:\\\/\\\/www.ramamotori.it\\\/hr\\\/parker\\\/#breadcrumb\",\"itemListElement\":[{\"@type\":\"ListItem\",\"position\":1,\"name\":\"Home\",\"item\":\"https:\\\/\\\/www.ramamotori.it\\\/hr\\\/\"},{\"@type\":\"ListItem\",\"position\":2,\"name\":\"Parker\"}]},{\"@type\":\"WebSite\",\"@id\":\"https:\\\/\\\/www.ramamotori.it\\\/hr\\\/#website\",\"url\":\"https:\\\/\\\/www.ramamotori.it\\\/hr\\\/\",\"name\":\"Rama Motori\",\"description\":\"\",\"publisher\":{\"@id\":\"https:\\\/\\\/www.ramamotori.it\\\/hr\\\/#organization\"},\"potentialAction\":[{\"@type\":\"SearchAction\",\"target\":{\"@type\":\"EntryPoint\",\"urlTemplate\":\"https:\\\/\\\/www.ramamotori.it\\\/hr\\\/?s={search_term_string}\"},\"query-input\":{\"@type\":\"PropertyValueSpecification\",\"valueRequired\":true,\"valueName\":\"search_term_string\"}}],\"inLanguage\":\"hr\"},{\"@type\":\"Organization\",\"@id\":\"https:\\\/\\\/www.ramamotori.it\\\/hr\\\/#organization\",\"name\":\"Rama Motori\",\"url\":\"https:\\\/\\\/www.ramamotori.it\\\/hr\\\/\",\"logo\":{\"@type\":\"ImageObject\",\"inLanguage\":\"hr\",\"@id\":\"https:\\\/\\\/www.ramamotori.it\\\/hr\\\/#\\\/schema\\\/logo\\\/image\\\/\",\"url\":\"https:\\\/\\\/www.ramamotori.it\\\/wp-content\\\/uploads\\\/2024\\\/02\\\/rama-motori-logo-margin.png\",\"contentUrl\":\"https:\\\/\\\/www.ramamotori.it\\\/wp-content\\\/uploads\\\/2024\\\/02\\\/rama-motori-logo-margin.png\",\"width\":640,\"height\":240,\"caption\":\"Rama Motori\"},\"image\":{\"@id\":\"https:\\\/\\\/www.ramamotori.it\\\/hr\\\/#\\\/schema\\\/logo\\\/image\\\/\"},\"sameAs\":[\"https:\\\/\\\/www.facebook.com\\\/ramamotori\\\/\",\"https:\\\/\\\/www.linkedin.com\\\/company\\\/rama-motori\\\/\"]}]}<\/script>\n<!-- \/ Yoast SEO plugin. -->","yoast_head_json":{"title":"Parker - Rama Motori","description":"Parker je svjetski lider u tehnologijama 'MotionControl' i nudi maksimalno precizna rje\u0161enja projektirana za \u0161irok raspon primjena na tr\u017ei\u0161tima mobilnog, industrijskog i zrakoplovnog sektora.Motori za hidrauliku Parker orbitalni.","robots":{"index":"index","follow":"follow","max-snippet":"max-snippet:-1","max-image-preview":"max-image-preview:large","max-video-preview":"max-video-preview:-1"},"canonical":"https:\/\/www.ramamotori.it\/hr\/parker\/","og_locale":"hr_HR","og_type":"article","og_title":"Parker - Rama Motori","og_description":"Parker je svjetski lider u tehnologijama 'MotionControl' i nudi maksimalno precizna rje\u0161enja projektirana za \u0161irok raspon primjena na tr\u017ei\u0161tima mobilnog, industrijskog i zrakoplovnog sektora.Motori za hidrauliku Parker orbitalni.","og_url":"https:\/\/www.ramamotori.it\/hr\/parker\/","og_site_name":"Rama Motori","article_publisher":"https:\/\/www.facebook.com\/ramamotori\/","article_modified_time":"2024-09-24T11:15:16+00:00","og_image":[{"width":344,"height":344,"url":"https:\/\/www.ramamotori.it\/wp-content\/uploads\/2024\/03\/parker.jpg","type":"image\/jpeg"}],"twitter_card":"summary_large_image","twitter_misc":{"Procijenjeno vrijeme \u010ditanja":"1 minuta"},"schema":{"@context":"https:\/\/schema.org","@graph":[{"@type":"WebPage","@id":"https:\/\/www.ramamotori.it\/hr\/parker\/","url":"https:\/\/www.ramamotori.it\/hr\/parker\/","name":"Parker - Rama Motori","isPartOf":{"@id":"https:\/\/www.ramamotori.it\/hr\/#website"},"primaryImageOfPage":{"@id":"https:\/\/www.ramamotori.it\/hr\/parker\/#primaryimage"},"image":{"@id":"https:\/\/www.ramamotori.it\/hr\/parker\/#primaryimage"},"thumbnailUrl":"https:\/\/www.ramamotori.it\/wp-content\/uploads\/2024\/03\/parker.jpg","datePublished":"2024-05-20T07:54:56+00:00","dateModified":"2024-09-24T11:15:16+00:00","description":"Parker je svjetski lider u tehnologijama 'MotionControl' i nudi maksimalno precizna rje\u0161enja projektirana za \u0161irok raspon primjena na tr\u017ei\u0161tima mobilnog, industrijskog i zrakoplovnog sektora.Motori za hidrauliku Parker orbitalni.","breadcrumb":{"@id":"https:\/\/www.ramamotori.it\/hr\/parker\/#breadcrumb"},"inLanguage":"hr","potentialAction":[{"@type":"ReadAction","target":["https:\/\/www.ramamotori.it\/hr\/parker\/"]}]},{"@type":"ImageObject","inLanguage":"hr","@id":"https:\/\/www.ramamotori.it\/hr\/parker\/#primaryimage","url":"https:\/\/www.ramamotori.it\/wp-content\/uploads\/2024\/03\/parker.jpg","contentUrl":"https:\/\/www.ramamotori.it\/wp-content\/uploads\/2024\/03\/parker.jpg","width":344,"height":344},{"@type":"BreadcrumbList","@id":"https:\/\/www.ramamotori.it\/hr\/parker\/#breadcrumb","itemListElement":[{"@type":"ListItem","position":1,"name":"Home","item":"https:\/\/www.ramamotori.it\/hr\/"},{"@type":"ListItem","position":2,"name":"Parker"}]},{"@type":"WebSite","@id":"https:\/\/www.ramamotori.it\/hr\/#website","url":"https:\/\/www.ramamotori.it\/hr\/","name":"Rama Motori","description":"","publisher":{"@id":"https:\/\/www.ramamotori.it\/hr\/#organization"},"potentialAction":[{"@type":"SearchAction","target":{"@type":"EntryPoint","urlTemplate":"https:\/\/www.ramamotori.it\/hr\/?s={search_term_string}"},"query-input":{"@type":"PropertyValueSpecification","valueRequired":true,"valueName":"search_term_string"}}],"inLanguage":"hr"},{"@type":"Organization","@id":"https:\/\/www.ramamotori.it\/hr\/#organization","name":"Rama Motori","url":"https:\/\/www.ramamotori.it\/hr\/","logo":{"@type":"ImageObject","inLanguage":"hr","@id":"https:\/\/www.ramamotori.it\/hr\/#\/schema\/logo\/image\/","url":"https:\/\/www.ramamotori.it\/wp-content\/uploads\/2024\/02\/rama-motori-logo-margin.png","contentUrl":"https:\/\/www.ramamotori.it\/wp-content\/uploads\/2024\/02\/rama-motori-logo-margin.png","width":640,"height":240,"caption":"Rama Motori"},"image":{"@id":"https:\/\/www.ramamotori.it\/hr\/#\/schema\/logo\/image\/"},"sameAs":["https:\/\/www.facebook.com\/ramamotori\/","https:\/\/www.linkedin.com\/company\/rama-motori\/"]}]}},"_links":{"self":[{"href":"https:\/\/www.ramamotori.it\/hr\/wp-json\/wp\/v2\/pages\/8743","targetHints":{"allow":["GET"]}}],"collection":[{"href":"https:\/\/www.ramamotori.it\/hr\/wp-json\/wp\/v2\/pages"}],"about":[{"href":"https:\/\/www.ramamotori.it\/hr\/wp-json\/wp\/v2\/types\/page"}],"author":[{"embeddable":true,"href":"https:\/\/www.ramamotori.it\/hr\/wp-json\/wp\/v2\/users\/1"}],"replies":[{"embeddable":true,"href":"https:\/\/www.ramamotori.it\/hr\/wp-json\/wp\/v2\/comments?post=8743"}],"version-history":[{"count":7,"href":"https:\/\/www.ramamotori.it\/hr\/wp-json\/wp\/v2\/pages\/8743\/revisions"}],"predecessor-version":[{"id":8843,"href":"https:\/\/www.ramamotori.it\/hr\/wp-json\/wp\/v2\/pages\/8743\/revisions\/8843"}],"wp:featuredmedia":[{"embeddable":true,"href":"https:\/\/www.ramamotori.it\/hr\/wp-json\/wp\/v2\/media\/8744"}],"wp:attachment":[{"href":"https:\/\/www.ramamotori.it\/hr\/wp-json\/wp\/v2\/media?parent=8743"}],"wp:term":[{"taxonomy":"folder","embeddable":true,"href":"https:\/\/www.ramamotori.it\/hr\/wp-json\/wp\/v2\/folder?post=8743"}],"curies":[{"name":"wp","href":"https:\/\/api.w.org\/{rel}","templated":true}]}}